{"id":23657,"date":"2025-07-01T10:23:52","date_gmt":"2025-07-01T13:23:52","guid":{"rendered":"https:\/\/hificlub.com.br\/loja\/?post_type=product&#038;p=23657"},"modified":"2025-07-01T10:24:42","modified_gmt":"2025-07-01T13:24:42","slug":"kimber-cadence-ultraplate-cabo-rca-subwoofer-mono-5m","status":"publish","type":"product","link":"https:\/\/hificlub.com.br\/loja\/produto\/kimber-cadence-ultraplate-cabo-rca-subwoofer-mono-5m\/","title":{"rendered":"KIMBER CADENCE ULTRAPLATE &#8211; Cabo RCA Subwoofer Mono &#8211; 5m"},"content":{"rendered":"<p>Subwoofers e sistemas de som de alto desempenho exigem reprodu\u00e7\u00e3o de baixas frequ\u00eancias livre de zumbidos, est\u00e1tica e outros problemas. O Cadence oferece graves profundos e precisos em um formato flex\u00edvel e favor\u00e1vel. A resposta transiente \u00e9 r\u00e1pida e articulada, mas com musicalidade realista. Por defini\u00e7\u00e3o, uma cad\u00eancia \u00e9 qualquer ponto em uma pe\u00e7a musical que transmita a sensa\u00e7\u00e3o de um ponto final. O Kimber Cable Cadence \u00e9 o \u00faltimo cabo de subwoofer que voc\u00ea precisa comprar.<\/p>\n<p>&nbsp;<\/p>\n","protected":false},"excerpt":{"rendered":"<p>Subwoofers e sistemas de som de alto desempenho exigem reprodu\u00e7\u00e3o de baixas frequ\u00eancias livre de zumbidos, est\u00e1tica e outros problemas. O Cadence oferece graves profundos e precisos em um formato flex\u00edvel e favor\u00e1vel. A resposta transiente \u00e9 r\u00e1pida e articulada, mas com musicalidade realista. Por defini\u00e7\u00e3o, uma cad\u00eancia \u00e9 qualquer ponto em uma pe\u00e7a musical [&hellip;]<\/p>\n","protected":false},"featured_media":23659,"template":"","meta":{"_acf_changed":false},"product_brand":[],"product_cat":[61,71,64],"product_tag":[],"class_list":{"0":"post-23657","1":"product","2":"type-product","3":"status-publish","4":"has-post-thumbnail","6":"product_cat-cabos","7":"product_cat-interconnect-rca","8":"product_cat-kimber","10":"first","11":"instock","12":"sold-individually","13":"shipping-taxable","14":"purchasable","15":"product-type-simple"},"acf":[],"aioseo_notices":[],"_links":{"self":[{"href":"https:\/\/hificlub.com.br\/loja\/wp-json\/wp\/v2\/product\/23657","targetHints":{"allow":["GET"]}}],"collection":[{"href":"https:\/\/hificlub.com.br\/loja\/wp-json\/wp\/v2\/product"}],"about":[{"href":"https:\/\/hificlub.com.br\/loja\/wp-json\/wp\/v2\/types\/product"}],"wp:featuredmedia":[{"embeddable":true,"href":"https:\/\/hificlub.com.br\/loja\/wp-json\/wp\/v2\/media\/23659"}],"wp:attachment":[{"href":"https:\/\/hificlub.com.br\/loja\/wp-json\/wp\/v2\/media?parent=23657"}],"wp:term":[{"taxonomy":"product_brand","embeddable":true,"href":"https:\/\/hificlub.com.br\/loja\/wp-json\/wp\/v2\/product_brand?post=23657"},{"taxonomy":"product_cat","embeddable":true,"href":"https:\/\/hificlub.com.br\/loja\/wp-json\/wp\/v2\/product_cat?post=23657"},{"taxonomy":"product_tag","embeddable":true,"href":"https:\/\/hificlub.com.br\/loja\/wp-json\/wp\/v2\/product_tag?post=23657"}],"curies":[{"name":"wp","href":"https:\/\/api.w.org\/{rel}","templated":true}]}}