{"id":23633,"date":"2025-06-30T11:56:09","date_gmt":"2025-06-30T14:56:09","guid":{"rendered":"https:\/\/hificlub.com.br\/loja\/?post_type=product&#038;p=23633"},"modified":"2026-03-03T22:15:53","modified_gmt":"2026-03-04T01:15:53","slug":"elipson-planeta-m-caixa-bookshelf-par","status":"publish","type":"product","link":"https:\/\/hificlub.com.br\/loja\/produto\/elipson-planeta-m-caixa-bookshelf-par\/","title":{"rendered":"ELIPSON Planeta M &#8211; Caixa Bookshelf (par)"},"content":{"rendered":"<p>Compacto, elegante e inegavelmente audi\u00f3filo, o Elipson Planet M incorpora todo o know-how da Elipson.<\/p>\n<p>As caixas ac\u00fasticas Elipson Planet M possuem um driver de caixa fechada de 4&#8243; de di\u00e2metro, oferecendo \u00f3tima qualidade sonora gra\u00e7as ao seu design esf\u00e9rico que elimina as resson\u00e2ncias da caixa. Em vez de for\u00e7ar esses pequenos drivers a produzir frequ\u00eancias baixas, seu design se concentra na reprodu\u00e7\u00e3o de graves agudos de at\u00e9 90 Hz. Para uma reprodu\u00e7\u00e3o sonora completa, \u00e9 altamente recomend\u00e1vel o uso de um subwoofer, como o Elipson Planet Sub , desenvolvido especificamente para essa finalidade.<\/p>\n<p>A estrutura coaxial e o tweeter com c\u00fapula de tecido proporcionam uma qualidade sonora precisa e envolvente, com timbres neutros e sedosos. O design elegante da caixa ac\u00fastica \u00e9 real\u00e7ado por um acabamento laqueado e grade met\u00e1lica, e pode ser real\u00e7ado com suportes de parede , de teto ou suportes dedicados opcionais.<\/p>\n<p>Para uma instala\u00e7\u00e3o mais discreta e voltada para o design, os alto-falantes Planet M podem ser integrados ao teto usando o suporte de teto opcional, ideal para uma configura\u00e7\u00e3o de home theater 7.1 ou 9.1 com alto-falantes surround altos laterais ou traseiros.<\/p>\n<p><strong>Cores<\/strong>:<\/p>\n<ul>\n<li>Lacado Vermelho<\/li>\n<li>Lacado Preto<\/li>\n<li>Preto Fosco<\/li>\n<li>Branco<\/li>\n<li>Gelo Merc\u00fario<\/li>\n<li>Pedra de Netuno<\/li>\n<li>Poeira de Saturno<\/li>\n<li>Ouro<\/li>\n<\/ul>\n<p>&nbsp;<\/p>\n<p>&nbsp;<\/p>\n","protected":false},"excerpt":{"rendered":"<p>Compacto, elegante e inegavelmente audi\u00f3filo, o Elipson Planet M incorpora todo o know-how da Elipson. As caixas ac\u00fasticas Elipson Planet M possuem um driver de caixa fechada de 4&#8243; de di\u00e2metro, oferecendo \u00f3tima qualidade sonora gra\u00e7as ao seu design esf\u00e9rico que elimina as resson\u00e2ncias da caixa. Em vez de for\u00e7ar esses pequenos drivers a produzir [&hellip;]<\/p>\n","protected":false},"featured_media":23639,"template":"","meta":{"_acf_changed":false},"product_brand":[],"product_cat":[25,17,214],"product_tag":[],"class_list":{"0":"post-23633","1":"product","2":"type-product","3":"status-publish","4":"has-post-thumbnail","6":"product_cat-bookshelf","7":"product_cat-caixas","8":"product_cat-elipson","10":"first","11":"instock","12":"sold-individually","13":"shipping-taxable","14":"purchasable","15":"product-type-simple"},"acf":[],"aioseo_notices":[],"_links":{"self":[{"href":"https:\/\/hificlub.com.br\/loja\/wp-json\/wp\/v2\/product\/23633","targetHints":{"allow":["GET"]}}],"collection":[{"href":"https:\/\/hificlub.com.br\/loja\/wp-json\/wp\/v2\/product"}],"about":[{"href":"https:\/\/hificlub.com.br\/loja\/wp-json\/wp\/v2\/types\/product"}],"wp:featuredmedia":[{"embeddable":true,"href":"https:\/\/hificlub.com.br\/loja\/wp-json\/wp\/v2\/media\/23639"}],"wp:attachment":[{"href":"https:\/\/hificlub.com.br\/loja\/wp-json\/wp\/v2\/media?parent=23633"}],"wp:term":[{"taxonomy":"product_brand","embeddable":true,"href":"https:\/\/hificlub.com.br\/loja\/wp-json\/wp\/v2\/product_brand?post=23633"},{"taxonomy":"product_cat","embeddable":true,"href":"https:\/\/hificlub.com.br\/loja\/wp-json\/wp\/v2\/product_cat?post=23633"},{"taxonomy":"product_tag","embeddable":true,"href":"https:\/\/hificlub.com.br\/loja\/wp-json\/wp\/v2\/product_tag?post=23633"}],"curies":[{"name":"wp","href":"https:\/\/api.w.org\/{rel}","templated":true}]}}