{"id":23627,"date":"2025-06-30T10:53:06","date_gmt":"2025-06-30T13:53:06","guid":{"rendered":"https:\/\/hificlub.com.br\/loja\/?post_type=product&#038;p=23627"},"modified":"2025-07-02T07:06:20","modified_gmt":"2025-07-02T10:06:20","slug":"marantz-pm8500-amplificador-integrado","status":"publish","type":"product","link":"https:\/\/hificlub.com.br\/loja\/produto\/marantz-pm8500-amplificador-integrado\/","title":{"rendered":"MARANTZ PM8005 &#8211; Amplificador Integrado com MM Phono 70 watts"},"content":{"rendered":"<h4>O doce som do est\u00e9reo<\/h4>\n<p>O som surround pode ser muito divertido. Mas, quando se trata de m\u00fasica, nada supera a pureza do som est\u00e9reo suntuoso. O amplificador integrado Marantz PM8005 \u00e9 especializado em reproduzir m\u00fasica com precis\u00e3o, com imagem est\u00e9reo realista e muita pot\u00eancia limpa. O transformador de pot\u00eancia toroidal aprimorado \u00e9 ainda mais h\u00e1bil do que a vers\u00e3o anterior para lidar com picos din\u00e2micos exigentes na m\u00fasica. Com uma pot\u00eancia nominal de 70 watts por canal, acionando cargas de 8 ohms, este amplificador foi projetado para acionar at\u00e9 mesmo caixas ac\u00fasticas de 4 ohms, que consomem muita energia, a volumes que preenchem o ambiente, enquanto lida com seguran\u00e7a com os altos e baixos da sua m\u00fasica.<\/p>\n<h4>Controles de tom derrot\u00e1veis \u200b\u200be op\u00e7\u00f5es de sistema expans\u00edveis<\/h4>\n<p>Ajuste o som perfeito usando os controles de tom do painel frontal do PM8005 para agudos, graves e m\u00e9dios. Ou ative o modo Source Direct para ignorar esses controles e obter um som mais limpo com uma rela\u00e7\u00e3o sinal-ru\u00eddo impressionantemente alta. Se preferir manter suas op\u00e7\u00f5es de upgrade em aberto, existem sa\u00eddas de pr\u00e9-amplificador para conex\u00e3o a um amplificador de pot\u00eancia externo para alimentar ainda mais suas caixas de som. Ou, se desejar aumentar a corrente fornecida \u00e0s caixas de som frontais da sua configura\u00e7\u00e3o de som surround, voc\u00ea pode conectar as sa\u00eddas principais do pr\u00e9-amplificador do seu receptor de home theater \u00e0s entradas diretas est\u00e9reo do PM8005. Isso permite que voc\u00ea desfrute de um som surround envolvente para filmes e programas de TV sem sacrificar a pot\u00eancia e o timbre ao ouvir m\u00fasica est\u00e9reo.<\/p>\n<h4>Pronto para at\u00e9 seis componentes de origem<\/h4>\n<p>O PM8005 oferece seis entradas RCA, incluindo uma conex\u00e3o phono com \u00edm\u00e3 m\u00f3vel. Isso lhe d\u00e1 ampla capacidade para conectar diversas fontes, de toca-discos a toca-discos e caixas de streaming em rede por meio de seu conversor digital-anal\u00f3gico externo. A qualidade de constru\u00e7\u00e3o \u00e9 exatamente o que voc\u00ea esperaria da Marantz: s\u00f3lida como uma rocha, com uma placa inferior de tr\u00eas camadas para minimizar a distor\u00e7\u00e3o induzida por vibra\u00e7\u00e3o. \u00c9 uma base s\u00f3lida sobre a qual voc\u00ea pode construir um sistema de reprodu\u00e7\u00e3o est\u00e9reo glorioso para aproveitar ainda mais sua m\u00fasica.<\/p>\n","protected":false},"excerpt":{"rendered":"<p>O doce som do est\u00e9reo O som surround pode ser muito divertido. Mas, quando se trata de m\u00fasica, nada supera a pureza do som est\u00e9reo suntuoso. O amplificador integrado Marantz PM8005 \u00e9 especializado em reproduzir m\u00fasica com precis\u00e3o, com imagem est\u00e9reo realista e muita pot\u00eancia limpa. O transformador de pot\u00eancia toroidal aprimorado \u00e9 ainda mais [&hellip;]<\/p>\n","protected":false},"featured_media":23709,"template":"","meta":{"_acf_changed":false},"product_brand":[],"product_cat":[27,51,92],"product_tag":[],"class_list":{"0":"post-23627","1":"product","2":"type-product","3":"status-publish","4":"has-post-thumbnail","6":"product_cat-amplificador","7":"product_cat-integrado","8":"product_cat-marantz","10":"first","11":"instock","12":"sold-individually","13":"shipping-taxable","14":"purchasable","15":"product-type-simple"},"acf":[],"aioseo_notices":[],"_links":{"self":[{"href":"https:\/\/hificlub.com.br\/loja\/wp-json\/wp\/v2\/product\/23627","targetHints":{"allow":["GET"]}}],"collection":[{"href":"https:\/\/hificlub.com.br\/loja\/wp-json\/wp\/v2\/product"}],"about":[{"href":"https:\/\/hificlub.com.br\/loja\/wp-json\/wp\/v2\/types\/product"}],"wp:featuredmedia":[{"embeddable":true,"href":"https:\/\/hificlub.com.br\/loja\/wp-json\/wp\/v2\/media\/23709"}],"wp:attachment":[{"href":"https:\/\/hificlub.com.br\/loja\/wp-json\/wp\/v2\/media?parent=23627"}],"wp:term":[{"taxonomy":"product_brand","embeddable":true,"href":"https:\/\/hificlub.com.br\/loja\/wp-json\/wp\/v2\/product_brand?post=23627"},{"taxonomy":"product_cat","embeddable":true,"href":"https:\/\/hificlub.com.br\/loja\/wp-json\/wp\/v2\/product_cat?post=23627"},{"taxonomy":"product_tag","embeddable":true,"href":"https:\/\/hificlub.com.br\/loja\/wp-json\/wp\/v2\/product_tag?post=23627"}],"curies":[{"name":"wp","href":"https:\/\/api.w.org\/{rel}","templated":true}]}}