{"id":23613,"date":"2025-06-30T10:22:29","date_gmt":"2025-06-30T13:22:29","guid":{"rendered":"https:\/\/hificlub.com.br\/loja\/?post_type=product&#038;p=23613"},"modified":"2026-03-03T22:17:34","modified_gmt":"2026-03-04T01:17:34","slug":"sonus-faber-soneto-ii-caixa-bookshelf","status":"publish","type":"product","link":"https:\/\/hificlub.com.br\/loja\/produto\/sonus-faber-soneto-ii-caixa-bookshelf\/","title":{"rendered":"SONUS FABER SONETTO II &#8211; Caixa Bookshelf"},"content":{"rendered":"<p>A marca Sonus Faber conta uma hist\u00f3ria. Por meio do som e dos materiais das cria\u00e7\u00f5es da Sonus Faber, transmitimos nossos valores e comunicamos nossas cren\u00e7as. Cada produto Sonus Faber, seja passado, presente ou futuro, \u00e9 capaz de levar o ouvinte a um mundo de longa tradi\u00e7\u00e3o, cultura italiana e artesanato. Somos t\u00e9cnicos criativos, inventores de solu\u00e7\u00f5es de design de ponta. Cada detalhe \u00e9 planejado com tanto cuidado que nossos produtos se tornam obras de arte eternas.<\/p>\n<p>A estante inteligente&#8230; t\u00e3o pequena quanto robusta. Projetada para ser uma caixa de som de estante a servi\u00e7o da m\u00fasica, capaz de envolver o ouvinte com discri\u00e7\u00e3o e eleg\u00e2ncia.<\/p>\n<p>A Sonus Faber sempre se inspirou na mais alta cultura italiana. Desta vez, confiamos \u00e0 hist\u00f3ria da nossa Literatura para representar a nova Cole\u00e7\u00e3o Sonetto.<br \/>\nO Sonetto (Soneto) \u00e9 a estrutura po\u00e9tica italiana mais antiga. Originalmente, significava &#8220;Som, Melodia&#8220; e era tradicionalmente usado para acompanhar apresenta\u00e7\u00f5es musicais. O primeiro passo no mundo da Sonus Faber traz o nome dos fundamentos da hist\u00f3ria da Literatura na It\u00e1lia e no resto do mundo.<\/p>\n<p>Gra\u00e7as \u00e0s solu\u00e7\u00f5es de design mais avan\u00e7adas e, em particular, \u00e0 nova porta reflex implementada na base da caixa de som de forma \u00fanica, a Sonetto I \u00e9 uma estante compacta e de desempenho excepcional, ideal para salas de audi\u00e7\u00e3o de m\u00e9dio porte, projetada para uso em uma estante ou suporte.<\/p>\n<p><strong>Aten\u00e7\u00e3o<\/strong>: Os pedestais das caixas n\u00e3o est\u00e3o inclusos. Os pedestais s\u00e3o opcionais.<\/p>\n<p>&nbsp;<\/p>\n<p><a href=\"https:\/\/www.hifichoice.com\/content\/sonus-faber-sonetto-ii\" target=\"_blank\" rel=\"noopener\"><img loading=\"lazy\" decoding=\"async\" class=\"alignnone wp-image-23068 size-full\" src=\"https:\/\/hificlub.com.br\/loja\/wp-content\/uploads\/2025\/06\/Hifi-Choice-award.jpg\" alt=\"\" width=\"353\" height=\"75\" srcset=\"https:\/\/hificlub.com.br\/loja\/wp-content\/uploads\/2025\/06\/Hifi-Choice-award.jpg 353w, https:\/\/hificlub.com.br\/loja\/wp-content\/uploads\/2025\/06\/Hifi-Choice-award-300x64.jpg 300w\" sizes=\"auto, (max-width: 353px) 100vw, 353px\" \/>\u00a0\u00a0\u00a0\u00a0 <\/a><a href=\"https:\/\/pt.audio\/2018\/12\/30\/sonus-faber-sonetto-ii-speakers-review\/\" target=\"_blank\" rel=\"noopener\"><img loading=\"lazy\" decoding=\"async\" class=\"alignnone wp-image-23614 \" src=\"https:\/\/hificlub.com.br\/loja\/wp-content\/uploads\/2025\/06\/Ptaudio-award.jpg\" alt=\"\" width=\"290\" height=\"71\" \/><\/a><\/p>\n","protected":false},"excerpt":{"rendered":"<p>A marca Sonus Faber conta uma hist\u00f3ria. Por meio do som e dos materiais das cria\u00e7\u00f5es da Sonus Faber, transmitimos nossos valores e comunicamos nossas cren\u00e7as. Cada produto Sonus Faber, seja passado, presente ou futuro, \u00e9 capaz de levar o ouvinte a um mundo de longa tradi\u00e7\u00e3o, cultura italiana e artesanato. Somos t\u00e9cnicos criativos, inventores [&hellip;]<\/p>\n","protected":false},"featured_media":23699,"template":"","meta":{"_acf_changed":false},"product_brand":[],"product_cat":[25,17,110],"product_tag":[],"class_list":{"0":"post-23613","1":"product","2":"type-product","3":"status-publish","4":"has-post-thumbnail","6":"product_cat-bookshelf","7":"product_cat-caixas","8":"product_cat-sonus-faber","10":"first","11":"instock","12":"sold-individually","13":"shipping-taxable","14":"purchasable","15":"product-type-simple"},"acf":[],"aioseo_notices":[],"_links":{"self":[{"href":"https:\/\/hificlub.com.br\/loja\/wp-json\/wp\/v2\/product\/23613","targetHints":{"allow":["GET"]}}],"collection":[{"href":"https:\/\/hificlub.com.br\/loja\/wp-json\/wp\/v2\/product"}],"about":[{"href":"https:\/\/hificlub.com.br\/loja\/wp-json\/wp\/v2\/types\/product"}],"wp:featuredmedia":[{"embeddable":true,"href":"https:\/\/hificlub.com.br\/loja\/wp-json\/wp\/v2\/media\/23699"}],"wp:attachment":[{"href":"https:\/\/hificlub.com.br\/loja\/wp-json\/wp\/v2\/media?parent=23613"}],"wp:term":[{"taxonomy":"product_brand","embeddable":true,"href":"https:\/\/hificlub.com.br\/loja\/wp-json\/wp\/v2\/product_brand?post=23613"},{"taxonomy":"product_cat","embeddable":true,"href":"https:\/\/hificlub.com.br\/loja\/wp-json\/wp\/v2\/product_cat?post=23613"},{"taxonomy":"product_tag","embeddable":true,"href":"https:\/\/hificlub.com.br\/loja\/wp-json\/wp\/v2\/product_tag?post=23613"}],"curies":[{"name":"wp","href":"https:\/\/api.w.org\/{rel}","templated":true}]}}