{"id":23545,"date":"2025-06-27T10:34:05","date_gmt":"2025-06-27T13:34:05","guid":{"rendered":"https:\/\/hificlub.com.br\/loja\/?post_type=product&#038;p=23545"},"modified":"2026-03-03T22:17:34","modified_gmt":"2026-03-04T01:17:34","slug":"technics-sl-1200m7bpd-lamborghini-toca-discos-direct-drive","status":"publish","type":"product","link":"https:\/\/hificlub.com.br\/loja\/produto\/technics-sl-1200m7bpd-lamborghini-toca-discos-direct-drive\/","title":{"rendered":"TECHNICS SL-1200M7BPD Lamborghini &#8211; Toca-discos Direct Drive"},"content":{"rendered":"<p><strong>Cores: Amarelo, Laranja, Verde<\/strong><\/p>\n<p>Uma colabora\u00e7\u00e3o entre a Technics e a Automobili Lamborghini, o SL-1200M7B atinge a mais alta qualidade de som poss\u00edvel e amplas fun\u00e7\u00f5es de DJ para expandir as possibilidades de \u00e1udio.<\/p>\n<p>Como a escolha preferida de DJs em todo o mundo, a S\u00e9rie SL-1200 oferece o SL-1200M7B, uma colabora\u00e7\u00e3o entre a Technics e a Automobili Lamborghini que re\u00fane os conceitos e as iniciativas de produ\u00e7\u00e3o sonora das marcas. Inclui um disco de vinil com os sons dos motores dos carros emblem\u00e1ticos da Automobili Lamborghini, um tapete antiderrapante e adesivos com designs exclusivos, al\u00e9m da mais alta qualidade sonora poss\u00edvel e amplas fun\u00e7\u00f5es de DJ.<\/p>\n<ul>\n<li>Duas marcas colaboram em excel\u00eancia: a est\u00e9tica e o som da Automobili Lamborghini; o lend\u00e1rio \u00e1udio da Technics<\/li>\n<li>Toca-discos de DJ de n\u00edvel audi\u00f3filo: motor de acionamento direto sem n\u00facleo com bra\u00e7o robusto e altamente sens\u00edvel<\/li>\n<li>Cores ic\u00f4nicas da Automobili Lamborghini: Arancio Apodis, Verde Shock e Giallo Athon<\/li>\n<li>Inclui disco de vinil com sons de motor dos principais carros da Automobili Lamborghini, um tapete e adesivos<\/li>\n<li>O vinil em si \u00e9 um picture disc com a imagem de um pneu do modelo mais recente da Automobili Lamborghini, o Revuelto.<\/li>\n<\/ul>\n<p>&nbsp;<\/p>\n<p><img loading=\"lazy\" decoding=\"async\" class=\"wp-image-23547 alignleft\" src=\"https:\/\/hificlub.com.br\/loja\/wp-content\/uploads\/2025\/06\/TECHNICS-SL-1200M7BPD-Lamborghini-Toca-discos-Direct-Drive-7.webp\" alt=\"\" width=\"316\" height=\"316\" srcset=\"https:\/\/hificlub.com.br\/loja\/wp-content\/uploads\/2025\/06\/TECHNICS-SL-1200M7BPD-Lamborghini-Toca-discos-Direct-Drive-7.webp 700w, https:\/\/hificlub.com.br\/loja\/wp-content\/uploads\/2025\/06\/TECHNICS-SL-1200M7BPD-Lamborghini-Toca-discos-Direct-Drive-7-300x300.webp 300w, https:\/\/hificlub.com.br\/loja\/wp-content\/uploads\/2025\/06\/TECHNICS-SL-1200M7BPD-Lamborghini-Toca-discos-Direct-Drive-7-150x150.webp 150w, https:\/\/hificlub.com.br\/loja\/wp-content\/uploads\/2025\/06\/TECHNICS-SL-1200M7BPD-Lamborghini-Toca-discos-Direct-Drive-7-225x225.webp 225w, https:\/\/hificlub.com.br\/loja\/wp-content\/uploads\/2025\/06\/TECHNICS-SL-1200M7BPD-Lamborghini-Toca-discos-Direct-Drive-7-600x600.webp 600w, https:\/\/hificlub.com.br\/loja\/wp-content\/uploads\/2025\/06\/TECHNICS-SL-1200M7BPD-Lamborghini-Toca-discos-Direct-Drive-7-100x100.webp 100w\" sizes=\"auto, (max-width: 316px) 100vw, 316px\" \/><\/p>\n<p>&nbsp;<\/p>\n<p>&nbsp;<\/p>\n<p>&nbsp;<\/p>\n","protected":false},"excerpt":{"rendered":"<p>Cores: Amarelo, Laranja, Verde Uma colabora\u00e7\u00e3o entre a Technics e a Automobili Lamborghini, o SL-1200M7B atinge a mais alta qualidade de som poss\u00edvel e amplas fun\u00e7\u00f5es de DJ para expandir as possibilidades de \u00e1udio. Como a escolha preferida de DJs em todo o mundo, a S\u00e9rie SL-1200 oferece o SL-1200M7B, uma colabora\u00e7\u00e3o entre a Technics [&hellip;]<\/p>\n","protected":false},"featured_media":23546,"template":"","meta":{"_acf_changed":false},"product_brand":[],"product_cat":[78,220,98],"product_tag":[],"class_list":{"0":"post-23545","1":"product","2":"type-product","3":"status-publish","4":"has-post-thumbnail","6":"product_cat-analogico-audio","7":"product_cat-technics","8":"product_cat-toca-discos","10":"first","11":"instock","12":"sold-individually","13":"shipping-taxable","14":"purchasable","15":"product-type-simple"},"acf":[],"aioseo_notices":[],"_links":{"self":[{"href":"https:\/\/hificlub.com.br\/loja\/wp-json\/wp\/v2\/product\/23545","targetHints":{"allow":["GET"]}}],"collection":[{"href":"https:\/\/hificlub.com.br\/loja\/wp-json\/wp\/v2\/product"}],"about":[{"href":"https:\/\/hificlub.com.br\/loja\/wp-json\/wp\/v2\/types\/product"}],"wp:featuredmedia":[{"embeddable":true,"href":"https:\/\/hificlub.com.br\/loja\/wp-json\/wp\/v2\/media\/23546"}],"wp:attachment":[{"href":"https:\/\/hificlub.com.br\/loja\/wp-json\/wp\/v2\/media?parent=23545"}],"wp:term":[{"taxonomy":"product_brand","embeddable":true,"href":"https:\/\/hificlub.com.br\/loja\/wp-json\/wp\/v2\/product_brand?post=23545"},{"taxonomy":"product_cat","embeddable":true,"href":"https:\/\/hificlub.com.br\/loja\/wp-json\/wp\/v2\/product_cat?post=23545"},{"taxonomy":"product_tag","embeddable":true,"href":"https:\/\/hificlub.com.br\/loja\/wp-json\/wp\/v2\/product_tag?post=23545"}],"curies":[{"name":"wp","href":"https:\/\/api.w.org\/{rel}","templated":true}]}}