{"id":23537,"date":"2025-06-27T10:13:58","date_gmt":"2025-06-27T13:13:58","guid":{"rendered":"https:\/\/hificlub.com.br\/loja\/?post_type=product&#038;p=23537"},"modified":"2026-03-03T22:17:34","modified_gmt":"2026-03-04T01:17:34","slug":"technics-sl-1200mk7-toca-discos-direct-drive","status":"publish","type":"product","link":"https:\/\/hificlub.com.br\/loja\/produto\/technics-sl-1200mk7-toca-discos-direct-drive\/","title":{"rendered":"TECHNICS SL-1200MK7 &#8211; Toca-discos Direct Drive"},"content":{"rendered":"<p>Um novo padr\u00e3o em toca-discos para DJ chegou: o SL-1200MK7 alcan\u00e7a a mais alta qualidade de som poss\u00edvel e amplas fun\u00e7\u00f5es de DJ para expandir as possibilidades de \u00e1udio.<\/p>\n<p>Como a escolha preferida de DJs em todo o mundo, a S\u00e9rie SL-1200 \u00e9, h\u00e1 muito tempo, uma presen\u00e7a dominante no cen\u00e1rio musical global. O modelo mais recente, o SL-1200MK7, continua a evoluir, com a mais alta qualidade de som poss\u00edvel e amplas fun\u00e7\u00f5es de DJ para expandir as possibilidades de \u00e1udio. Um novo padr\u00e3o em toca-discos para DJ chegou.<\/p>\n<ul>\n<li>Rela\u00e7\u00e3o sinal-ru\u00eddo de n\u00edvel audi\u00f3filo, precis\u00e3o rotacional e torque potente<\/li>\n<li>Motor de acionamento direto, prato girat\u00f3rio, chassi e outros componentes recentemente desenvolvidos<\/li>\n<li>A tecnologia de controle digital do motor permite que o torque e a velocidade do freio sejam ajustados individualmente em quatro n\u00edveis<\/li>\n<\/ul>\n<p>&nbsp;<\/p>\n<p><a href=\"https:\/\/www.whathifi.com\/news\/legendary-technics-sl-1200-deck-gets-its-mk7-release-next-month\" target=\"_blank\" rel=\"noopener\"><img loading=\"lazy\" decoding=\"async\" class=\"alignnone wp-image-23344 \" src=\"https:\/\/hificlub.com.br\/loja\/wp-content\/uploads\/2023\/10\/what-hifi-awards-14.png\" alt=\"\" width=\"275\" height=\"139\" srcset=\"https:\/\/hificlub.com.br\/loja\/wp-content\/uploads\/2023\/10\/what-hifi-awards-14.png 316w, https:\/\/hificlub.com.br\/loja\/wp-content\/uploads\/2023\/10\/what-hifi-awards-14-300x152.png 300w\" sizes=\"auto, (max-width: 275px) 100vw, 275px\" \/><\/a>\u00a0 \u00a0 <a href=\"https:\/\/www.juno.co.uk\/junodaily\/2021\/12\/20\/technics-sl-1200-mk7-best-new-dj-turntable-of-2021\/\" target=\"_blank\" rel=\"noopener\"><img loading=\"lazy\" decoding=\"async\" class=\"alignnone wp-image-23543\" src=\"https:\/\/hificlub.com.br\/loja\/wp-content\/uploads\/2025\/06\/Juno-daily-award.jpg\" alt=\"\" width=\"367\" height=\"157\" \/><\/a><\/p>\n","protected":false},"excerpt":{"rendered":"<p>Um novo padr\u00e3o em toca-discos para DJ chegou: o SL-1200MK7 alcan\u00e7a a mais alta qualidade de som poss\u00edvel e amplas fun\u00e7\u00f5es de DJ para expandir as possibilidades de \u00e1udio. Como a escolha preferida de DJs em todo o mundo, a S\u00e9rie SL-1200 \u00e9, h\u00e1 muito tempo, uma presen\u00e7a dominante no cen\u00e1rio musical global. O modelo [&hellip;]<\/p>\n","protected":false},"featured_media":23538,"template":"","meta":{"_acf_changed":false},"product_brand":[],"product_cat":[78,220,98],"product_tag":[],"class_list":{"0":"post-23537","1":"product","2":"type-product","3":"status-publish","4":"has-post-thumbnail","6":"product_cat-analogico-audio","7":"product_cat-technics","8":"product_cat-toca-discos","10":"first","11":"instock","12":"sold-individually","13":"shipping-taxable","14":"purchasable","15":"product-type-simple"},"acf":[],"aioseo_notices":[],"_links":{"self":[{"href":"https:\/\/hificlub.com.br\/loja\/wp-json\/wp\/v2\/product\/23537","targetHints":{"allow":["GET"]}}],"collection":[{"href":"https:\/\/hificlub.com.br\/loja\/wp-json\/wp\/v2\/product"}],"about":[{"href":"https:\/\/hificlub.com.br\/loja\/wp-json\/wp\/v2\/types\/product"}],"wp:featuredmedia":[{"embeddable":true,"href":"https:\/\/hificlub.com.br\/loja\/wp-json\/wp\/v2\/media\/23538"}],"wp:attachment":[{"href":"https:\/\/hificlub.com.br\/loja\/wp-json\/wp\/v2\/media?parent=23537"}],"wp:term":[{"taxonomy":"product_brand","embeddable":true,"href":"https:\/\/hificlub.com.br\/loja\/wp-json\/wp\/v2\/product_brand?post=23537"},{"taxonomy":"product_cat","embeddable":true,"href":"https:\/\/hificlub.com.br\/loja\/wp-json\/wp\/v2\/product_cat?post=23537"},{"taxonomy":"product_tag","embeddable":true,"href":"https:\/\/hificlub.com.br\/loja\/wp-json\/wp\/v2\/product_tag?post=23537"}],"curies":[{"name":"wp","href":"https:\/\/api.w.org\/{rel}","templated":true}]}}