{"id":23521,"date":"2025-06-26T14:18:40","date_gmt":"2025-06-26T17:18:40","guid":{"rendered":"https:\/\/hificlub.com.br\/loja\/?post_type=product&#038;p=23521"},"modified":"2026-03-09T11:45:55","modified_gmt":"2026-03-09T14:45:55","slug":"rega-dust-cover-tampa-para-toca-discos-rega-de-tamanho-normal","status":"publish","type":"product","link":"https:\/\/hificlub.com.br\/loja\/produto\/rega-dust-cover-tampa-para-toca-discos-rega-de-tamanho-normal\/","title":{"rendered":"REGA DUST COVER &#8211; Tampa para Toca-discos Rega de Tamanho Normal"},"content":{"rendered":"<div class=\"intro\">\n<p><span>Tampa protetora transparente de reposi\u00e7\u00e3o para todos os toca-discos Rega de tamanho normal.<\/span><\/p>\n<\/div>\n<div class=\"body-text\">\n<p><span>Feito de material GPPS transparente, fornecido articulado com um emblema Rega<\/span><\/p>\n<p><span>N\u00e3o utilize produtos de limpeza, utilize apenas um pano limpo e \u00famido, se necess\u00e1rio.<\/span><\/p>\n<\/div>\n","protected":false},"excerpt":{"rendered":"<p>Tampa protetora transparente de reposi\u00e7\u00e3o para todos os toca-discos Rega de tamanho normal. Feito de material GPPS transparente, fornecido articulado com um emblema Rega N\u00e3o utilize produtos de limpeza, utilize apenas um pano limpo e \u00famido, se necess\u00e1rio.<\/p>\n","protected":false},"featured_media":23522,"template":"","meta":{"_acf_changed":false},"product_brand":[],"product_cat":[89,130,55],"product_tag":[],"class_list":{"0":"post-23521","1":"product","2":"type-product","3":"status-publish","4":"has-post-thumbnail","6":"product_cat-acessorios","7":"product_cat-outros-acessorios","8":"product_cat-rega","10":"first","11":"instock","12":"sold-individually","13":"shipping-taxable","14":"purchasable","15":"product-type-simple"},"acf":[],"aioseo_notices":[],"_links":{"self":[{"href":"https:\/\/hificlub.com.br\/loja\/wp-json\/wp\/v2\/product\/23521","targetHints":{"allow":["GET"]}}],"collection":[{"href":"https:\/\/hificlub.com.br\/loja\/wp-json\/wp\/v2\/product"}],"about":[{"href":"https:\/\/hificlub.com.br\/loja\/wp-json\/wp\/v2\/types\/product"}],"wp:featuredmedia":[{"embeddable":true,"href":"https:\/\/hificlub.com.br\/loja\/wp-json\/wp\/v2\/media\/23522"}],"wp:attachment":[{"href":"https:\/\/hificlub.com.br\/loja\/wp-json\/wp\/v2\/media?parent=23521"}],"wp:term":[{"taxonomy":"product_brand","embeddable":true,"href":"https:\/\/hificlub.com.br\/loja\/wp-json\/wp\/v2\/product_brand?post=23521"},{"taxonomy":"product_cat","embeddable":true,"href":"https:\/\/hificlub.com.br\/loja\/wp-json\/wp\/v2\/product_cat?post=23521"},{"taxonomy":"product_tag","embeddable":true,"href":"https:\/\/hificlub.com.br\/loja\/wp-json\/wp\/v2\/product_tag?post=23521"}],"curies":[{"name":"wp","href":"https:\/\/api.w.org\/{rel}","templated":true}]}}