{"id":23516,"date":"2025-06-26T12:28:03","date_gmt":"2025-06-26T15:28:03","guid":{"rendered":"https:\/\/hificlub.com.br\/loja\/?post_type=product&#038;p=23516"},"modified":"2026-03-03T22:17:35","modified_gmt":"2026-03-04T01:17:35","slug":"rega-dust-cover-tampa-de-acrilico-para-toca-discos-rega-planar-8-planar-10-naia","status":"publish","type":"product","link":"https:\/\/hificlub.com.br\/loja\/produto\/rega-dust-cover-tampa-de-acrilico-para-toca-discos-rega-planar-8-planar-10-naia\/","title":{"rendered":"REGA DUST COVER &#8211; Tampa de Acr\u00edlico para Toca-discos Rega Planar 8 \/ Planar 10 \/ Naia"},"content":{"rendered":"<div class=\"intro\">\n<p>Capa protetora contra poeira de reposi\u00e7\u00e3o para os toca-discos Rega Planar 8 e Rega Planar 10.<\/p>\n<p>Feito de material GPPS fum\u00ea, fornecido com dobradi\u00e7a e logotipo Rega.<\/p>\n<p>N\u00e3o utilize produtos de limpeza, utilize apenas um pano \u00famido e limpo, se necess\u00e1rio.<\/p>\n<\/div>\n","protected":false},"excerpt":{"rendered":"<p>Capa protetora contra poeira de reposi\u00e7\u00e3o para os toca-discos Rega Planar 8 e Rega Planar 10. Feito de material GPPS fum\u00ea, fornecido com dobradi\u00e7a e logotipo Rega. N\u00e3o utilize produtos de limpeza, utilize apenas um pano \u00famido e limpo, se necess\u00e1rio.<\/p>\n","protected":false},"featured_media":23517,"template":"","meta":{"_acf_changed":false},"product_brand":[],"product_cat":[89,130,55],"product_tag":[],"class_list":{"0":"post-23516","1":"product","2":"type-product","3":"status-publish","4":"has-post-thumbnail","6":"product_cat-acessorios","7":"product_cat-outros-acessorios","8":"product_cat-rega","10":"first","11":"instock","12":"sold-individually","13":"shipping-taxable","14":"purchasable","15":"product-type-simple"},"acf":[],"aioseo_notices":[],"_links":{"self":[{"href":"https:\/\/hificlub.com.br\/loja\/wp-json\/wp\/v2\/product\/23516","targetHints":{"allow":["GET"]}}],"collection":[{"href":"https:\/\/hificlub.com.br\/loja\/wp-json\/wp\/v2\/product"}],"about":[{"href":"https:\/\/hificlub.com.br\/loja\/wp-json\/wp\/v2\/types\/product"}],"wp:featuredmedia":[{"embeddable":true,"href":"https:\/\/hificlub.com.br\/loja\/wp-json\/wp\/v2\/media\/23517"}],"wp:attachment":[{"href":"https:\/\/hificlub.com.br\/loja\/wp-json\/wp\/v2\/media?parent=23516"}],"wp:term":[{"taxonomy":"product_brand","embeddable":true,"href":"https:\/\/hificlub.com.br\/loja\/wp-json\/wp\/v2\/product_brand?post=23516"},{"taxonomy":"product_cat","embeddable":true,"href":"https:\/\/hificlub.com.br\/loja\/wp-json\/wp\/v2\/product_cat?post=23516"},{"taxonomy":"product_tag","embeddable":true,"href":"https:\/\/hificlub.com.br\/loja\/wp-json\/wp\/v2\/product_tag?post=23516"}],"curies":[{"name":"wp","href":"https:\/\/api.w.org\/{rel}","templated":true}]}}