{"id":23513,"date":"2025-06-26T12:13:24","date_gmt":"2025-06-26T15:13:24","guid":{"rendered":"https:\/\/hificlub.com.br\/loja\/?post_type=product&#038;p=23513"},"modified":"2026-03-03T22:17:35","modified_gmt":"2026-03-04T01:17:35","slug":"rega-45-rpm-adaptor-adaptador-de-disco-de-45-rpm","status":"publish","type":"product","link":"https:\/\/hificlub.com.br\/loja\/produto\/rega-45-rpm-adaptor-adaptador-de-disco-de-45-rpm\/","title":{"rendered":"REGA 45 RPM Adaptor &#8211; Adaptador de Discos de 45 rpm"},"content":{"rendered":"<div class=\"intro\">\n<p>O adaptador de disco foi projetado para ser usado com seus discos de 45 rpm que n\u00e3o t\u00eam mais os centros, permitindo que voc\u00ea toque seus antigos favoritos.<\/p>\n<\/div>\n<div class=\"body-text\">\n<p>O adaptador \u00e9 simplesmente encaixado no eixo do seu toca-discos e o disco se encaixar\u00e1 na parte externa do adaptador. Depois, \u00e9 s\u00f3 sentar, ligar e curtir a m\u00fasica.<\/p>\n<\/div>\n","protected":false},"excerpt":{"rendered":"<p>O adaptador de disco foi projetado para ser usado com seus discos de 45 rpm que n\u00e3o t\u00eam mais os centros, permitindo que voc\u00ea toque seus antigos favoritos. O adaptador \u00e9 simplesmente encaixado no eixo do seu toca-discos e o disco se encaixar\u00e1 na parte externa do adaptador. Depois, \u00e9 s\u00f3 sentar, ligar e curtir [&hellip;]<\/p>\n","protected":false},"featured_media":23514,"template":"","meta":{"_acf_changed":false},"product_brand":[],"product_cat":[89,130,55],"product_tag":[],"class_list":{"0":"post-23513","1":"product","2":"type-product","3":"status-publish","4":"has-post-thumbnail","6":"product_cat-acessorios","7":"product_cat-outros-acessorios","8":"product_cat-rega","10":"first","11":"instock","12":"sold-individually","13":"shipping-taxable","14":"purchasable","15":"product-type-simple"},"acf":[],"aioseo_notices":[],"_links":{"self":[{"href":"https:\/\/hificlub.com.br\/loja\/wp-json\/wp\/v2\/product\/23513","targetHints":{"allow":["GET"]}}],"collection":[{"href":"https:\/\/hificlub.com.br\/loja\/wp-json\/wp\/v2\/product"}],"about":[{"href":"https:\/\/hificlub.com.br\/loja\/wp-json\/wp\/v2\/types\/product"}],"wp:featuredmedia":[{"embeddable":true,"href":"https:\/\/hificlub.com.br\/loja\/wp-json\/wp\/v2\/media\/23514"}],"wp:attachment":[{"href":"https:\/\/hificlub.com.br\/loja\/wp-json\/wp\/v2\/media?parent=23513"}],"wp:term":[{"taxonomy":"product_brand","embeddable":true,"href":"https:\/\/hificlub.com.br\/loja\/wp-json\/wp\/v2\/product_brand?post=23513"},{"taxonomy":"product_cat","embeddable":true,"href":"https:\/\/hificlub.com.br\/loja\/wp-json\/wp\/v2\/product_cat?post=23513"},{"taxonomy":"product_tag","embeddable":true,"href":"https:\/\/hificlub.com.br\/loja\/wp-json\/wp\/v2\/product_tag?post=23513"}],"curies":[{"name":"wp","href":"https:\/\/api.w.org\/{rel}","templated":true}]}}