{"id":23507,"date":"2025-06-26T11:59:11","date_gmt":"2025-06-26T14:59:11","guid":{"rendered":"https:\/\/hificlub.com.br\/loja\/?post_type=product&#038;p=23507"},"modified":"2026-03-03T22:17:35","modified_gmt":"2026-03-04T01:17:35","slug":"rega-duet-cabo-de-caixa-metro","status":"publish","type":"product","link":"https:\/\/hificlub.com.br\/loja\/produto\/rega-duet-cabo-de-caixa-metro\/","title":{"rendered":"REGA DUET &#8211; Cabo de Caixa (metro)"},"content":{"rendered":"<p>Vendido por metro.<\/p>\n<p>Um cabo de alto-falante plano e flex\u00edvel de alta qualidade projetado pela Rega contendo 250 fios por canal e totalizando 4 mm de se\u00e7\u00e3o transversal quadrada feito de cobre de 99,99% da mais alta qualidade. Projetado para maximizar o potencial do seu sistema Rega, este cabo tamb\u00e9m \u00e9 uma solu\u00e7\u00e3o vers\u00e1til para outros sistemas e instala\u00e7\u00f5es. Dispon\u00edvel agora em bobinas de 100 m com plugues banana banhados a ouro de 4 mm de alta especifica\u00e7\u00e3o opcionais.<\/p>\n<p>N\u00e3o acompanha conectores.<\/p>\n","protected":false},"excerpt":{"rendered":"<p>Vendido por metro. Um cabo de alto-falante plano e flex\u00edvel de alta qualidade projetado pela Rega contendo 250 fios por canal e totalizando 4 mm de se\u00e7\u00e3o transversal quadrada feito de cobre de 99,99% da mais alta qualidade. Projetado para maximizar o potencial do seu sistema Rega, este cabo tamb\u00e9m \u00e9 uma solu\u00e7\u00e3o vers\u00e1til para [&hellip;]<\/p>\n","protected":false},"featured_media":23508,"template":"","meta":{"_acf_changed":false},"product_brand":[],"product_cat":[61,62,55],"product_tag":[],"class_list":{"0":"post-23507","1":"product","2":"type-product","3":"status-publish","4":"has-post-thumbnail","6":"product_cat-cabos","7":"product_cat-caixa","8":"product_cat-rega","10":"first","11":"instock","12":"sold-individually","13":"shipping-taxable","14":"purchasable","15":"product-type-simple"},"acf":[],"aioseo_notices":[],"_links":{"self":[{"href":"https:\/\/hificlub.com.br\/loja\/wp-json\/wp\/v2\/product\/23507","targetHints":{"allow":["GET"]}}],"collection":[{"href":"https:\/\/hificlub.com.br\/loja\/wp-json\/wp\/v2\/product"}],"about":[{"href":"https:\/\/hificlub.com.br\/loja\/wp-json\/wp\/v2\/types\/product"}],"wp:featuredmedia":[{"embeddable":true,"href":"https:\/\/hificlub.com.br\/loja\/wp-json\/wp\/v2\/media\/23508"}],"wp:attachment":[{"href":"https:\/\/hificlub.com.br\/loja\/wp-json\/wp\/v2\/media?parent=23507"}],"wp:term":[{"taxonomy":"product_brand","embeddable":true,"href":"https:\/\/hificlub.com.br\/loja\/wp-json\/wp\/v2\/product_brand?post=23507"},{"taxonomy":"product_cat","embeddable":true,"href":"https:\/\/hificlub.com.br\/loja\/wp-json\/wp\/v2\/product_cat?post=23507"},{"taxonomy":"product_tag","embeddable":true,"href":"https:\/\/hificlub.com.br\/loja\/wp-json\/wp\/v2\/product_tag?post=23507"}],"curies":[{"name":"wp","href":"https:\/\/api.w.org\/{rel}","templated":true}]}}