{"id":23505,"date":"2025-06-26T11:53:13","date_gmt":"2025-06-26T14:53:13","guid":{"rendered":"https:\/\/hificlub.com.br\/loja\/?post_type=product&#038;p=23505"},"modified":"2026-04-08T15:15:05","modified_gmt":"2026-04-08T18:15:05","slug":"rega-couple-3-cabo-rca-1m","status":"publish","type":"product","link":"https:\/\/hificlub.com.br\/loja\/produto\/rega-couple-3-cabo-rca-1m\/","title":{"rendered":"REGA COUPLE 3 &#8211; Cabo RCA &#8211; 1m"},"content":{"rendered":"<div class=\"intro\">\n<p>O Rega Couple 3 foi projetado para complementar o desempenho de qualquer sistema de \u00e1udio de alta fidelidade.<\/p>\n<\/div>\n<div class=\"body-text\">\n<p>O cabo de baixa capacit\u00e2ncia utilizado no Couple 3 \u00e9 constru\u00eddo em cobre livre de oxig\u00eanio (OFC) com uma capa ultraflex\u00edvel. Este cabo foi originalmente desenvolvido como um componente cr\u00edtico usado dentro do nosso premiado est\u00e1gio\u00a0phono de refer\u00eancia Aura\u00a0. A capacit\u00e2ncia de 80pF deste cabo \u00e9 compat\u00edvel com os nossos cabos de bra\u00e7o personalizados utilizados em toda a linha Rega. Este recurso otimizar\u00e1 o desempenho quando usado entre o est\u00e1gio phono e o amplificador.<\/p>\n<p>Terminados com plugues Neutrik RCA de alta qualidade, projetados ergonomicamente para maximizar a transfer\u00eancia de sinal, eles tamb\u00e9m se beneficiam de al\u00edvio de tens\u00e3o mec\u00e2nica que protege contra danos acidentais.<\/p>\n<p>O Couple 3 \u00e9 meticulosamente montado \u00e0 m\u00e3o em nossa casa, de acordo com nossos rigorosos padr\u00f5es para garantir a mais alta qualidade poss\u00edvel, e vem com a garantia vital\u00edcia da Rega contra defeitos de fabrica\u00e7\u00e3o.<\/p>\n<\/div>\n","protected":false},"excerpt":{"rendered":"<p>O Rega Couple 3 foi projetado para complementar o desempenho de qualquer sistema de \u00e1udio de alta fidelidade. O cabo de baixa capacit\u00e2ncia utilizado no Couple 3 \u00e9 constru\u00eddo em cobre livre de oxig\u00eanio (OFC) com uma capa ultraflex\u00edvel. Este cabo foi originalmente desenvolvido como um componente cr\u00edtico usado dentro do nosso premiado est\u00e1gio\u00a0phono de [&hellip;]<\/p>\n","protected":false},"featured_media":23503,"template":"","meta":{"_acf_changed":false},"product_brand":[],"product_cat":[61,71,55],"product_tag":[],"class_list":{"0":"post-23505","1":"product","2":"type-product","3":"status-publish","4":"has-post-thumbnail","6":"product_cat-cabos","7":"product_cat-interconnect-rca","8":"product_cat-rega","10":"first","11":"outofstock","12":"sold-individually","13":"shipping-taxable","14":"purchasable","15":"product-type-simple"},"acf":[],"aioseo_notices":[],"_links":{"self":[{"href":"https:\/\/hificlub.com.br\/loja\/wp-json\/wp\/v2\/product\/23505","targetHints":{"allow":["GET"]}}],"collection":[{"href":"https:\/\/hificlub.com.br\/loja\/wp-json\/wp\/v2\/product"}],"about":[{"href":"https:\/\/hificlub.com.br\/loja\/wp-json\/wp\/v2\/types\/product"}],"wp:featuredmedia":[{"embeddable":true,"href":"https:\/\/hificlub.com.br\/loja\/wp-json\/wp\/v2\/media\/23503"}],"wp:attachment":[{"href":"https:\/\/hificlub.com.br\/loja\/wp-json\/wp\/v2\/media?parent=23505"}],"wp:term":[{"taxonomy":"product_brand","embeddable":true,"href":"https:\/\/hificlub.com.br\/loja\/wp-json\/wp\/v2\/product_brand?post=23505"},{"taxonomy":"product_cat","embeddable":true,"href":"https:\/\/hificlub.com.br\/loja\/wp-json\/wp\/v2\/product_cat?post=23505"},{"taxonomy":"product_tag","embeddable":true,"href":"https:\/\/hificlub.com.br\/loja\/wp-json\/wp\/v2\/product_tag?post=23505"}],"curies":[{"name":"wp","href":"https:\/\/api.w.org\/{rel}","templated":true}]}}