{"id":23496,"date":"2025-06-26T11:27:14","date_gmt":"2025-06-26T14:27:14","guid":{"rendered":"https:\/\/hificlub.com.br\/loja\/?post_type=product&#038;p=23496"},"modified":"2026-03-03T22:17:36","modified_gmt":"2026-03-04T01:17:36","slug":"rega-spacer-espacador-de-ajuste-de-altura-de-braco-de-tres-pontos-2mm-2","status":"publish","type":"product","link":"https:\/\/hificlub.com.br\/loja\/produto\/rega-spacer-espacador-de-ajuste-de-altura-de-braco-de-tres-pontos-2mm-2\/","title":{"rendered":"REGA SPACER &#8211; Espa\u00e7ador de Ajuste de Altura de Bra\u00e7o de Tr\u00eas Pontos &#8211; 2mm"},"content":{"rendered":"<div class=\"intro\">\n<p>Os cartuchos de outros fabricantes podem ter um corpo mais profundo do que os cartuchos Rega, o que \u00e0s vezes exigir\u00e1 o uso do espa\u00e7ador de tr\u00eas pontos para permitir a folga da parte traseira do cartucho em rela\u00e7\u00e3o ao vinil.<\/p>\n<\/div>\n<div class=\"body-text\">\n<p>Quando os bra\u00e7os Rega s\u00e3o instalados em toca-discos de outros fabricantes, pode ser necess\u00e1rio adicionar nossos espa\u00e7adores de bra\u00e7o Rega para atingir a altura correta do bra\u00e7o.<\/p>\n<p><b>Observa\u00e7\u00e3o:<\/b>\u00a0em toca-discos Rega, espa\u00e7adores n\u00e3o s\u00e3o necess\u00e1rios, a menos que voc\u00ea esteja usando uma c\u00e1psula excepcionalmente profunda de outro fabricante.<\/p>\n<p>O ajuste da altura do bra\u00e7o ou VTA pode ser um assunto controverso. A Rega acredita que a integridade da fixa\u00e7\u00e3o do bra\u00e7o na placa de montagem \u00e9 muito mais importante do que a question\u00e1vel facilidade de ajuste do bra\u00e7o. O bra\u00e7o deve estar razoavelmente paralelo \u00e0 superf\u00edcie do disco ou ligeiramente mais baixo na montagem. O \u00fanico caso em que um espa\u00e7ador \u00e9 necess\u00e1rio para aumentar a altura do bra\u00e7o \u00e9 se a parte traseira de um cartucho estiver batendo no disco durante a reprodu\u00e7\u00e3o.<\/p>\n<p>Cor: Aluminio<\/p>\n<\/div>\n","protected":false},"excerpt":{"rendered":"<p>Os cartuchos de outros fabricantes podem ter um corpo mais profundo do que os cartuchos Rega, o que \u00e0s vezes exigir\u00e1 o uso do espa\u00e7ador de tr\u00eas pontos para permitir a folga da parte traseira do cartucho em rela\u00e7\u00e3o ao vinil. Quando os bra\u00e7os Rega s\u00e3o instalados em toca-discos de outros fabricantes, pode ser necess\u00e1rio [&hellip;]<\/p>\n","protected":false},"featured_media":23495,"template":"","meta":{"_acf_changed":false},"product_brand":[],"product_cat":[89,130,55],"product_tag":[],"class_list":{"0":"post-23496","1":"product","2":"type-product","3":"status-publish","4":"has-post-thumbnail","6":"product_cat-acessorios","7":"product_cat-outros-acessorios","8":"product_cat-rega","10":"first","11":"instock","12":"sold-individually","13":"shipping-taxable","14":"purchasable","15":"product-type-simple"},"acf":[],"aioseo_notices":[],"_links":{"self":[{"href":"https:\/\/hificlub.com.br\/loja\/wp-json\/wp\/v2\/product\/23496","targetHints":{"allow":["GET"]}}],"collection":[{"href":"https:\/\/hificlub.com.br\/loja\/wp-json\/wp\/v2\/product"}],"about":[{"href":"https:\/\/hificlub.com.br\/loja\/wp-json\/wp\/v2\/types\/product"}],"wp:featuredmedia":[{"embeddable":true,"href":"https:\/\/hificlub.com.br\/loja\/wp-json\/wp\/v2\/media\/23495"}],"wp:attachment":[{"href":"https:\/\/hificlub.com.br\/loja\/wp-json\/wp\/v2\/media?parent=23496"}],"wp:term":[{"taxonomy":"product_brand","embeddable":true,"href":"https:\/\/hificlub.com.br\/loja\/wp-json\/wp\/v2\/product_brand?post=23496"},{"taxonomy":"product_cat","embeddable":true,"href":"https:\/\/hificlub.com.br\/loja\/wp-json\/wp\/v2\/product_cat?post=23496"},{"taxonomy":"product_tag","embeddable":true,"href":"https:\/\/hificlub.com.br\/loja\/wp-json\/wp\/v2\/product_tag?post=23496"}],"curies":[{"name":"wp","href":"https:\/\/api.w.org\/{rel}","templated":true}]}}