{"id":23487,"date":"2025-06-26T11:02:18","date_gmt":"2025-06-26T14:02:18","guid":{"rendered":"https:\/\/hificlub.com.br\/loja\/?post_type=product&#038;p=23487"},"modified":"2026-03-03T22:17:36","modified_gmt":"2026-03-04T01:17:36","slug":"rega-24v-motor-upgrade-kit-de-atualizacao-de-motor-de-24-v","status":"publish","type":"product","link":"https:\/\/hificlub.com.br\/loja\/produto\/rega-24v-motor-upgrade-kit-de-atualizacao-de-motor-de-24-v\/","title":{"rendered":"REGA 24V MOTOR UPGRADE &#8211; Kit de Atualiza\u00e7\u00e3o de Motor de 24 V"},"content":{"rendered":"<div class=\"intro\">Este kit inclui o motor de 24 V de baixo ru\u00eddo e vibra\u00e7\u00e3o, projetado e desenvolvido para nossa premiada linha de toca-discos de 24 V. Projetado com uma solu\u00e7\u00e3o de fixa\u00e7\u00e3o simples para todos os toca-discos Rega anteriores que ainda n\u00e3o utilizam a tecnologia de 24 V.<\/div>\n<div class=\"body-text\">\n<p><strong>Caracter\u00edsticas<\/strong><\/p>\n<ul>\n<li>PCB ajustado individualmente \u00e0 m\u00e3o para minimizar a vibra\u00e7\u00e3o.<\/li>\n<li>Conjunto de motor CA s\u00edncrono de 24 V, baixo ru\u00eddo e baixa vibra\u00e7\u00e3o, projetado pela Rega.<\/li>\n<li>Montado rigidamente para melhorar a velocidade de inicializa\u00e7\u00e3o em rela\u00e7\u00e3o aos modelos Planar suspensos anteriores.<\/li>\n<li>Garantido para melhorar a condu\u00e7\u00e3o, a estabilidade da velocidade e o desempenho sonoro.<\/li>\n<\/ul>\n<p><strong>Caminho de atualiza\u00e7\u00e3o opcional<\/strong><\/p>\n<p>Compat\u00edvel com a fonte de alimenta\u00e7\u00e3o externa Rega Neo e TT-PSU, que incorpora um circuito antivibra\u00e7\u00e3o avan\u00e7ado e oferece ainda mais estabilidade. A Neo e a TT-PSU tamb\u00e9m contam com a conveni\u00eancia adicional da mudan\u00e7a eletr\u00f4nica de velocidade. Otimize o desempenho com a correia de transmiss\u00e3o de atualiza\u00e7\u00e3o Rega.Embora seja simples de instalar, recomendamos que este kit seja instalado por um revendedor Rega qualificado para garantir o m\u00e1ximo desempenho.Compat\u00edvel com os seguintes toca-discos: Rp1 \/ P1 \/ P2 \/ P2 2000 \/ Planeta \/ Planar 2 \/ Planar 3 \/ P3 2000 \/ Planar 25.<\/p>\n<\/div>\n<div><\/div>\n<div>Para uso somente com toca-discos Rega.<\/div>\n","protected":false},"excerpt":{"rendered":"<p>Este kit inclui o motor de 24 V de baixo ru\u00eddo e vibra\u00e7\u00e3o, projetado e desenvolvido para nossa premiada linha de toca-discos de 24 V. Projetado com uma solu\u00e7\u00e3o de fixa\u00e7\u00e3o simples para todos os toca-discos Rega anteriores que ainda n\u00e3o utilizam a tecnologia de 24 V. Caracter\u00edsticas PCB ajustado individualmente \u00e0 m\u00e3o para minimizar [&hellip;]<\/p>\n","protected":false},"featured_media":23488,"template":"","meta":{"_acf_changed":false},"product_brand":[],"product_cat":[89,130,55],"product_tag":[],"class_list":{"0":"post-23487","1":"product","2":"type-product","3":"status-publish","4":"has-post-thumbnail","6":"product_cat-acessorios","7":"product_cat-outros-acessorios","8":"product_cat-rega","10":"first","11":"instock","12":"sold-individually","13":"shipping-taxable","14":"purchasable","15":"product-type-simple"},"acf":[],"aioseo_notices":[],"_links":{"self":[{"href":"https:\/\/hificlub.com.br\/loja\/wp-json\/wp\/v2\/product\/23487","targetHints":{"allow":["GET"]}}],"collection":[{"href":"https:\/\/hificlub.com.br\/loja\/wp-json\/wp\/v2\/product"}],"about":[{"href":"https:\/\/hificlub.com.br\/loja\/wp-json\/wp\/v2\/types\/product"}],"wp:featuredmedia":[{"embeddable":true,"href":"https:\/\/hificlub.com.br\/loja\/wp-json\/wp\/v2\/media\/23488"}],"wp:attachment":[{"href":"https:\/\/hificlub.com.br\/loja\/wp-json\/wp\/v2\/media?parent=23487"}],"wp:term":[{"taxonomy":"product_brand","embeddable":true,"href":"https:\/\/hificlub.com.br\/loja\/wp-json\/wp\/v2\/product_brand?post=23487"},{"taxonomy":"product_cat","embeddable":true,"href":"https:\/\/hificlub.com.br\/loja\/wp-json\/wp\/v2\/product_cat?post=23487"},{"taxonomy":"product_tag","embeddable":true,"href":"https:\/\/hificlub.com.br\/loja\/wp-json\/wp\/v2\/product_tag?post=23487"}],"curies":[{"name":"wp","href":"https:\/\/api.w.org\/{rel}","templated":true}]}}