{"id":23480,"date":"2025-06-26T10:45:33","date_gmt":"2025-06-26T13:45:33","guid":{"rendered":"https:\/\/hificlub.com.br\/loja\/?post_type=product&#038;p=23480"},"modified":"2026-03-03T22:17:37","modified_gmt":"2026-03-04T01:17:37","slug":"rega-belt-drive-correia-de-transmissao-padrao","status":"publish","type":"product","link":"https:\/\/hificlub.com.br\/loja\/produto\/rega-belt-drive-correia-de-transmissao-padrao\/","title":{"rendered":"REGA Standard Belt Drive &#8211; Correia de Transmiss\u00e3o Padr\u00e3o para Toca-discos"},"content":{"rendered":"<p>Correia de transmiss\u00e3o de toca-discos Rega de alta qualidade feita sob medida.<\/p>\n<p>Recomendamos trocar a correia de transmiss\u00e3o aproximadamente a cada cinco anos para garantir um desempenho de velocidade preciso.<\/p>\n<p>Cada correia \u00e9 feita de uma f\u00f3rmula \u00fanica e complexa de policloropreno, um material que apresenta boa estabilidade qu\u00edmica e mant\u00e9m a flexibilidade em uma ampla faixa de temperatura.<\/p>\n","protected":false},"excerpt":{"rendered":"<p>Correia de transmiss\u00e3o de toca-discos Rega de alta qualidade feita sob medida. Recomendamos trocar a correia de transmiss\u00e3o aproximadamente a cada cinco anos para garantir um desempenho de velocidade preciso. Cada correia \u00e9 feita de uma f\u00f3rmula \u00fanica e complexa de policloropreno, um material que apresenta boa estabilidade qu\u00edmica e mant\u00e9m a flexibilidade em uma [&hellip;]<\/p>\n","protected":false},"featured_media":23482,"template":"","meta":{"_acf_changed":false},"product_brand":[],"product_cat":[89,130,55],"product_tag":[],"class_list":{"0":"post-23480","1":"product","2":"type-product","3":"status-publish","4":"has-post-thumbnail","6":"product_cat-acessorios","7":"product_cat-outros-acessorios","8":"product_cat-rega","10":"first","11":"instock","12":"sold-individually","13":"shipping-taxable","14":"purchasable","15":"product-type-simple"},"acf":[],"aioseo_notices":[],"_links":{"self":[{"href":"https:\/\/hificlub.com.br\/loja\/wp-json\/wp\/v2\/product\/23480","targetHints":{"allow":["GET"]}}],"collection":[{"href":"https:\/\/hificlub.com.br\/loja\/wp-json\/wp\/v2\/product"}],"about":[{"href":"https:\/\/hificlub.com.br\/loja\/wp-json\/wp\/v2\/types\/product"}],"wp:featuredmedia":[{"embeddable":true,"href":"https:\/\/hificlub.com.br\/loja\/wp-json\/wp\/v2\/media\/23482"}],"wp:attachment":[{"href":"https:\/\/hificlub.com.br\/loja\/wp-json\/wp\/v2\/media?parent=23480"}],"wp:term":[{"taxonomy":"product_brand","embeddable":true,"href":"https:\/\/hificlub.com.br\/loja\/wp-json\/wp\/v2\/product_brand?post=23480"},{"taxonomy":"product_cat","embeddable":true,"href":"https:\/\/hificlub.com.br\/loja\/wp-json\/wp\/v2\/product_cat?post=23480"},{"taxonomy":"product_tag","embeddable":true,"href":"https:\/\/hificlub.com.br\/loja\/wp-json\/wp\/v2\/product_tag?post=23480"}],"curies":[{"name":"wp","href":"https:\/\/api.w.org\/{rel}","templated":true}]}}