{"id":23431,"date":"2025-06-25T17:15:04","date_gmt":"2025-06-25T20:15:04","guid":{"rendered":"https:\/\/hificlub.com.br\/loja\/?post_type=product&#038;p=23431"},"modified":"2026-03-03T22:17:37","modified_gmt":"2026-03-04T01:17:37","slug":"rega-aya-caixa-torre","status":"publish","type":"product","link":"https:\/\/hificlub.com.br\/loja\/produto\/rega-aya-caixa-torre\/","title":{"rendered":"REGA AYA &#8211; Caixa Torre"},"content":{"rendered":"<p>Desenvolvidas ao longo de dez anos por uma equipe de designers da Rega, liderada pelo nosso fundador Roy Gandy, as caixas ac\u00fasticas AYA prometem oferecer um desempenho detalhado e equilibrado, independentemente do g\u00eanero musical que voc\u00ea escolher. Utilizando drivers artesanais projetados pela Rega, juntamente com nosso tweeter de alta frequ\u00eancia ZRR e um novo crossover, nossos engenheiros aprimoraram cada detalhe para oferecer o melhor desempenho poss\u00edvel. Os gabinetes esculpidos e o suporte criam um efeito flutuante atraente que contribui para uma apar\u00eancia \u00fanica.<\/p>\n<p class=\"heading-2\"><strong>Quebrando o molde<\/strong><\/p>\n<p><span>Ap\u00f3s uma d\u00e9cada de testes e desenvolvimento, nascem as caixas ac\u00fasticas Rega AYA. Alojadas em um gabinete exclusivo, fabricado no Reino Unido e moldado em GRC (cimento refor\u00e7ado com fibra de vidro), as fibras de vidro que comp\u00f5em a constru\u00e7\u00e3o reduzem o peso e aumentam a integridade estrutural deste design passa-faixa de 2,5 vias. Essa t\u00e9cnica cria o gabinete perfeito para caixas ac\u00fasticas, que aprimora o desempenho e oferece excelente custo-benef\u00edcio. Gra\u00e7as \u00e0 combina\u00e7\u00e3o da nova configura\u00e7\u00e3o do gabinete e da unidade de acionamento, as caixas ac\u00fasticas AYA oferecem uma resposta de graves precisa e precisa, al\u00e9m dos m\u00e9dios caracter\u00edsticos da Rega e agudos detalhados.\u00a0<\/span><\/p>\n<p><strong>Principais caracter\u00edsticas<\/strong><\/p>\n<p>Gabinete GRC personalizado (cimento refor\u00e7ado com fibra de vidro)<\/p>\n<p>Projeto de gabinete de passagem de banda<\/p>\n<p>Sistema de 2,5 vias<\/p>\n<p>Unidade de alta frequ\u00eancia ZRR projetada pela Rega<\/p>\n<p>Driver de m\u00e9dios graves MX-125 feito \u00e0 m\u00e3o de 5&#8243;<\/p>\n<p>Driver de graves RR7.8 feito \u00e0 m\u00e3o de 7&#8243;<\/p>\n<p>*Grades de alto-falante opcionais<\/p>\n<p>Garantia vital\u00edcia contra defeitos de fabrica\u00e7\u00e3o<\/p>\n","protected":false},"excerpt":{"rendered":"<p>Desenvolvidas ao longo de dez anos por uma equipe de designers da Rega, liderada pelo nosso fundador Roy Gandy, as caixas ac\u00fasticas AYA prometem oferecer um desempenho detalhado e equilibrado, independentemente do g\u00eanero musical que voc\u00ea escolher. Utilizando drivers artesanais projetados pela Rega, juntamente com nosso tweeter de alta frequ\u00eancia ZRR e um novo crossover, [&hellip;]<\/p>\n","protected":false},"featured_media":23432,"template":"","meta":{"_acf_changed":false},"product_brand":[],"product_cat":[17,18],"product_tag":[],"class_list":{"0":"post-23431","1":"product","2":"type-product","3":"status-publish","4":"has-post-thumbnail","6":"product_cat-caixas","7":"product_cat-torres","9":"first","10":"instock","11":"sold-individually","12":"shipping-taxable","13":"purchasable","14":"product-type-simple"},"acf":[],"aioseo_notices":[],"_links":{"self":[{"href":"https:\/\/hificlub.com.br\/loja\/wp-json\/wp\/v2\/product\/23431","targetHints":{"allow":["GET"]}}],"collection":[{"href":"https:\/\/hificlub.com.br\/loja\/wp-json\/wp\/v2\/product"}],"about":[{"href":"https:\/\/hificlub.com.br\/loja\/wp-json\/wp\/v2\/types\/product"}],"wp:featuredmedia":[{"embeddable":true,"href":"https:\/\/hificlub.com.br\/loja\/wp-json\/wp\/v2\/media\/23432"}],"wp:attachment":[{"href":"https:\/\/hificlub.com.br\/loja\/wp-json\/wp\/v2\/media?parent=23431"}],"wp:term":[{"taxonomy":"product_brand","embeddable":true,"href":"https:\/\/hificlub.com.br\/loja\/wp-json\/wp\/v2\/product_brand?post=23431"},{"taxonomy":"product_cat","embeddable":true,"href":"https:\/\/hificlub.com.br\/loja\/wp-json\/wp\/v2\/product_cat?post=23431"},{"taxonomy":"product_tag","embeddable":true,"href":"https:\/\/hificlub.com.br\/loja\/wp-json\/wp\/v2\/product_tag?post=23431"}],"curies":[{"name":"wp","href":"https:\/\/api.w.org\/{rel}","templated":true}]}}