{"id":23422,"date":"2025-06-25T17:06:22","date_gmt":"2025-06-25T20:06:22","guid":{"rendered":"https:\/\/hificlub.com.br\/loja\/?post_type=product&#038;p=23422"},"modified":"2026-03-03T22:17:37","modified_gmt":"2026-03-04T01:17:37","slug":"rega-io-amplificador-integrado-115v","status":"publish","type":"product","link":"https:\/\/hificlub.com.br\/loja\/produto\/rega-io-amplificador-integrado-115v\/","title":{"rendered":"REGA IO &#8211; Amplificador Integrado 115v"},"content":{"rendered":"<p>O IO foi projetado para oferecer desempenho excepcional da Rega a um pre\u00e7o acess\u00edvel. Ele usa o mesmo est\u00e1gio de amplificador que o Brio multipremiado agora projetado para funcionar a 30 W por canal em 8 \u03a9. O io possui duas entradas de n\u00edvel de linha, um est\u00e1gio phono magn\u00e9tico m\u00f3vel Rega de alta especifica\u00e7\u00e3o e uma sa\u00edda de fone de ouvido dedicada de alta qualidade. O io se integra perfeitamente a qualquer sistema de \u00e1udio dom\u00e9stico, mantendo-se simples de usar e f\u00e1cil de configurar. Imperd\u00edvel para demonstra\u00e7\u00e3o. O io usa o mesmo amplificador de pot\u00eancia e est\u00e1gio phono que seu irm\u00e3o maior, o multi-premiado Brio. O io visa oferecer qualidade de som excepcional em um pacote menor e mais econ\u00f4mico. O circuito classe A\/B compartilha seu DNA com o resto dos amplificadores da Rega e, como sempre, foi tomado muito cuidado na sele\u00e7\u00e3o dos componentes. Transistores de sa\u00edda Sanken e um potenci\u00f4metro de volume Alps e uma fonte de alimenta\u00e7\u00e3o linear que permite uma sa\u00edda de 30 watts por canal em 8 \u03a9. Duas entradas de n\u00edvel de linha e uma entrada fono magn\u00e9tica m\u00f3vel de alta qualidade est\u00e3o dispon\u00edveis como fontes. H\u00e1 uma sa\u00edda de fone de ouvido fornecida na parte frontal da unidade para alimentar fones de ouvido hi-fi padr\u00e3o; isso \u00e9 acionado a partir do est\u00e1gio de amplificador de pot\u00eancia da unidade atrav\u00e9s de rel\u00e9s para evitar a degrada\u00e7\u00e3o do sinal quando os fones de ouvido s\u00e3o inseridos ou o produto \u00e9 silenciado. Um novo mini monofone remoto redesenhado est\u00e1 inclu\u00eddo.<\/p>\n<p>&nbsp;<\/p>\n<p><a href=\"https:\/\/www.whathifi.com\/reviews\/rega-io\" target=\"_blank\" rel=\"noopener\"><img loading=\"lazy\" decoding=\"async\" class=\"alignnone wp-image-23344 \" src=\"https:\/\/hificlub.com.br\/loja\/wp-content\/uploads\/2023\/10\/what-hifi-awards-14.png\" alt=\"\" width=\"257\" height=\"130\" srcset=\"https:\/\/hificlub.com.br\/loja\/wp-content\/uploads\/2023\/10\/what-hifi-awards-14.png 316w, https:\/\/hificlub.com.br\/loja\/wp-content\/uploads\/2023\/10\/what-hifi-awards-14-300x152.png 300w\" sizes=\"auto, (max-width: 257px) 100vw, 257px\" \/><\/a>\u00a0 \u00a0 <a href=\"https:\/\/www.avforums.com\/reviews\/rega-io-integrated-amp-review.17834\/\" target=\"_blank\" rel=\"noopener\"><img loading=\"lazy\" decoding=\"async\" class=\"alignnone wp-image-23235 \" src=\"https:\/\/hificlub.com.br\/loja\/wp-content\/uploads\/2025\/06\/Avforums-award.png\" alt=\"\" width=\"413\" height=\"71\" srcset=\"https:\/\/hificlub.com.br\/loja\/wp-content\/uploads\/2025\/06\/Avforums-award.png 308w, https:\/\/hificlub.com.br\/loja\/wp-content\/uploads\/2025\/06\/Avforums-award-300x53.png 300w\" sizes=\"auto, (max-width: 413px) 100vw, 413px\" \/><\/a><\/p>\n","protected":false},"excerpt":{"rendered":"<p>O IO foi projetado para oferecer desempenho excepcional da Rega a um pre\u00e7o acess\u00edvel. Ele usa o mesmo est\u00e1gio de amplificador que o Brio multipremiado agora projetado para funcionar a 30 W por canal em 8 \u03a9. O io possui duas entradas de n\u00edvel de linha, um est\u00e1gio phono magn\u00e9tico m\u00f3vel Rega de alta especifica\u00e7\u00e3o [&hellip;]<\/p>\n","protected":false},"featured_media":23424,"template":"","meta":{"_acf_changed":false},"product_brand":[],"product_cat":[27,51,55],"product_tag":[],"class_list":{"0":"post-23422","1":"product","2":"type-product","3":"status-publish","4":"has-post-thumbnail","6":"product_cat-amplificador","7":"product_cat-integrado","8":"product_cat-rega","10":"first","11":"instock","12":"sold-individually","13":"shipping-taxable","14":"purchasable","15":"product-type-simple"},"acf":[],"aioseo_notices":[],"_links":{"self":[{"href":"https:\/\/hificlub.com.br\/loja\/wp-json\/wp\/v2\/product\/23422","targetHints":{"allow":["GET"]}}],"collection":[{"href":"https:\/\/hificlub.com.br\/loja\/wp-json\/wp\/v2\/product"}],"about":[{"href":"https:\/\/hificlub.com.br\/loja\/wp-json\/wp\/v2\/types\/product"}],"wp:featuredmedia":[{"embeddable":true,"href":"https:\/\/hificlub.com.br\/loja\/wp-json\/wp\/v2\/media\/23424"}],"wp:attachment":[{"href":"https:\/\/hificlub.com.br\/loja\/wp-json\/wp\/v2\/media?parent=23422"}],"wp:term":[{"taxonomy":"product_brand","embeddable":true,"href":"https:\/\/hificlub.com.br\/loja\/wp-json\/wp\/v2\/product_brand?post=23422"},{"taxonomy":"product_cat","embeddable":true,"href":"https:\/\/hificlub.com.br\/loja\/wp-json\/wp\/v2\/product_cat?post=23422"},{"taxonomy":"product_tag","embeddable":true,"href":"https:\/\/hificlub.com.br\/loja\/wp-json\/wp\/v2\/product_tag?post=23422"}],"curies":[{"name":"wp","href":"https:\/\/api.w.org\/{rel}","templated":true}]}}