{"id":23416,"date":"2025-06-25T16:48:20","date_gmt":"2025-06-25T19:48:20","guid":{"rendered":"https:\/\/hificlub.com.br\/loja\/?post_type=product&#038;p=23416"},"modified":"2026-03-03T22:17:38","modified_gmt":"2026-03-04T01:17:38","slug":"rega-elex-mk4-amplificador-integrado","status":"publish","type":"product","link":"https:\/\/hificlub.com.br\/loja\/produto\/rega-elex-mk4-amplificador-integrado\/","title":{"rendered":"REGA ELEX MK4 &#8211; Amplificador Integrado"},"content":{"rendered":"<p>O Elex MK4 \u00e9 um amplificador est\u00e9reo integrado de alto desempenho projetado para oferecer o mais puro desempenho musical. Alojado em um case totalmente novo para combinar com o resto da linha Rega, o MK4 se baseia em designs Rega anteriores usando nosso circuito amplificador de pot\u00eancia classe A\/B multipremiado que fornece impressionantes 72 W por canal em cargas de 8\u03a9 (90 W em 6\u03a9). Novas op\u00e7\u00f5es de conectividade traseira est\u00e3o dispon\u00edveis com o Elex MK4, agora incluindo um circuito Rega DAC com duas entradas digitais e uma sa\u00edda de fone de ouvido de alta qualidade convenientemente localizada no painel frontal. O Elex MK4 \u00e9 capaz de acionar alto-falantes dif\u00edceis com facilidade e se integrar\u00e1 perfeitamente a qualquer sistema de \u00e1udio, oferecendo uma gama mais ampla de op\u00e7\u00f5es de conectividade. Al\u00e9m do n\u00edvel de linha, entradas digitais e um est\u00e1gio phono de \u00edm\u00e3 m\u00f3vel de alta qualidade, voc\u00ea tamb\u00e9m encontrar\u00e1 a funcionalidade Pre-out e Record Out junto com uma sa\u00edda de fone de ouvido. Aten\u00e7\u00e3o especial foi dada \u00e0 sele\u00e7\u00e3o dos principais componentes de \u00e1udio. Circuitos discretos, rel\u00e9s de alta qualidade, capacitores de polipropileno e transistores de sa\u00edda Sanken s\u00e3o usados \u200b\u200bem todo o design. Concession\u00e1rios do Reino Unido<\/p>\n<p>&nbsp;<\/p>\n<p><a href=\"https:\/\/www.whathifi.com\/reviews\/rega-elex-mk4\" target=\"_blank\" rel=\"noopener\"><img loading=\"lazy\" decoding=\"async\" class=\"alignnone wp-image-23344 \" src=\"https:\/\/hificlub.com.br\/loja\/wp-content\/uploads\/2023\/10\/what-hifi-awards-14.png\" alt=\"\" width=\"271\" height=\"137\" srcset=\"https:\/\/hificlub.com.br\/loja\/wp-content\/uploads\/2023\/10\/what-hifi-awards-14.png 316w, https:\/\/hificlub.com.br\/loja\/wp-content\/uploads\/2023\/10\/what-hifi-awards-14-300x152.png 300w\" sizes=\"auto, (max-width: 271px) 100vw, 271px\" \/>\u00a0\u00a0\u00a0\u00a0 <\/a><a href=\"https:\/\/audiofi.net\/2023\/09\/review-rega-elex-mk4-amp-in-the-middle-but-never-middling\/\" target=\"_blank\" rel=\"noopener\"><img loading=\"lazy\" decoding=\"async\" class=\"alignnone wp-image-23421\" src=\"https:\/\/hificlub.com.br\/loja\/wp-content\/uploads\/2025\/06\/Audiofinet-award.jpg\" alt=\"\" width=\"309\" height=\"85\" \/><\/a><\/p>\n","protected":false},"excerpt":{"rendered":"<p>O Elex MK4 \u00e9 um amplificador est\u00e9reo integrado de alto desempenho projetado para oferecer o mais puro desempenho musical. Alojado em um case totalmente novo para combinar com o resto da linha Rega, o MK4 se baseia em designs Rega anteriores usando nosso circuito amplificador de pot\u00eancia classe A\/B multipremiado que fornece impressionantes 72 W [&hellip;]<\/p>\n","protected":false},"featured_media":23417,"template":"","meta":{"_acf_changed":false},"product_brand":[],"product_cat":[27,51,55],"product_tag":[],"class_list":{"0":"post-23416","1":"product","2":"type-product","3":"status-publish","4":"has-post-thumbnail","6":"product_cat-amplificador","7":"product_cat-integrado","8":"product_cat-rega","10":"first","11":"instock","12":"sold-individually","13":"shipping-taxable","14":"purchasable","15":"product-type-simple"},"acf":[],"aioseo_notices":[],"_links":{"self":[{"href":"https:\/\/hificlub.com.br\/loja\/wp-json\/wp\/v2\/product\/23416","targetHints":{"allow":["GET"]}}],"collection":[{"href":"https:\/\/hificlub.com.br\/loja\/wp-json\/wp\/v2\/product"}],"about":[{"href":"https:\/\/hificlub.com.br\/loja\/wp-json\/wp\/v2\/types\/product"}],"wp:featuredmedia":[{"embeddable":true,"href":"https:\/\/hificlub.com.br\/loja\/wp-json\/wp\/v2\/media\/23417"}],"wp:attachment":[{"href":"https:\/\/hificlub.com.br\/loja\/wp-json\/wp\/v2\/media?parent=23416"}],"wp:term":[{"taxonomy":"product_brand","embeddable":true,"href":"https:\/\/hificlub.com.br\/loja\/wp-json\/wp\/v2\/product_brand?post=23416"},{"taxonomy":"product_cat","embeddable":true,"href":"https:\/\/hificlub.com.br\/loja\/wp-json\/wp\/v2\/product_cat?post=23416"},{"taxonomy":"product_tag","embeddable":true,"href":"https:\/\/hificlub.com.br\/loja\/wp-json\/wp\/v2\/product_tag?post=23416"}],"curies":[{"name":"wp","href":"https:\/\/api.w.org\/{rel}","templated":true}]}}