{"id":23408,"date":"2025-06-25T10:57:15","date_gmt":"2025-06-25T13:57:15","guid":{"rendered":"https:\/\/hificlub.com.br\/loja\/?post_type=product&#038;p=23408"},"modified":"2025-06-25T11:23:08","modified_gmt":"2025-06-25T14:23:08","slug":"23408","status":"publish","type":"product","link":"https:\/\/hificlub.com.br\/loja\/produto\/23408\/","title":{"rendered":"REGA APHELION 2 &#8211; C\u00e1psula de Toca-discos"},"content":{"rendered":"<p>Cabe\u00e7a tipo MC (bobine m\u00f3vel)<\/p>\n<p>Meticulosamente montada \u00e0 m\u00e3o pelos nossos t\u00e9cnicos altamente especializados.<\/p>\n<p>O expoente m\u00e1ximo da micro-engenharia e da inova\u00e7\u00e3o, associado ao trabalho manual de precis\u00e3o.<\/p>\n<p>A Aphelion 2 pertence \u00e0 quarta gera\u00e7\u00e3o de c\u00e9lulas MC, criadas, aperfei\u00e7oadas e manufaturadas pela Rega. Partindo das tecnologias desenvolvidas na Aphelion de primeira gera\u00e7\u00e3o e na Apheta de \u00faltima gera\u00e7\u00e3o, os engenheiros da Rega levaram cada aspeto do seu design ao limite.<\/p>\n<p>A Rega Aphelion 2 tem um estilete de boro e uma agulha encastrada com um diamante de perfil \u201cfine line\u201d, de \u00faltima gera\u00e7\u00e3o. O poderoso \u00edman de neod\u00edmio e a bobinagem manual de alta precis\u00e3o numa cruzeta de ferro permitiram reduzir de forma dr\u00e1stica a massa do gerador, assegurando resultados de micro-din\u00e2mica, velocidade, rapidez de resposta e seguimento de sulco superlativos.<\/p>\n<p>A Aphelion 2 foi contru\u00edda num corpo de alum\u00ednio fresado e anodizado a preto, numa pe\u00e7a \u00fanica, mais r\u00edgida, desenhada com o aux\u00edlio a CAD e complementada por uma pel\u00edcula transparente de prote\u00e7\u00e3o mec\u00e2nica e contra as poeiras, permitindo um manuseamento mais seguro e f\u00e1cil\u2026<\/p>\n<p>A Aphelion foi especialmente desenvolvida para oferecer uma combina\u00e7\u00e3o imbat\u00edvel com o novo modelo de gira-discos de topo de gama, Planar 10.<\/p>\n<p>&nbsp;<\/p>\n<p><a href=\"https:\/\/www.whathifi.com\/reviews\/rega-naiaaphelion-2\" target=\"_blank\" rel=\"noopener\"><img loading=\"lazy\" decoding=\"async\" class=\"alignnone wp-image-23344 \" src=\"https:\/\/hificlub.com.br\/loja\/wp-content\/uploads\/2023\/10\/what-hifi-awards-14.png\" alt=\"\" width=\"284\" height=\"144\" srcset=\"https:\/\/hificlub.com.br\/loja\/wp-content\/uploads\/2023\/10\/what-hifi-awards-14.png 316w, https:\/\/hificlub.com.br\/loja\/wp-content\/uploads\/2023\/10\/what-hifi-awards-14-300x152.png 300w\" sizes=\"auto, (max-width: 284px) 100vw, 284px\" \/>\u00a0\u00a0\u00a0\u00a0 <\/a><a href=\"https:\/\/the-ear.net\/review-hardware\/rega-aphelion-2-moving-coil-cartridge\/\" target=\"_blank\" rel=\"noopener\"><img loading=\"lazy\" decoding=\"async\" class=\"alignnone wp-image-23237 \" src=\"https:\/\/hificlub.com.br\/loja\/wp-content\/uploads\/2025\/06\/Ear-Hifi-music-award.png\" alt=\"\" width=\"269\" height=\"139\" srcset=\"https:\/\/hificlub.com.br\/loja\/wp-content\/uploads\/2025\/06\/Ear-Hifi-music-award.png 331w, https:\/\/hificlub.com.br\/loja\/wp-content\/uploads\/2025\/06\/Ear-Hifi-music-award-300x155.png 300w\" sizes=\"auto, (max-width: 269px) 100vw, 269px\" \/><\/a><\/p>\n","protected":false},"excerpt":{"rendered":"<p>Cabe\u00e7a tipo MC (bobine m\u00f3vel) Meticulosamente montada \u00e0 m\u00e3o pelos nossos t\u00e9cnicos altamente especializados. O expoente m\u00e1ximo da micro-engenharia e da inova\u00e7\u00e3o, associado ao trabalho manual de precis\u00e3o. A Aphelion 2 pertence \u00e0 quarta gera\u00e7\u00e3o de c\u00e9lulas MC, criadas, aperfei\u00e7oadas e manufaturadas pela Rega. Partindo das tecnologias desenvolvidas na Aphelion de primeira gera\u00e7\u00e3o e na [&hellip;]<\/p>\n","protected":false},"featured_media":23410,"template":"","meta":{"_acf_changed":false},"product_brand":[],"product_cat":[78,99,55],"product_tag":[],"class_list":{"0":"post-23408","1":"product","2":"type-product","3":"status-publish","4":"has-post-thumbnail","6":"product_cat-analogico-audio","7":"product_cat-capsulas","8":"product_cat-rega","10":"first","11":"instock","12":"sold-individually","13":"shipping-taxable","14":"purchasable","15":"product-type-simple"},"acf":[],"aioseo_notices":[],"_links":{"self":[{"href":"https:\/\/hificlub.com.br\/loja\/wp-json\/wp\/v2\/product\/23408","targetHints":{"allow":["GET"]}}],"collection":[{"href":"https:\/\/hificlub.com.br\/loja\/wp-json\/wp\/v2\/product"}],"about":[{"href":"https:\/\/hificlub.com.br\/loja\/wp-json\/wp\/v2\/types\/product"}],"wp:featuredmedia":[{"embeddable":true,"href":"https:\/\/hificlub.com.br\/loja\/wp-json\/wp\/v2\/media\/23410"}],"wp:attachment":[{"href":"https:\/\/hificlub.com.br\/loja\/wp-json\/wp\/v2\/media?parent=23408"}],"wp:term":[{"taxonomy":"product_brand","embeddable":true,"href":"https:\/\/hificlub.com.br\/loja\/wp-json\/wp\/v2\/product_brand?post=23408"},{"taxonomy":"product_cat","embeddable":true,"href":"https:\/\/hificlub.com.br\/loja\/wp-json\/wp\/v2\/product_cat?post=23408"},{"taxonomy":"product_tag","embeddable":true,"href":"https:\/\/hificlub.com.br\/loja\/wp-json\/wp\/v2\/product_tag?post=23408"}],"curies":[{"name":"wp","href":"https:\/\/api.w.org\/{rel}","templated":true}]}}