{"id":23401,"date":"2025-06-25T10:41:42","date_gmt":"2025-06-25T13:41:42","guid":{"rendered":"https:\/\/hificlub.com.br\/loja\/?post_type=product&#038;p=23401"},"modified":"2026-03-03T22:17:38","modified_gmt":"2026-03-04T01:17:38","slug":"rega-carbon-mm-capsula-de-toca-discos","status":"publish","type":"product","link":"https:\/\/hificlub.com.br\/loja\/produto\/rega-carbon-mm-capsula-de-toca-discos\/","title":{"rendered":"REGA CARBON MM &#8211; C\u00e1psula de Toca-discos"},"content":{"rendered":"<p>Rega MM Carbon<\/p>\n<p>Rega Carbon \u00e9 um c\u00e1psula de capta\u00e7\u00e3o de \u00edm\u00e3 m\u00f3vel de alta qualidade, projetado para ser simples de configurar, f\u00e1cil de instalar e, acima de tudo, reproduzir m\u00fasica com precis\u00e3o.<\/p>\n<p>Rega Carbon oferece um desempenho vigoroso com graves firmes e controle tonal equilibrado. Sua ampla faixa de press\u00e3o de rastreamento o torna um cartucho altamente tolerante, f\u00e1cil de configurar e simples de usar.<\/p>\n","protected":false},"excerpt":{"rendered":"<p>Rega MM Carbon Rega Carbon \u00e9 um c\u00e1psula de capta\u00e7\u00e3o de \u00edm\u00e3 m\u00f3vel de alta qualidade, projetado para ser simples de configurar, f\u00e1cil de instalar e, acima de tudo, reproduzir m\u00fasica com precis\u00e3o. Rega Carbon oferece um desempenho vigoroso com graves firmes e controle tonal equilibrado. Sua ampla faixa de press\u00e3o de rastreamento o torna [&hellip;]<\/p>\n","protected":false},"featured_media":23402,"template":"","meta":{"_acf_changed":false},"product_brand":[],"product_cat":[78,99,55],"product_tag":[],"class_list":{"0":"post-23401","1":"product","2":"type-product","3":"status-publish","4":"has-post-thumbnail","6":"product_cat-analogico-audio","7":"product_cat-capsulas","8":"product_cat-rega","10":"first","11":"instock","12":"sold-individually","13":"shipping-taxable","14":"purchasable","15":"product-type-simple"},"acf":[],"aioseo_notices":[],"_links":{"self":[{"href":"https:\/\/hificlub.com.br\/loja\/wp-json\/wp\/v2\/product\/23401","targetHints":{"allow":["GET"]}}],"collection":[{"href":"https:\/\/hificlub.com.br\/loja\/wp-json\/wp\/v2\/product"}],"about":[{"href":"https:\/\/hificlub.com.br\/loja\/wp-json\/wp\/v2\/types\/product"}],"wp:featuredmedia":[{"embeddable":true,"href":"https:\/\/hificlub.com.br\/loja\/wp-json\/wp\/v2\/media\/23402"}],"wp:attachment":[{"href":"https:\/\/hificlub.com.br\/loja\/wp-json\/wp\/v2\/media?parent=23401"}],"wp:term":[{"taxonomy":"product_brand","embeddable":true,"href":"https:\/\/hificlub.com.br\/loja\/wp-json\/wp\/v2\/product_brand?post=23401"},{"taxonomy":"product_cat","embeddable":true,"href":"https:\/\/hificlub.com.br\/loja\/wp-json\/wp\/v2\/product_cat?post=23401"},{"taxonomy":"product_tag","embeddable":true,"href":"https:\/\/hificlub.com.br\/loja\/wp-json\/wp\/v2\/product_tag?post=23401"}],"curies":[{"name":"wp","href":"https:\/\/api.w.org\/{rel}","templated":true}]}}