{"id":23389,"date":"2025-06-25T10:26:47","date_gmt":"2025-06-25T13:26:47","guid":{"rendered":"https:\/\/hificlub.com.br\/loja\/?post_type=product&#038;p=23389"},"modified":"2026-03-03T22:17:38","modified_gmt":"2026-03-04T01:17:38","slug":"rega-ania-mc-capsula-de-toca-disco","status":"publish","type":"product","link":"https:\/\/hificlub.com.br\/loja\/produto\/rega-ania-mc-capsula-de-toca-disco\/","title":{"rendered":"REGA ANIA MC &#8211; C\u00e1psula de Toca Disco"},"content":{"rendered":"<p>A Ania foi inspirada no sucesso dos nossos modelos Apheta e Aphelion MC. Ania usa a mesma micro bobina enrolada \u00e0 m\u00e3o complexa encontrada no resto da linha e est\u00e1 alojada em um corpo altamente r\u00edgido PPS exclusivo. Este corpo \u00e9 um design excepcionalmente preciso que inclui a fixa\u00e7\u00e3o de tr\u00eas pontos da Rega para otimizar a conex\u00e3o ao cabe\u00e7ote do bra\u00e7o de tom e define automaticamente a sali\u00eancia quando instalado em um bra\u00e7o de tom Rega. O novo corpo \u00e9 protegido por uma tampa r\u00edgida transparente projetada em CAD para proteger os fios finos internos, tornando o manuseio durante a montagem, seguro e livre de riscos. O Ania possui um \u00edm\u00e3 de neod\u00edmio super potente e uma bobina meticulosamente enrolada \u00e0 m\u00e3o em uma microcruz de ferro. Esta montagem em miniatura nos permite maior liberdade para rastrear o sulco do vinil, garantindo ainda mais detalhes a serem extra\u00eddos do vinil. O design do cartucho Moving Coil da Rega \u00e9 \u00fanico em sua abordagem para obter um gerador de massa ultra baixa que n\u00e3o \u00e9 amortecido (sem fio de amarra\u00e7\u00e3o) usando um piv\u00f4 romb\u00f3ide exclusivo para o cantilever alimentado por um sistema de \u00edm\u00e3 de neod\u00edmio projetado exclusivamente para Rega. Este tipo de design requer um corpo de cartucho projetado com toler\u00e2ncia zero que \u00e9 a \u00e1rea de especializa\u00e7\u00e3o da Rega e com os produtos Apheta 3 e Aphelion 2 esses corpos s\u00e3o usinados a partir de uma pe\u00e7a de alum\u00ednio da mais alta qualidade. Este \u00e9 um processo dif\u00edcil e caro que requer todos os anos de experi\u00eancia da Rega para ser alcan\u00e7ado. Em particular, a toler\u00e2ncia &#8220;zero&#8221; do corpo \u00e9 necess\u00e1ria no alinhamento e dimens\u00e3o do orif\u00edcio de montagem da almofada de piv\u00f4 e na rela\u00e7\u00e3o do orif\u00edcio de montagem do mecanismo magn\u00e9tico.<\/p>\n","protected":false},"excerpt":{"rendered":"<p>A Ania foi inspirada no sucesso dos nossos modelos Apheta e Aphelion MC. Ania usa a mesma micro bobina enrolada \u00e0 m\u00e3o complexa encontrada no resto da linha e est\u00e1 alojada em um corpo altamente r\u00edgido PPS exclusivo. Este corpo \u00e9 um design excepcionalmente preciso que inclui a fixa\u00e7\u00e3o de tr\u00eas pontos da Rega para [&hellip;]<\/p>\n","protected":false},"featured_media":23390,"template":"","meta":{"_acf_changed":false},"product_brand":[],"product_cat":[78,99,55],"product_tag":[],"class_list":{"0":"post-23389","1":"product","2":"type-product","3":"status-publish","4":"has-post-thumbnail","6":"product_cat-analogico-audio","7":"product_cat-capsulas","8":"product_cat-rega","10":"first","11":"instock","12":"sold-individually","13":"shipping-taxable","14":"purchasable","15":"product-type-simple"},"acf":[],"aioseo_notices":[],"_links":{"self":[{"href":"https:\/\/hificlub.com.br\/loja\/wp-json\/wp\/v2\/product\/23389","targetHints":{"allow":["GET"]}}],"collection":[{"href":"https:\/\/hificlub.com.br\/loja\/wp-json\/wp\/v2\/product"}],"about":[{"href":"https:\/\/hificlub.com.br\/loja\/wp-json\/wp\/v2\/types\/product"}],"wp:featuredmedia":[{"embeddable":true,"href":"https:\/\/hificlub.com.br\/loja\/wp-json\/wp\/v2\/media\/23390"}],"wp:attachment":[{"href":"https:\/\/hificlub.com.br\/loja\/wp-json\/wp\/v2\/media?parent=23389"}],"wp:term":[{"taxonomy":"product_brand","embeddable":true,"href":"https:\/\/hificlub.com.br\/loja\/wp-json\/wp\/v2\/product_brand?post=23389"},{"taxonomy":"product_cat","embeddable":true,"href":"https:\/\/hificlub.com.br\/loja\/wp-json\/wp\/v2\/product_cat?post=23389"},{"taxonomy":"product_tag","embeddable":true,"href":"https:\/\/hificlub.com.br\/loja\/wp-json\/wp\/v2\/product_tag?post=23389"}],"curies":[{"name":"wp","href":"https:\/\/api.w.org\/{rel}","templated":true}]}}