{"id":23373,"date":"2025-06-24T17:26:11","date_gmt":"2025-06-24T20:26:11","guid":{"rendered":"https:\/\/hificlub.com.br\/loja\/?post_type=product&#038;p=23373"},"modified":"2026-03-03T22:17:39","modified_gmt":"2026-03-04T01:17:39","slug":"marantz-sacd-10-sacd-player-champagne","status":"publish","type":"product","link":"https:\/\/hificlub.com.br\/loja\/produto\/marantz-sacd-10-sacd-player-champagne\/","title":{"rendered":"MARANTZ SACD 10 &#8211; REFERENCE CD\/SACD Player e DAC &#8211; Champagne"},"content":{"rendered":"<h3>Um reprodutor de discos de alta resolu\u00e7\u00e3o com entradas e sa\u00eddas digitais, sa\u00edda anal\u00f3gica XLR e RCA e sa\u00edda para fones de ouvido<\/h3>\n<div class=\"animated-item\" data-scroll-reveal=\"fade up fast each\">\n<div class=\"title-text\">\n<h2 class=\"headline3\"><span style=\"font-size: 16px\">Com duas entradas digitais \u00f3pticas e coaxiais, e uma sa\u00edda digital para cada, o SACD 10, com quase 33 kg, funciona quase como um hub digital para o seu sistema dom\u00e9stico. Ele utiliza um transporte de disco SACDM-3 projetado pela Marantz e oferece um DAC compat\u00edvel com at\u00e9 DSD 256 e PCM 384\/32.<\/span><\/h2>\n<\/div>\n<\/div>\n<p>A evolu\u00e7\u00e3o do circuito de transmiss\u00e3o e convers\u00e3o de masteriza\u00e7\u00e3o musical da Marantz oferece o som com afina\u00e7\u00e3o divertida pela qual a Marantz \u00e9 conhecida. Inclui um amplificador de fone de ouvido com ganho vari\u00e1vel totalmente discreto, display OLED e tudo isso apoiado por fontes de alimenta\u00e7\u00e3o duplas com transformadores toroidais.<\/p>\n<p>A Marantz Industrial Design garante um PCB de oito camadas com um layout de circuito ideal.<\/p>\n<p>O padr\u00e3o de refer\u00eancia SACD 10 foi criado para ser o melhor, usando um mecanismo de transporte SACDM-3 totalmente projetado pela Marantz para rejei\u00e7\u00e3o m\u00e1xima de resson\u00e2ncia.<\/p>\n<ul>\n<li>Mecanismo de transporte Marantz SACDM-3<\/li>\n<li>Suporte a DSD 256 e PCM 384\/32<\/li>\n<li>Amplificador de fone de ouvido<\/li>\n<li>Fontes de alimenta\u00e7\u00e3o duplas com transformadores toroidais<\/li>\n<li>Tela OLED<\/li>\n<li>Marantz Design Industrial<\/li>\n<\/ul>\n<p>Do chassi de alum\u00ednio de tr\u00eas camadas com blindagem de cobre aos PCBs multicamadas totalmente originais, sub-gabinetes isolados e m\u00f3dulo HDAM, o SACD 10 \u00e9 o produto de d\u00e9cadas de experi\u00eancia em engenharia de \u00e1udio, estabelecendo um novo padr\u00e3o com constru\u00e7\u00e3o meticulosa, tecnologias de \u00faltima gera\u00e7\u00e3o e design not\u00e1vel.<\/p>\n<p>O SACD 10 mant\u00e9m as caracter\u00edsticas sonoras da Marantz: calor, amplitude e resolu\u00e7\u00e3o. No entanto, os avan\u00e7os no design e a afina\u00e7\u00e3o precisa do Sound Master resultam na express\u00e3o mais pura do som Marantz de todos os tempos. Como resultado, o ouvinte vivencia mais detalhes do que nunca.<\/p>\n<p>O SACD 10 suporta fontes balanceadas via DAC USB-A e USB-B, al\u00e9m de suporte a DSD 256 e PCM 384\/32. As op\u00e7\u00f5es de conectividade tamb\u00e9m incluem sa\u00eddas e entradas digitais coaxiais e \u00f3pticas, al\u00e9m de sa\u00eddas anal\u00f3gicas XLR e RCA de n\u00edvel fixo.<\/p>\n<p>Com superf\u00edcie de controle em alum\u00ednio escovado, detalhes em acabamento repuxado, estrutura de alum\u00ednio de se\u00e7\u00e3o espessa e chassi triplo revestido em cobre, o SACD 10 \u00e9 \u00fanico. Dispon\u00edvel em duas cores, Marantz Black e Marantz Champagne, para complementar qualquer ambiente.<\/p>\n<p>&nbsp;<\/p>\n<p><a href=\"https:\/\/www.whathifi.com\/marantz\/sa-10\/review\" target=\"_blank\" rel=\"noopener\"><img loading=\"lazy\" decoding=\"async\" class=\"alignnone wp-image-23344 \" src=\"https:\/\/hificlub.com.br\/loja\/wp-content\/uploads\/2023\/10\/what-hifi-awards-14.png\" alt=\"\" width=\"235\" height=\"119\" srcset=\"https:\/\/hificlub.com.br\/loja\/wp-content\/uploads\/2023\/10\/what-hifi-awards-14.png 316w, https:\/\/hificlub.com.br\/loja\/wp-content\/uploads\/2023\/10\/what-hifi-awards-14-300x152.png 300w\" sizes=\"auto, (max-width: 235px) 100vw, 235px\" \/>\u00a0\u00a0\u00a0\u00a0 <\/a><a href=\"https:\/\/ifdesign.com\/en\/winner-ranking\/project\/marantz-10-series\/639940\" target=\"_blank\" rel=\"noopener\"><img loading=\"lazy\" decoding=\"async\" class=\"alignnone wp-image-23381 \" src=\"https:\/\/hificlub.com.br\/loja\/wp-content\/uploads\/2025\/06\/Ifdesign-award.jpg\" alt=\"\" width=\"182\" height=\"117\" \/><\/a><\/p>\n","protected":false},"excerpt":{"rendered":"<p>Um reprodutor de discos de alta resolu\u00e7\u00e3o com entradas e sa\u00eddas digitais, sa\u00edda anal\u00f3gica XLR e RCA e sa\u00edda para fones de ouvido Com duas entradas digitais \u00f3pticas e coaxiais, e uma sa\u00edda digital para cada, o SACD 10, com quase 33 kg, funciona quase como um hub digital para o seu sistema dom\u00e9stico. Ele [&hellip;]<\/p>\n","protected":false},"featured_media":23374,"template":"","meta":{"_acf_changed":false},"product_brand":[],"product_cat":[42,41,92],"product_tag":[],"class_list":{"0":"post-23373","1":"product","2":"type-product","3":"status-publish","4":"has-post-thumbnail","6":"product_cat-cd-players","7":"product_cat-digital","8":"product_cat-marantz","10":"first","11":"instock","12":"sold-individually","13":"shipping-taxable","14":"purchasable","15":"product-type-simple"},"acf":[],"aioseo_notices":[],"_links":{"self":[{"href":"https:\/\/hificlub.com.br\/loja\/wp-json\/wp\/v2\/product\/23373","targetHints":{"allow":["GET"]}}],"collection":[{"href":"https:\/\/hificlub.com.br\/loja\/wp-json\/wp\/v2\/product"}],"about":[{"href":"https:\/\/hificlub.com.br\/loja\/wp-json\/wp\/v2\/types\/product"}],"wp:featuredmedia":[{"embeddable":true,"href":"https:\/\/hificlub.com.br\/loja\/wp-json\/wp\/v2\/media\/23374"}],"wp:attachment":[{"href":"https:\/\/hificlub.com.br\/loja\/wp-json\/wp\/v2\/media?parent=23373"}],"wp:term":[{"taxonomy":"product_brand","embeddable":true,"href":"https:\/\/hificlub.com.br\/loja\/wp-json\/wp\/v2\/product_brand?post=23373"},{"taxonomy":"product_cat","embeddable":true,"href":"https:\/\/hificlub.com.br\/loja\/wp-json\/wp\/v2\/product_cat?post=23373"},{"taxonomy":"product_tag","embeddable":true,"href":"https:\/\/hificlub.com.br\/loja\/wp-json\/wp\/v2\/product_tag?post=23373"}],"curies":[{"name":"wp","href":"https:\/\/api.w.org\/{rel}","templated":true}]}}