{"id":23359,"date":"2025-06-24T11:06:39","date_gmt":"2025-06-24T14:06:39","guid":{"rendered":"https:\/\/hificlub.com.br\/loja\/?post_type=product&#038;p=23359"},"modified":"2026-03-03T22:17:39","modified_gmt":"2026-03-04T01:17:39","slug":"rega-planar-1-plus-mm-matt-toca-discos","status":"publish","type":"product","link":"https:\/\/hificlub.com.br\/loja\/produto\/rega-planar-1-plus-mm-matt-toca-discos\/","title":{"rendered":"REGA PLANAR 1 PLUS MM MATT &#8211; Toca-discos"},"content":{"rendered":"<p>O Planar 1 Plus usa um motor CA s\u00edncrono de 24 V com um novo PCB do motor e polia de alum\u00ednio. Isso oferece os benef\u00edcios de baixo ru\u00eddo e melhor estabilidade de velocidade. Para garantir que o Planar tenha uma apar\u00eancia t\u00e3o bonita quanto parece, apresenta um novo pedestal laminado mate termofixo com apar\u00eancia amplamente melhorada e um novo bot\u00e3o liga \/ desliga ergonomicamente posicionado na parte inferior. Acabamentos Matt Black and White est\u00e3o dispon\u00edveis. A Rega aprimorou o prato para um tipo de resina fen\u00f3lica de 23 mm de massa maior para maior estabilidade de velocidade e tamb\u00e9m reprojetou os p\u00e9s para rejei\u00e7\u00e3o de vibra\u00e7\u00e3o aprimorada, completando um pacote impressionante. O deck tamb\u00e9m \u00e9 movido pela mais recente correia EBLT.<\/p>\n<p>&nbsp;<\/p>\n","protected":false},"excerpt":{"rendered":"<p>O Planar 1 Plus usa um motor CA s\u00edncrono de 24 V com um novo PCB do motor e polia de alum\u00ednio. Isso oferece os benef\u00edcios de baixo ru\u00eddo e melhor estabilidade de velocidade. Para garantir que o Planar tenha uma apar\u00eancia t\u00e3o bonita quanto parece, apresenta um novo pedestal laminado mate termofixo com apar\u00eancia [&hellip;]<\/p>\n","protected":false},"featured_media":23363,"template":"","meta":{"_acf_changed":false},"product_brand":[],"product_cat":[78,55,98],"product_tag":[],"class_list":{"0":"post-23359","1":"product","2":"type-product","3":"status-publish","4":"has-post-thumbnail","6":"product_cat-analogico-audio","7":"product_cat-rega","8":"product_cat-toca-discos","10":"first","11":"instock","12":"sold-individually","13":"shipping-taxable","14":"purchasable","15":"product-type-simple"},"acf":[],"aioseo_notices":[],"_links":{"self":[{"href":"https:\/\/hificlub.com.br\/loja\/wp-json\/wp\/v2\/product\/23359","targetHints":{"allow":["GET"]}}],"collection":[{"href":"https:\/\/hificlub.com.br\/loja\/wp-json\/wp\/v2\/product"}],"about":[{"href":"https:\/\/hificlub.com.br\/loja\/wp-json\/wp\/v2\/types\/product"}],"wp:featuredmedia":[{"embeddable":true,"href":"https:\/\/hificlub.com.br\/loja\/wp-json\/wp\/v2\/media\/23363"}],"wp:attachment":[{"href":"https:\/\/hificlub.com.br\/loja\/wp-json\/wp\/v2\/media?parent=23359"}],"wp:term":[{"taxonomy":"product_brand","embeddable":true,"href":"https:\/\/hificlub.com.br\/loja\/wp-json\/wp\/v2\/product_brand?post=23359"},{"taxonomy":"product_cat","embeddable":true,"href":"https:\/\/hificlub.com.br\/loja\/wp-json\/wp\/v2\/product_cat?post=23359"},{"taxonomy":"product_tag","embeddable":true,"href":"https:\/\/hificlub.com.br\/loja\/wp-json\/wp\/v2\/product_tag?post=23359"}],"curies":[{"name":"wp","href":"https:\/\/api.w.org\/{rel}","templated":true}]}}