{"id":2335,"date":"2023-10-17T20:00:17","date_gmt":"2023-10-17T23:00:17","guid":{"rendered":"https:\/\/hificlub.com.br\/loja2\/produto\/kef-ls50-wireless-ii\/"},"modified":"2026-03-03T22:20:53","modified_gmt":"2026-03-04T01:20:53","slug":"kef-ls50-wireless-ii","status":"publish","type":"product","link":"https:\/\/hificlub.com.br\/loja\/produto\/kef-ls50-wireless-ii\/","title":{"rendered":"KEF LS50 WIRELESS II"},"content":{"rendered":"<p>O LS50 Wireless II \u00e9 mais do que um alto-falante de alto desempenho; \u00e9 o sistema de alto-falantes tudo-em-um perfeito, transmitindo de qualquer fonte gra\u00e7as \u00e0 compatibilidade sem fio com AirPlay 2, Chromecast e muito mais, al\u00e9m de conex\u00f5es com fio para sua TV, console de jogos e toca-discos. Excelente som, sem amarras. O Uni-Q de 12 gera\u00e7\u00f5es da KEF com Metamaterial Absorption Technology (MAT \u2122) oferece colora\u00e7\u00e3o reduzida, menos distor\u00e7\u00e3o e um som mais transparente e real do que era poss\u00edvel anteriormente.<\/p>\n<p>&nbsp;<\/p>\n<p>O LS50 Wireless II \u00e9 mais do que um alto-falante de alto desempenho; \u00e9 o sistema de alto-falantes tudo-em-um perfeito. Ele revela todos os detalhes de sua m\u00fasica favorita, que voc\u00ea transmite de qualquer fonte, gra\u00e7as \u00e0 compatibilidade sem fio com AirPlay 2, Chromecast e muito mais<\/p>\n<p>Liberdade<br \/>\nToda a m\u00fasica, o tempo todo<br \/>\nN\u00e3o importa como voc\u00ea transmite sua m\u00fasica, o LS50 Wireless II tem o que voc\u00ea precisa. Voc\u00ea pode transmitir diretamente do aplicativo nativo do Spotify com o Spotify Connect. Com o aplicativo KEF Connect, voc\u00ea tamb\u00e9m pode transmitir Tidal, Amazon Music, Qobuz e Deezer ou sintonizar r\u00e1dio na Internet e podcasts.<br \/>\nTodos os seus dispositivos<br \/>\nCompatibilidade sem fio out-of-the-box com AirPlay 2, Google Chromecast e mais, com backup com conex\u00f5es com fio para sua TV, toca-discos, CD player e console de jogos. Seja qual for a fonte que voc\u00ea tenha, o LS50 Wireless II est\u00e1 pronto para isso.<br \/>\nEntusiasta de Hi-Fi<br \/>\nO LS50 Wireless II tem audi\u00f3filos cobertos com suporte para streaming de arquivos de m\u00fasica de at\u00e9 24 bits \/ 384 kHz, bem como MQA, DSD256 e Roon Ready. Esses recursos significam que at\u00e9 mesmo o entusiasta de alta-fidelidade experiente ficar\u00e1 maravilhado com a capacidade deste alto-falante excepcional.<\/p>\n<p>Centrado no usu\u00e1rio<br \/>\nDeixe voc\u00ea ser voc\u00ea<br \/>\nMesmo al\u00e9m da performance musical perfeita, LS50 Wireless II \u00e9 muito f\u00e1cil de configurar gra\u00e7as ao aplicativo KEF Connect. \u00c9 intuitivo de usar com qualquer fonte em sua casa e permite atualiza\u00e7\u00f5es de firmware simples pelo ar que trazem recursos novos e aprimorados com o m\u00ednimo de barulho.<\/p>\n<p>Conectividade com ou sem fio<br \/>\nVoc\u00ea pode optar por operar o LS50 Wireless II totalmente sem fio com resolu\u00e7\u00e3o de 24 bits \/ 96kHz para uma configura\u00e7\u00e3o totalmente livre de confus\u00e3o, ou voc\u00ea pode conectar os dois alto-falantes com o cabo fornecido para som de resolu\u00e7\u00e3o de 24 bits \/ 192kHz.<\/p>\n<p>Experi\u00eancia de audi\u00e7\u00e3o personalizada<br \/>\nO novo aplicativo dedicado KEF Connect controla o LS50 Wireless II diariamente, incluindo configura\u00e7\u00f5es de som intuitivas para que voc\u00ea possa sintonizar o som de acordo com seus gostos pessoais. Voc\u00ea pode at\u00e9 selecionar sua fonte favorita para ativar o LS50 Wireless II sempre que for ligado, permitindo acesso imediato ao melhor som.<\/p>\n<p>Sistema multiroom simples<br \/>\nAo usar o LS50 Wireless II com Airplay 2, Chromecast ou Roon, voc\u00ea pode transmitir para v\u00e1rios alto-falantes em sua casa ao mesmo tempo. Ao usar v\u00e1rios alto-falantes LS50 Wireless II, voc\u00ea pode ter um sistema multiroom simples e de alto desempenho.<\/p>\n<p>Desempenho. Som mais preciso e envolvente.<br \/>\nO LS50 Wireless II possui driver Uni-Q de 12\u00aa gera\u00e7\u00e3o da KEF com Metamaterial Absorption Technology (MAT \u2122) para uma precis\u00e3o ac\u00fastica excepcional e um som puro e natural.<\/p>\n<p>Music Integrity Engine<br \/>\nTodos os aspectos do desempenho do LS50 Wireless II s\u00e3o auxiliados pelo Music Integrity Engine personalizado da KEF. Esta cole\u00e7\u00e3o de algoritmos de processamento de sinal digital personalizados \u00e9 otimizada para o driver Uni-Q, permitindo que ele forne\u00e7a um desempenho perfeitamente sincronizado, para melhor imagem e um som mais compacto.<\/p>\n<p>Poder abundante<br \/>\nOs amplificadores embutidos foram desenvolvidos internamente pela KEF. Cada tweeter \u00e9 impulsionado por um amplificador classe A \/ B de 100 W que oferece um desempenho de agudos suave e incrivelmente detalhado. Amplificadores de classe D de 280W dedicados alimentam os drivers de m\u00e9dios \/ graves, para um som controlado que enche o ambiente de at\u00e9 108db.<\/p>\n<p>Projeto<br \/>\nAten\u00e7\u00e3o a cada detalhe<br \/>\nCada aspecto do LS50 Wireless II foi considerado para benef\u00edcios ac\u00fasticos e de uma perspectiva de design. O defletor curvo de baixa difra\u00e7\u00e3o \u00e9 modelado com precis\u00e3o em torno do driver Uni-Q, enquanto dissipadores de calor atraentes e portas de cores correspondentes est\u00e3o localizadas na parte traseira bem equipada. O painel de controle montado na parte superior foi projetado para ser elegante e funcional.<\/p>\n<p>A cor perfeita para voc\u00ea<br \/>\nO LS50 Wireless II est\u00e1 dispon\u00edvel em tr\u00eas acabamentos foscos, negro de fumo, cinza tit\u00e2nio e branco mineral, bem como uma edi\u00e7\u00e3o especial em vermelho carmesim. Todas as op\u00e7\u00f5es de cores s\u00e3o refletidas nas unidades de acionamento e na porta traseira. O painel de controle montado na parte superior foi projetado para ser elegante e funcional.<br \/>\nO que h\u00e1 de novo<br \/>\nOs propriet\u00e1rios do LS50 Wireless podem estar se perguntando o que h\u00e1 de novo? A resposta: praticamente tudo. O original era fant\u00e1stico, mas o LS50 Wireless II \u00e9 melhor em todos os aspectos, com som aprimorado, melhor conectividade e usabilidade.<\/p>\n<p>ESPECIFICA\u00c7\u00c3O<\/p>\n<p>Unidades de acionamento Matriz de<br \/>\nacionamento Uni-Q: LF: cone de alum\u00ednio de 130 mm (5,25 pol.)<br \/>\nHF: c\u00fapula de alum\u00ednio ventilada de 25 mm (1 pol.) Com tecnologia de absor\u00e7\u00e3o de metamaterial<br \/>\nFaixa de frequ\u00eancia (-6dB) medida em 85dB \/ 1m 40 Hz \u2013 47 kHz * Depende das configura\u00e7\u00f5es de EQ<br \/>\nResposta de frequ\u00eancia (\u00b1 3dB) medida a 85dB \/ 1m 45 Hz \u2013 28 kHz * Depende das configura\u00e7\u00f5es de EQ<br \/>\nPot\u00eancia de sa\u00edda do amplificador (por alto-falante) LF: 280W HF: 100W<br \/>\nRecursos de streaming sem fio AirPlay 2<br \/>\nGoogle Chromecast<br \/>\nROON Ready<br \/>\nCompat\u00edvel com UPnP<br \/>\nBluetooth 4.2<br \/>\nServi\u00e7os de streaming Spotify via Spotify Connect<br \/>\nTidal<br \/>\nAmazon Music<br \/>\nQobuz<br \/>\nDeezer<br \/>\nQQ Music via QPlay<br \/>\nInternet Radio<br \/>\nPodcast<br \/>\nResolu\u00e7\u00e3o da fonte Rede at\u00e9 384 kHz \/ 24 bits \u00d3tica at\u00e9 96 kHz \/ 24 bits<br \/>\nCoaxial at\u00e9 192 kHz \/ 24 bits<br \/>\nHDMI at\u00e9 192 kHz \/ 24 bits<br \/>\nConex\u00e3o Interspeaker Sem fio: todas as fontes reamostradas para 96kHz \/ 24 bits PCM<br \/>\nCom fio: todas as fontes reamostradas para 192kHz \/ 24 bits PCM<br \/>\nFormato compat\u00edvel (todas as entradas) MP3, M4A, AAC, FLAC, WAV, AIFF, ALAC, WMA, LPCM e Ogg Vorbis<br \/>\nFormato compat\u00edvel (rede) MQA<br \/>\nDSF: DSD64, DSD128, DSD256<br \/>\nDFF: DSD64<br \/>\nDimens\u00f5es (HWD por alto-falante) 305 x 200 x 311 mm (12 x 7,9 x 12,2 pol.)<br \/>\nPeso (por conjunto) 20,1 kg (44,31 libras)<br \/>\nEntrada de energia 100 \u2013 240VAC 50 \/ 60Hz<br \/>\nConsumo de energia 200 W (pot\u00eancia operacional)<br \/>\n&lt;2,0 W (pot\u00eancia em espera) Entradas de alto-falante principal HDMI eARC TOSLINK \u00d3ptico Digital Coaxial Anal\u00f3gico 3,5 mm USB Auxiliar Tipo A (servi\u00e7o) RJ45 Ethernet (rede) RJ45 Ethernet (inter- alto-falante ) Resultado Sa\u00edda de subwoofer RCA Padr\u00e3o de rede Wi-Fi Banda dupla 2,4 GHz \/ 5 GHz Entradas de alto-falante secund\u00e1rio USB Tipo A (servi\u00e7o) Ethernet RJ45 (inter alto-falante)<\/p>\n","protected":false},"excerpt":{"rendered":"<p>O LS50 Wireless II \u00e9 mais do que um alto-falante de alto desempenho; \u00e9 o sistema de alto-falantes tudo-em-um perfeito, transmitindo de qualquer fonte gra\u00e7as \u00e0 compatibilidade sem fio com AirPlay 2, Chromecast e muito mais, al\u00e9m de conex\u00f5es com fio para sua TV, console de jogos e toca-discos. Excelente som, sem amarras. O Uni-Q [&hellip;]<\/p>\n","protected":false},"featured_media":22292,"template":"","meta":{"_acf_changed":false},"product_brand":[],"product_cat":[25,17,152,56],"product_tag":[],"class_list":{"0":"post-2335","1":"product","2":"type-product","3":"status-publish","4":"has-post-thumbnail","6":"product_cat-bookshelf","7":"product_cat-caixas","8":"product_cat-caixas-amplificadas","9":"product_cat-kef","11":"first","12":"instock","13":"sold-individually","14":"shipping-taxable","15":"purchasable","16":"product-type-simple"},"acf":[],"aioseo_notices":[],"_links":{"self":[{"href":"https:\/\/hificlub.com.br\/loja\/wp-json\/wp\/v2\/product\/2335","targetHints":{"allow":["GET"]}}],"collection":[{"href":"https:\/\/hificlub.com.br\/loja\/wp-json\/wp\/v2\/product"}],"about":[{"href":"https:\/\/hificlub.com.br\/loja\/wp-json\/wp\/v2\/types\/product"}],"wp:featuredmedia":[{"embeddable":true,"href":"https:\/\/hificlub.com.br\/loja\/wp-json\/wp\/v2\/media\/22292"}],"wp:attachment":[{"href":"https:\/\/hificlub.com.br\/loja\/wp-json\/wp\/v2\/media?parent=2335"}],"wp:term":[{"taxonomy":"product_brand","embeddable":true,"href":"https:\/\/hificlub.com.br\/loja\/wp-json\/wp\/v2\/product_brand?post=2335"},{"taxonomy":"product_cat","embeddable":true,"href":"https:\/\/hificlub.com.br\/loja\/wp-json\/wp\/v2\/product_cat?post=2335"},{"taxonomy":"product_tag","embeddable":true,"href":"https:\/\/hificlub.com.br\/loja\/wp-json\/wp\/v2\/product_tag?post=2335"}],"curies":[{"name":"wp","href":"https:\/\/api.w.org\/{rel}","templated":true}]}}