{"id":23323,"date":"2025-06-23T10:30:48","date_gmt":"2025-06-23T13:30:48","guid":{"rendered":"https:\/\/hificlub.com.br\/loja\/?post_type=product&#038;p=23323"},"modified":"2026-03-03T22:17:39","modified_gmt":"2026-03-04T01:17:39","slug":"pro-ject-debut-pro-s-pick-it-s2c-toca-discos","status":"publish","type":"product","link":"https:\/\/hificlub.com.br\/loja\/produto\/pro-ject-debut-pro-s-pick-it-s2c-toca-discos\/","title":{"rendered":"PRO-JECT DEBUT PRO-S &#8211; Toca-discos"},"content":{"rendered":"<p>O Debut PRO S amplia a s\u00e9rie PRO em estilo e \u00e9 consistente com nossa filosofia de toca-discos que estimulam a audi\u00e7\u00e3o consciente. O Debut PRO S leva esta filosofia para o pr\u00f3ximo n\u00edvel. Os controles manuais convidam o ouvinte a interagir com o toca-discos. A recompensa sonora decorre da experi\u00eancia t\u00e1til. N\u00e3o h\u00e1 interruptores, LEDs nem etiquetas desnecess\u00e1rias para desviar a aten\u00e7\u00e3o do essencial. O mais recente design de bra\u00e7o de alum\u00ednio de 10 \u2033 em forma de S \u00e9 usinado com precis\u00e3o e inclui um bloco de rolamento fresado em CNC para um novo grau de resolu\u00e7\u00e3o. O Debut PRO S \u00e9 perfeito para os amantes de cartuchos, permitindo a explora\u00e7\u00e3o de v\u00e1rias vozes atrav\u00e9s da f\u00e1cil troca do cartucho fonogr\u00e1fico e do cabe\u00e7ote. Adote o ajuste de azimute e VTA e voc\u00ea ter\u00e1 controle total sobre os par\u00e2metros de configura\u00e7\u00e3o do seu cartucho. Como sempre, o deck \u00e9 feito \u00e0 m\u00e3o na Europa com materiais de primeira qualidade. O acabamento totalmente preto acetinado (incluindo pe\u00e7as pintadas \u00e0 m\u00e3o) torna o Debut PRO S um atrativo intrigante que parece t\u00e3o bom quanto parece.<\/p>\n<p>&nbsp;<\/p>\n<p><a href=\"https:\/\/www-hifinews-com.translate.goog\/content\/pro-ject-debut-pro-s-turntable-package?_x_tr_sl=en&amp;_x_tr_tl=pt&amp;_x_tr_hl=pt&amp;_x_tr_pto=tc\"><img loading=\"lazy\" decoding=\"async\" class=\"alignnone wp-image-21976\" src=\"https:\/\/hificlub.com.br\/loja\/wp-content\/uploads\/2025\/05\/what-hifi-awards-1.png\" alt=\"\" width=\"261\" height=\"132\" data-wp-editing=\"1\" srcset=\"https:\/\/hificlub.com.br\/loja\/wp-content\/uploads\/2025\/05\/what-hifi-awards-1.png 316w, https:\/\/hificlub.com.br\/loja\/wp-content\/uploads\/2025\/05\/what-hifi-awards-1-300x152.png 300w\" sizes=\"auto, (max-width: 261px) 100vw, 261px\" \/>\u00a0\u00a0\u00a0\u00a0\u00a0<\/a><a href=\"https:\/\/www-hifinews-com.translate.goog\/content\/pro-ject-debut-pro-s-turntable-package?_x_tr_sl=en&amp;_x_tr_tl=pt&amp;_x_tr_hl=pt&amp;_x_tr_pto=tc\" target=\"_blank\" rel=\"noopener\"><img loading=\"lazy\" decoding=\"async\" class=\"alignnone wp-image-22847 \" src=\"https:\/\/hificlub.com.br\/loja\/wp-content\/uploads\/2025\/06\/HiFiNews-award.jpg\" alt=\"\" width=\"383\" height=\"100\" srcset=\"https:\/\/hificlub.com.br\/loja\/wp-content\/uploads\/2025\/06\/HiFiNews-award.jpg 310w, https:\/\/hificlub.com.br\/loja\/wp-content\/uploads\/2025\/06\/HiFiNews-award-300x78.jpg 300w\" sizes=\"auto, (max-width: 383px) 100vw, 383px\" \/><\/a><\/p>\n","protected":false},"excerpt":{"rendered":"<p>O Debut PRO S amplia a s\u00e9rie PRO em estilo e \u00e9 consistente com nossa filosofia de toca-discos que estimulam a audi\u00e7\u00e3o consciente. O Debut PRO S leva esta filosofia para o pr\u00f3ximo n\u00edvel. Os controles manuais convidam o ouvinte a interagir com o toca-discos. A recompensa sonora decorre da experi\u00eancia t\u00e1til. N\u00e3o h\u00e1 interruptores, [&hellip;]<\/p>\n","protected":false},"featured_media":23324,"template":"","meta":{"_acf_changed":false},"product_brand":[],"product_cat":[78,241,98],"product_tag":[],"class_list":{"0":"post-23323","1":"product","2":"type-product","3":"status-publish","4":"has-post-thumbnail","6":"product_cat-analogico-audio","7":"product_cat-project","8":"product_cat-toca-discos","10":"first","11":"outofstock","12":"sold-individually","13":"shipping-taxable","14":"purchasable","15":"product-type-simple"},"acf":[],"aioseo_notices":[],"_links":{"self":[{"href":"https:\/\/hificlub.com.br\/loja\/wp-json\/wp\/v2\/product\/23323","targetHints":{"allow":["GET"]}}],"collection":[{"href":"https:\/\/hificlub.com.br\/loja\/wp-json\/wp\/v2\/product"}],"about":[{"href":"https:\/\/hificlub.com.br\/loja\/wp-json\/wp\/v2\/types\/product"}],"wp:featuredmedia":[{"embeddable":true,"href":"https:\/\/hificlub.com.br\/loja\/wp-json\/wp\/v2\/media\/23324"}],"wp:attachment":[{"href":"https:\/\/hificlub.com.br\/loja\/wp-json\/wp\/v2\/media?parent=23323"}],"wp:term":[{"taxonomy":"product_brand","embeddable":true,"href":"https:\/\/hificlub.com.br\/loja\/wp-json\/wp\/v2\/product_brand?post=23323"},{"taxonomy":"product_cat","embeddable":true,"href":"https:\/\/hificlub.com.br\/loja\/wp-json\/wp\/v2\/product_cat?post=23323"},{"taxonomy":"product_tag","embeddable":true,"href":"https:\/\/hificlub.com.br\/loja\/wp-json\/wp\/v2\/product_tag?post=23323"}],"curies":[{"name":"wp","href":"https:\/\/api.w.org\/{rel}","templated":true}]}}