{"id":23316,"date":"2025-06-21T21:09:23","date_gmt":"2025-06-22T00:09:23","guid":{"rendered":"https:\/\/hificlub.com.br\/loja\/?post_type=product&#038;p=23316"},"modified":"2026-03-03T22:17:40","modified_gmt":"2026-03-04T01:17:40","slug":"velodyne-vi-q12-subwoofer-12","status":"publish","type":"product","link":"https:\/\/hificlub.com.br\/loja\/produto\/velodyne-vi-q12-subwoofer-12\/","title":{"rendered":"VELODYNE VI-Q12 &#8211; Subwoofer 12&#8243;, 500 watts"},"content":{"rendered":"<p><strong>S\u00e9rie VI-Q da Velodyne Acoustics<\/strong><br \/>\nMultitalento de baixa frequ\u00eancia com in\u00fameras conex\u00f5es e tecnologia de ponta<br \/>\nO design de gabinete selado da s\u00e9rie VI-Q re\u00fane tudo o que torna os subwoofers Velodyne Acoustics \u00fanicos e modernos. Al\u00e9m disso, os tr\u00eas modelos oferecem uma configura\u00e7\u00e3o de driver de alta qualidade e o aplicativo iWoofer\u2122, que oferece aos usu\u00e1rios controle total com ajuste de ambiente, equalizador param\u00e9trico de 25 bandas e predefini\u00e7\u00f5es.<\/p>\n<p><strong>As caracter\u00edsticas<\/strong><br \/>\nO cone leve de fibra de carbono, em conjunto com a bobina m\u00f3vel de 3 polegadas, garante um comportamento de vibra\u00e7\u00e3o parcial ideal com valores de baixa distor\u00e7\u00e3o.<br \/>\nAlta pot\u00eancia com amplifica\u00e7\u00e3o de at\u00e9 650 W RMS Classe D com pot\u00eancia m\u00e1xima de 1200 W; fonte de alimenta\u00e7\u00e3o de comuta\u00e7\u00e3o altamente eficiente com 2 transistores MOSFET de 25 A\/650V.<br \/>\nFrente s\u00f3lida feita de uma placa de compensado de 21 camadas com espessura de material de 50 mil\u00edmetros.<br \/>\nCom seus conectores XLR profissionais, conectores RCA para canais esquerdo e direito e conectores de alto n\u00edvel, a melhor conectividade \u00e9 garantida.<\/p>\n<p>&nbsp;<\/p>\n<p><a href=\"https:\/\/blog.son-video.com\/en\/2023\/08\/velodyne-vi-q-powerful-bass-for-hi-fi-and-home-theater\/\" target=\"_blank\" rel=\"noopener\"><img loading=\"lazy\" decoding=\"async\" class=\"alignnone wp-image-23315 size-full\" src=\"https:\/\/hificlub.com.br\/loja\/wp-content\/uploads\/2025\/06\/Blog-son-video-award.jpg\" alt=\"\" width=\"296\" height=\"102\" \/><\/a><\/p>\n","protected":false},"excerpt":{"rendered":"<p>S\u00e9rie VI-Q da Velodyne Acoustics Multitalento de baixa frequ\u00eancia com in\u00fameras conex\u00f5es e tecnologia de ponta O design de gabinete selado da s\u00e9rie VI-Q re\u00fane tudo o que torna os subwoofers Velodyne Acoustics \u00fanicos e modernos. Al\u00e9m disso, os tr\u00eas modelos oferecem uma configura\u00e7\u00e3o de driver de alta qualidade e o aplicativo iWoofer\u2122, que oferece [&hellip;]<\/p>\n","protected":false},"featured_media":23310,"template":"","meta":{"_acf_changed":false},"product_brand":[],"product_cat":[17,36,143],"product_tag":[],"class_list":{"0":"post-23316","1":"product","2":"type-product","3":"status-publish","4":"has-post-thumbnail","6":"product_cat-caixas","7":"product_cat-subwoofer","8":"product_cat-velodyne","10":"first","11":"instock","12":"sold-individually","13":"shipping-taxable","14":"purchasable","15":"product-type-simple"},"acf":[],"aioseo_notices":[],"_links":{"self":[{"href":"https:\/\/hificlub.com.br\/loja\/wp-json\/wp\/v2\/product\/23316","targetHints":{"allow":["GET"]}}],"collection":[{"href":"https:\/\/hificlub.com.br\/loja\/wp-json\/wp\/v2\/product"}],"about":[{"href":"https:\/\/hificlub.com.br\/loja\/wp-json\/wp\/v2\/types\/product"}],"wp:featuredmedia":[{"embeddable":true,"href":"https:\/\/hificlub.com.br\/loja\/wp-json\/wp\/v2\/media\/23310"}],"wp:attachment":[{"href":"https:\/\/hificlub.com.br\/loja\/wp-json\/wp\/v2\/media?parent=23316"}],"wp:term":[{"taxonomy":"product_brand","embeddable":true,"href":"https:\/\/hificlub.com.br\/loja\/wp-json\/wp\/v2\/product_brand?post=23316"},{"taxonomy":"product_cat","embeddable":true,"href":"https:\/\/hificlub.com.br\/loja\/wp-json\/wp\/v2\/product_cat?post=23316"},{"taxonomy":"product_tag","embeddable":true,"href":"https:\/\/hificlub.com.br\/loja\/wp-json\/wp\/v2\/product_tag?post=23316"}],"curies":[{"name":"wp","href":"https:\/\/api.w.org\/{rel}","templated":true}]}}