{"id":23293,"date":"2025-06-21T20:31:13","date_gmt":"2025-06-21T23:31:13","guid":{"rendered":"https:\/\/hificlub.com.br\/loja\/?post_type=product&#038;p=23293"},"modified":"2026-03-03T22:17:41","modified_gmt":"2026-03-04T01:17:41","slug":"velodyne-deep-waves-subwoofer-10","status":"publish","type":"product","link":"https:\/\/hificlub.com.br\/loja\/produto\/velodyne-deep-waves-subwoofer-10\/","title":{"rendered":"VELODYNE DEEP WAVES &#8211; Subwoofer 10&#8243;, 350 watts"},"content":{"rendered":"<p><strong>Amplas op\u00e7\u00f5es de personaliza\u00e7\u00e3o para melhor desempenho em baixas frequ\u00eancias<\/strong><br \/>\nCom o gabinete preto fosco de alta qualidade e um driver ativo frontal com radiadores passivos laterais, a s\u00e9rie Deep Waves garante uma presen\u00e7a inimagin\u00e1vel no home theater. A nova tecnologia tamb\u00e9m torna o controle por aplicativo a partir da posi\u00e7\u00e3o de audi\u00e7\u00e3o uma experi\u00eancia excepcionalmente conveniente.<\/p>\n<p><strong>As caracter\u00edsticas<\/strong><br \/>\nUma bobina de voz de 2,5 polegadas com enrolamento de quatro camadas fornece uma excurs\u00e3o alinhada alta e extremamente precisa.<br \/>\nGabinete de MDF de alta qualidade e refor\u00e7o adicional minimizam resson\u00e2ncias perturbadoras.<br \/>\nO aplicativo iWoofer\u2122 permite o ajuste ideal do subwoofer ao ambiente e \u00e0s suas prefer\u00eancias de audi\u00e7\u00e3o.<br \/>\nAs op\u00e7\u00f5es de conex\u00e3o no painel traseiro incluem conectores RCA para o canal LFE e terminais de alto n\u00edvel.<\/p>\n<p><strong>Com ambos os modelos Deep Waves em 10 e 12 polegadas<\/strong><br \/>\nA Velodyne Acoutics oferece a mais alta precis\u00e3o, desempenho e ajustabilidade, mesmo em um modelo acess\u00edvel.<\/p>\n<p>&nbsp;<\/p>\n<p><a href=\"https:\/\/www.fidelity-online.de\/velodyne-acoustics-deep-waves\/\"><img loading=\"lazy\" decoding=\"async\" class=\"alignnone size-full wp-image-23286\" src=\"https:\/\/hificlub.com.br\/loja\/wp-content\/uploads\/2025\/06\/Fidelity-online-award.jpg\" alt=\"\" width=\"297\" height=\"103\" \/><\/a>\u00a0 \u00a0 <a href=\"https:\/\/www.av-magazin.de\/Review-Velodyne-Deep-Waves-10.10291.0.html\"><img loading=\"lazy\" decoding=\"async\" class=\"alignnone  wp-image-23299\" src=\"https:\/\/hificlub.com.br\/loja\/wp-content\/uploads\/2025\/06\/AV-Magazine-award.jpg\" alt=\"\" width=\"329\" height=\"99\" \/><\/a><\/p>\n","protected":false},"excerpt":{"rendered":"<p>Amplas op\u00e7\u00f5es de personaliza\u00e7\u00e3o para melhor desempenho em baixas frequ\u00eancias Com o gabinete preto fosco de alta qualidade e um driver ativo frontal com radiadores passivos laterais, a s\u00e9rie Deep Waves garante uma presen\u00e7a inimagin\u00e1vel no home theater. A nova tecnologia tamb\u00e9m torna o controle por aplicativo a partir da posi\u00e7\u00e3o de audi\u00e7\u00e3o uma experi\u00eancia [&hellip;]<\/p>\n","protected":false},"featured_media":23294,"template":"","meta":{"_acf_changed":false},"product_brand":[],"product_cat":[17,36,143],"product_tag":[],"class_list":{"0":"post-23293","1":"product","2":"type-product","3":"status-publish","4":"has-post-thumbnail","6":"product_cat-caixas","7":"product_cat-subwoofer","8":"product_cat-velodyne","10":"first","11":"instock","12":"sold-individually","13":"shipping-taxable","14":"purchasable","15":"product-type-simple"},"acf":[],"aioseo_notices":[],"_links":{"self":[{"href":"https:\/\/hificlub.com.br\/loja\/wp-json\/wp\/v2\/product\/23293","targetHints":{"allow":["GET"]}}],"collection":[{"href":"https:\/\/hificlub.com.br\/loja\/wp-json\/wp\/v2\/product"}],"about":[{"href":"https:\/\/hificlub.com.br\/loja\/wp-json\/wp\/v2\/types\/product"}],"wp:featuredmedia":[{"embeddable":true,"href":"https:\/\/hificlub.com.br\/loja\/wp-json\/wp\/v2\/media\/23294"}],"wp:attachment":[{"href":"https:\/\/hificlub.com.br\/loja\/wp-json\/wp\/v2\/media?parent=23293"}],"wp:term":[{"taxonomy":"product_brand","embeddable":true,"href":"https:\/\/hificlub.com.br\/loja\/wp-json\/wp\/v2\/product_brand?post=23293"},{"taxonomy":"product_cat","embeddable":true,"href":"https:\/\/hificlub.com.br\/loja\/wp-json\/wp\/v2\/product_cat?post=23293"},{"taxonomy":"product_tag","embeddable":true,"href":"https:\/\/hificlub.com.br\/loja\/wp-json\/wp\/v2\/product_tag?post=23293"}],"curies":[{"name":"wp","href":"https:\/\/api.w.org\/{rel}","templated":true}]}}