{"id":23280,"date":"2025-06-21T11:57:19","date_gmt":"2025-06-21T14:57:19","guid":{"rendered":"https:\/\/hificlub.com.br\/loja\/?post_type=product&#038;p=23280"},"modified":"2026-03-03T22:17:41","modified_gmt":"2026-03-04T01:17:41","slug":"velodyne-deep-blue-subwoofer-12","status":"publish","type":"product","link":"https:\/\/hificlub.com.br\/loja\/produto\/velodyne-deep-blue-subwoofer-12\/","title":{"rendered":"VELODYNE DEEP BLUE &#8211; Subwoofer 12&#8243;, 400 watts"},"content":{"rendered":"<p><strong>Design de caixa fechada com fator de forma extremamente pequeno<\/strong><br \/>\nA s\u00e9rie Deep Blue (DB) \u00e9 um novo desenvolvimento de plataforma de subwoofer baseado nas tecnologias da Velodyne Acoustics, com um estilo moderno, desempenho incompar\u00e1vel e sa\u00edda din\u00e2mica e precisa. Esta plataforma apresenta um design industrial completamente novo, nova tecnologia de driver e um novo design de amplificador. Dispon\u00edvel em 8\u201d, 10\u201d, 12\u201d e 15\u201d, esta nova linha de subwoofers DB \u00e9 a antecessora da bem-sucedida s\u00e9rie SPL I, um design de caixa fechada com fator de forma muito pequeno.<\/p>\n<p><strong>Carca\u00e7a de MDF de alta qualidade, novo driver de alta excurs\u00e3o em PP<\/strong><br \/>\nO design totalmente novo da caixa fechada em MDF com refor\u00e7o r\u00edgido, com um woofer frontal para um desempenho impactante sem qualquer ru\u00eddo do gabinete. Devido ao seu formato compacto, \u00e9 f\u00e1cil de integrar \u00e0 sua configura\u00e7\u00e3o de audi\u00e7\u00e3o. Um driver de alta excurs\u00e3o com \u00edm\u00e3 de ferrite duplo maci\u00e7o e tecnologia de motor interno otimizado, utilizando uma bobina m\u00f3vel de 4 camadas para sa\u00edda m\u00e1xima com distor\u00e7\u00e3o extremamente baixa, seguindo os princ\u00edpios de design da Velodyne Acoustics. Qualidade de graves superior, para um desempenho de graves mais profundo e preciso. As entradas de n\u00edvel de linha e de alto-falante permitem conectar este subwoofer a praticamente qualquer sistema de \u00e1udio dom\u00e9stico.<\/p>\n<p>&nbsp;<\/p>\n<p><a href=\"https:\/\/www.whathifi.com\/reviews\/velodyne-db-12\" target=\"_blank\" rel=\"noopener\"><img loading=\"lazy\" decoding=\"async\" class=\"alignnone wp-image-19985 size-full\" src=\"https:\/\/hificlub.com.br\/loja\/wp-content\/uploads\/2023\/10\/what-hifi-awards-12.png\" alt=\"\" width=\"316\" height=\"160\" srcset=\"https:\/\/hificlub.com.br\/loja\/wp-content\/uploads\/2023\/10\/what-hifi-awards-12.png 316w, https:\/\/hificlub.com.br\/loja\/wp-content\/uploads\/2023\/10\/what-hifi-awards-12-300x152.png 300w\" sizes=\"auto, (max-width: 316px) 100vw, 316px\" \/><\/a><a href=\"https:\/\/stereonet.com\/news\/velodyne-deep-blue-subwoofer-range-announced\">\u00a0 \u00a0 \u00a0<\/a><a href=\"https:\/\/stereonet.com\/news\/velodyne-deep-blue-subwoofer-range-announced\" target=\"_blank\" rel=\"noopener\"><img loading=\"lazy\" decoding=\"async\" class=\"alignnone wp-image-22787\" src=\"https:\/\/hificlub.com.br\/loja\/wp-content\/uploads\/2025\/06\/StereoNet.jpg\" alt=\"\" width=\"422\" height=\"106\" srcset=\"https:\/\/hificlub.com.br\/loja\/wp-content\/uploads\/2025\/06\/StereoNet.jpg 358w, https:\/\/hificlub.com.br\/loja\/wp-content\/uploads\/2025\/06\/StereoNet-300x75.jpg 300w\" sizes=\"auto, (max-width: 422px) 100vw, 422px\" \/><\/a><\/p>\n","protected":false},"excerpt":{"rendered":"<p>Design de caixa fechada com fator de forma extremamente pequeno A s\u00e9rie Deep Blue (DB) \u00e9 um novo desenvolvimento de plataforma de subwoofer baseado nas tecnologias da Velodyne Acoustics, com um estilo moderno, desempenho incompar\u00e1vel e sa\u00edda din\u00e2mica e precisa. Esta plataforma apresenta um design industrial completamente novo, nova tecnologia de driver e um novo [&hellip;]<\/p>\n","protected":false},"featured_media":23281,"template":"","meta":{"_acf_changed":false},"product_brand":[],"product_cat":[17,36,143],"product_tag":[],"class_list":{"0":"post-23280","1":"product","2":"type-product","3":"status-publish","4":"has-post-thumbnail","6":"product_cat-caixas","7":"product_cat-subwoofer","8":"product_cat-velodyne","10":"first","11":"instock","12":"sold-individually","13":"shipping-taxable","14":"purchasable","15":"product-type-simple"},"acf":[],"aioseo_notices":[],"_links":{"self":[{"href":"https:\/\/hificlub.com.br\/loja\/wp-json\/wp\/v2\/product\/23280","targetHints":{"allow":["GET"]}}],"collection":[{"href":"https:\/\/hificlub.com.br\/loja\/wp-json\/wp\/v2\/product"}],"about":[{"href":"https:\/\/hificlub.com.br\/loja\/wp-json\/wp\/v2\/types\/product"}],"wp:featuredmedia":[{"embeddable":true,"href":"https:\/\/hificlub.com.br\/loja\/wp-json\/wp\/v2\/media\/23281"}],"wp:attachment":[{"href":"https:\/\/hificlub.com.br\/loja\/wp-json\/wp\/v2\/media?parent=23280"}],"wp:term":[{"taxonomy":"product_brand","embeddable":true,"href":"https:\/\/hificlub.com.br\/loja\/wp-json\/wp\/v2\/product_brand?post=23280"},{"taxonomy":"product_cat","embeddable":true,"href":"https:\/\/hificlub.com.br\/loja\/wp-json\/wp\/v2\/product_cat?post=23280"},{"taxonomy":"product_tag","embeddable":true,"href":"https:\/\/hificlub.com.br\/loja\/wp-json\/wp\/v2\/product_tag?post=23280"}],"curies":[{"name":"wp","href":"https:\/\/api.w.org\/{rel}","templated":true}]}}