{"id":23263,"date":"2025-06-20T18:01:23","date_gmt":"2025-06-20T21:01:23","guid":{"rendered":"https:\/\/hificlub.com.br\/loja\/?post_type=product&#038;p=23263"},"modified":"2026-03-03T22:17:42","modified_gmt":"2026-03-04T01:17:42","slug":"velodyne-minevee-x-subwoofer-8","status":"publish","type":"product","link":"https:\/\/hificlub.com.br\/loja\/produto\/velodyne-minevee-x-subwoofer-8\/","title":{"rendered":"VELODYNE MINEVEE X8 &#8211; Subwoofer 8&#8243;, 350 watts"},"content":{"rendered":"<p><strong>Velodyne Acoustics MiniVee X &#8211; Pot\u00eancia ultracompacta com controle de aplicativo e corre\u00e7\u00e3o autom\u00e1tica de ambiente<\/strong><\/p>\n<p>O gabinete compacto e fechado do MiniVee X oferece precis\u00e3o imbat\u00edvel e \u00e9 livre de resson\u00e2ncias perturbadoras gra\u00e7as ao refor\u00e7o interno. A configura\u00e7\u00e3o de um driver ativo e um passivo de 8&#8243; tamb\u00e9m garante movimento m\u00ednimo do gabinete e graves particularmente precisos e potentes. Gra\u00e7as ao aplicativo Velodyne Acoustics Auto EQ e ao microfone inclu\u00eddo, a otimiza\u00e7\u00e3o do ambiente \u00e9 f\u00e1cil.<\/p>\n<p><strong>Caracter\u00edsticas<\/strong><\/p>\n<p>Ajuste e configura\u00e7\u00e3o convenientes com o aplicativo Velodyne Acoustics Auto EQ (dispon\u00edvel na Apple Store e na Google Play Store): em combina\u00e7\u00e3o com o microfone fornecido, a calibra\u00e7\u00e3o e a otimiza\u00e7\u00e3o totalmente autom\u00e1tica do ambiente s\u00e3o totalmente descomplicadas. Diversas configura\u00e7\u00f5es tamb\u00e9m est\u00e3o dispon\u00edveis para personalizar o som de acordo com suas prefer\u00eancias.<\/p>\n<p>Gabinete de MDF ultracompacto com refor\u00e7o interno para eliminar resson\u00e2ncias perturbadoras.<\/p>\n<p>Potente sa\u00edda m\u00e1xima de at\u00e9 800 W com amplifica\u00e7\u00e3o de Classe D; \u00edm\u00e3s de ferrite superdimensionados<\/p>\n<p>Conex\u00f5es perfeitas para todos: conex\u00f5es XLR profissionais, entradas RCA para os canais esquerdo e direito e terminais de alto-falante<\/p>\n<p><strong>O Velodyne Acoustics MiniVee X<\/strong><\/p>\n<p>Tecnologias de ponta em um gabinete preto de alto brilho.<br \/>\nAlto desempenho em um design compacto com controle abrangente por aplicativo.<\/p>\n<p>&nbsp;<\/p>\n<p><a href=\"https:\/\/www.i-fidelity.net\/en\/printview.html?showUid=7159&amp;cHash=090d0aee0bc9d95a7071016357e3ee63\" target=\"_blank\" rel=\"noopener\"><img loading=\"lazy\" decoding=\"async\" class=\"alignnone wp-image-23264 size-full\" src=\"https:\/\/hificlub.com.br\/loja\/wp-content\/uploads\/2025\/06\/i-fedelity.net-award.jpg\" alt=\"\" width=\"392\" height=\"86\" data-wp-editing=\"1\" srcset=\"https:\/\/hificlub.com.br\/loja\/wp-content\/uploads\/2025\/06\/i-fedelity.net-award.jpg 392w, https:\/\/hificlub.com.br\/loja\/wp-content\/uploads\/2025\/06\/i-fedelity.net-award-300x66.jpg 300w\" sizes=\"auto, (max-width: 392px) 100vw, 392px\" \/>\u00a0 \u00a0 \u00a0 <\/a><a href=\"https:\/\/stereoguide.com\/hi-fi\/subwoofer-en\/velodyne-acoustics-minivee-x-review-compact-subwoofer\/\" target=\"_blank\" rel=\"noopener\"><img loading=\"lazy\" decoding=\"async\" class=\"alignnone wp-image-23270 size-full\" src=\"https:\/\/hificlub.com.br\/loja\/wp-content\/uploads\/2025\/06\/Stereo-guide-award.jpg\" alt=\"\" width=\"459\" height=\"97\" data-wp-editing=\"1\" srcset=\"https:\/\/hificlub.com.br\/loja\/wp-content\/uploads\/2025\/06\/Stereo-guide-award.jpg 459w, https:\/\/hificlub.com.br\/loja\/wp-content\/uploads\/2025\/06\/Stereo-guide-award-300x63.jpg 300w\" sizes=\"auto, (max-width: 459px) 100vw, 459px\" \/><\/a><\/p>\n","protected":false},"excerpt":{"rendered":"<p>Velodyne Acoustics MiniVee X &#8211; Pot\u00eancia ultracompacta com controle de aplicativo e corre\u00e7\u00e3o autom\u00e1tica de ambiente O gabinete compacto e fechado do MiniVee X oferece precis\u00e3o imbat\u00edvel e \u00e9 livre de resson\u00e2ncias perturbadoras gra\u00e7as ao refor\u00e7o interno. A configura\u00e7\u00e3o de um driver ativo e um passivo de 8&#8243; tamb\u00e9m garante movimento m\u00ednimo do gabinete e [&hellip;]<\/p>\n","protected":false},"featured_media":23265,"template":"","meta":{"_acf_changed":false},"product_brand":[],"product_cat":[17,36,143],"product_tag":[],"class_list":{"0":"post-23263","1":"product","2":"type-product","3":"status-publish","4":"has-post-thumbnail","6":"product_cat-caixas","7":"product_cat-subwoofer","8":"product_cat-velodyne","10":"first","11":"instock","12":"sold-individually","13":"shipping-taxable","14":"purchasable","15":"product-type-simple"},"acf":[],"aioseo_notices":[],"_links":{"self":[{"href":"https:\/\/hificlub.com.br\/loja\/wp-json\/wp\/v2\/product\/23263","targetHints":{"allow":["GET"]}}],"collection":[{"href":"https:\/\/hificlub.com.br\/loja\/wp-json\/wp\/v2\/product"}],"about":[{"href":"https:\/\/hificlub.com.br\/loja\/wp-json\/wp\/v2\/types\/product"}],"wp:featuredmedia":[{"embeddable":true,"href":"https:\/\/hificlub.com.br\/loja\/wp-json\/wp\/v2\/media\/23265"}],"wp:attachment":[{"href":"https:\/\/hificlub.com.br\/loja\/wp-json\/wp\/v2\/media?parent=23263"}],"wp:term":[{"taxonomy":"product_brand","embeddable":true,"href":"https:\/\/hificlub.com.br\/loja\/wp-json\/wp\/v2\/product_brand?post=23263"},{"taxonomy":"product_cat","embeddable":true,"href":"https:\/\/hificlub.com.br\/loja\/wp-json\/wp\/v2\/product_cat?post=23263"},{"taxonomy":"product_tag","embeddable":true,"href":"https:\/\/hificlub.com.br\/loja\/wp-json\/wp\/v2\/product_tag?post=23263"}],"curies":[{"name":"wp","href":"https:\/\/api.w.org\/{rel}","templated":true}]}}