{"id":2326,"date":"2023-10-17T20:00:16","date_gmt":"2023-10-17T23:00:16","guid":{"rendered":"https:\/\/hificlub.com.br\/loja2\/produto\/bw-804-d4\/"},"modified":"2026-03-03T22:20:53","modified_gmt":"2026-03-04T01:20:53","slug":"bw-804-d4","status":"publish","type":"product","link":"https:\/\/hificlub.com.br\/loja\/produto\/bw-804-d4\/","title":{"rendered":"B&#038;W 804 D4"},"content":{"rendered":"<p><b><span class=\"type\">Vis\u00e3o geral<\/span><\/b><\/p>\n<div class=\"value\">\n<p>Para os ouvintes que desejam o desempenho de um alto-falante Diamond da S\u00e9rie 800, mas preferem uma est\u00e9tica mais convencional, o 804 D4 \u00e9 a escolha perfeita.\u00a0Seu novo gabinete reverso segue os princ\u00edpios de design comprovados estabelecidos por seus irm\u00e3os maiores e seu novo pedestal tamb\u00e9m garante uma resposta de graves s\u00f3lida e precisa.<\/p>\n<p>Arm\u00e1rio de envolt\u00f3rio reverso<\/p>\n<p>Em vez de um alto-falante de frente plana com uma curva traseira, os gabinetes da Bowers &amp; Wilkins s\u00e3o formados a partir de uma curva cont\u00ednua, unida por uma coluna de alum\u00ednio s\u00f3lido.\u00a0Menos jun\u00e7\u00f5es tornam a estrutura mais r\u00edgida e inerte e uma frente curva significa menos confus\u00e3o em torno das unidades de acionamento.\u00a0Assim, a dispers\u00e3o do som \u00e9 melhorada e a reflex\u00e3o do gabinete \u00e9 reduzida.<\/p>\n<p>Suspens\u00e3o Biomim\u00e9tica<\/p>\n<p>\u00c0s vezes, fazer uma grande diferen\u00e7a requer um pensamento n\u00e3o convencional.\u00a0Durante d\u00e9cadas, a Bowers &amp; Wilkins pensou que nada poderia melhorar o som de seus famosos cones de m\u00e9dios de fibra de aramida amarelos, mas, eventualmente, a tecnologia de cone Continuum mudou de ideia.\u00a0Agora, Bowers &amp; Wilkins voltou sua aten\u00e7\u00e3o para outro elemento crucial em um cone de alto-falante: a aranha de tecido.\u00a0A nova suspens\u00e3o biomim\u00e9tica revoluciona o desempenho do cone de m\u00e9dio porte, reduzindo bastante a press\u00e3o de ar e a colora\u00e7\u00e3o indesejadas que uma aranha de tecido convencional pode gerar.\u00a0O resultado?\u00a0Transpar\u00eancia de m\u00e9dio porte que voc\u00ea n\u00e3o acreditaria ser poss\u00edvel.<\/p>\n<p>Cone Cont\u00ednuo\u2122<\/p>\n<p>Gra\u00e7as \u00e0 sua constru\u00e7\u00e3o composta, o cone Continuum\u2122 evita as transi\u00e7\u00f5es abruptas de comportamento que podem prejudicar o desempenho de uma unidade de acionamento convencional.\u00a0O resultado \u00e9 uma performance mais aberta e neutra que entrega vozes e instrumentos com precis\u00e3o e transpar\u00eancia.<\/p>\n<p>Montagem de m\u00e9dios desacoplados<\/p>\n<p>Todos os alto-falantes Diamond da S\u00e9rie 800, al\u00e9m do 805 D4 de montagem em suporte, possuem um cone de m\u00e9dios dedicado usando quatro tecnologias principais da Bowers &amp; Wilkins: o cone Continuum, FST\u2122, Suspens\u00e3o Biomim\u00e9tica e desacoplamento de m\u00e9dios, este \u00faltimo garantindo interfer\u00eancia m\u00ednima da opera\u00e7\u00e3o do alto-falante drivers de baixo.<\/p>\n<p>Placa superior de alum\u00ednio<\/p>\n<p>Cada modelo est\u00e9reo da nova linha 800 Series Diamond possui um design de gabinete significativamente atualizado com uma se\u00e7\u00e3o superior de alum\u00ednio totalmente nova para rigidez ainda maior.\u00a0O mesmo design tamb\u00e9m fornece um ponto de montagem perfeito para todos os novos detalhes de gabinete Leather by Connolly, com couro preto luxuoso para gabinetes escuros e cinza claro para acabamentos mais claros.<\/p>\n<p>Cruzamento<\/p>\n<p>Todos os modelos est\u00e9reo da nova linha 800 Series Diamond agora usam designs de crossover montados na parte traseira montados em lombadas de alum\u00ednio r\u00edgidas.\u00a0Isso isola os capacitores sens\u00edveis dos efeitos indesejados da press\u00e3o do ar dentro do gabinete e cria um dissipador de calor muito eficaz para garantir um \u00f3timo desempenho quando em uso.<\/p>\n<p>Couro por Connolly<\/p>\n<p>A parte superior de cada modelo est\u00e9reo apresenta uma placa superior de alum\u00ednio, coberta com o novo acabamento Leather by Connolly.\u00a0A Bowers &amp; Wilkins usa couro preto luxuoso de flor integral para acabamentos Gloss Black e Satin Rosenut, e um couro cinza claro para White e Satin Walnut.<\/p>\n<\/div>\n<p>&nbsp;<\/p>\n<p><b>Para os ouvintes que desejam o desempenho de um alto-falante Diamond Series 800, mas preferem uma est\u00e9tica mais convencional, o 804 D4 \u00e9 a escolha perfeita.\u00a0Seu novo gabinete reverso segue os princ\u00edpios de design comprovados estabelecidos por seus irm\u00e3os maiores e seu novo pedestal garante uma resposta de graves precisa e s\u00f3lida.<\/b><\/p>\n<p>&nbsp;<\/p>\n<div>\n<div>\n<div>\n<div>\n<div><b>Qualidade cl\u00e1ssica<\/b><\/div>\n<div>\n<div>O 804 D4 \u00e9 talvez mais convencional na apar\u00eancia do que outros suportes de piso da linha Diamond Series 800, mas \u00e9 t\u00e3o sofisticado quanto.\u00a0Seu novo gabinete Reverse-Wrap \u00e9 uma revolu\u00e7\u00e3o mec\u00e2nica e ac\u00fastica em sua classe, e seu novo pedestal garante uma resposta de graves precisa e s\u00f3lida.<\/div>\n<div><\/div>\n<\/div>\n<\/div>\n<div><b>800 Series Diamond<\/b><\/div>\n<div>\n<div>Esta n\u00e3o \u00e9 apenas outra linha de alto-falantes.\u00a0Cada nova gera\u00e7\u00e3o do 800 Series Diamond \u00e9 um evento marcante para a Bowers &amp; Wilkins.\u00a0Este \u00e9 nosso benchmark, nosso \u00edcone;\u00a0a mais avan\u00e7ada linha de alto-falantes que sabemos fazer, equipada com todas as nossas tecnologias mais sofisticadas e projetada\u00a0\u00a0para oferecer o m\u00e1ximo em realismo sonoro.\u00a0Para n\u00f3s, o Diamante da S\u00e9rie 800 \u00e9 tudo o que sabemos e tudo o que somos.<\/div>\n<div><\/div>\n<div>\n<div>\n<div>\n<div>\n<div>\n<div>\n<div>\n<div>\n<div><b>Tweeter Diamond Dome<\/b><\/div>\n<div>Uma das nossas conquistas mais significativas nas \u00faltimas duas d\u00e9cadas, o tweeter de c\u00fapula Diamond ultra-r\u00edgido e extremamente preciso \u00e9 a combina\u00e7\u00e3o perfeita de baixa massa, rigidez excepcional e precis\u00e3o excepcional.\u00a015 anos depois de lan\u00e7\u00e1-lo, n\u00e3o encontramos uma tecnologia de c\u00fapula de tweeter melhor.<\/div>\n<\/div>\n<\/div>\n<div><b>\u00a0<\/b><\/div>\n<div><b>Conjunto de tweeter de corpo s\u00f3lido<\/b><\/div>\n<div>\n<div>A mais recente encarna\u00e7\u00e3o de nossa caixa ic\u00f4nica para Tweeter-on-Top Solid Body apresenta uma forma alongada com um sistema de carregamento de tubo mais longo, produzindo um som ainda mais livre e aberto com altas frequ\u00eancias.\u00a0Como antes, a caixa cuidadosamente desacoplada \u00e9 fresada a partir de um \u00fanico bloco s\u00f3lido de alum\u00ednio para melhor resistir \u00e0 resson\u00e2ncia.<\/div>\n<div><\/div>\n<div>\n<div><b>Gabinete Inv\u00f3lucro Inverso<\/b><\/div>\n<div>Em vez de um alto-falante de frente plana com uma curva posterior, nossos gabinetes s\u00e3o formados a partir de uma curva cont\u00ednua, unida por uma lombada de alum\u00ednio s\u00f3lido.\u00a0Menos juntas tornam a estrutura mais r\u00edgida e inerte, e uma frente curva significa menos desconcertante ao redor das unidades de acionamento.\u00a0Portanto, a dispers\u00e3o do som \u00e9 melhorada e a reflex\u00e3o do gabinete \u00e9 reduzida.<\/div>\n<div><\/div>\n<div>\n<div><b>Matriz<\/b><\/div>\n<div>\n<div>Matrix bracing usa pain\u00e9is intertravados para refor\u00e7ar as paredes do gabinete do alto-falante em todas as dire\u00e7\u00f5es internamente, reduzindo a resson\u00e2ncia e criando um ambiente sonoro mais confi\u00e1vel.\u00a0Todos os modelos da nova S\u00e9rie 800 Diamond se beneficiam de um design Matrix atualizado que combina uma constru\u00e7\u00e3o s\u00f3lida de compensado com contraventamento de alum\u00ednio para refor\u00e7ar os principais pontos de tens\u00e3o.<\/div>\n<div><\/div>\n<div>\n<div><b>Suspens\u00e3o Biomim\u00e9tica<\/b><\/div>\n<div>\n<div>\u00c0s vezes, fazer uma grande diferen\u00e7a exige um pensamento n\u00e3o convencional.\u00a0Por d\u00e9cadas, pensamos que nada poderia melhorar o som de nossos famosos cones m\u00e9dios de fibra de aramida amarelo, mas eventualmente nossa tecnologia de cone Continuum mudou nossas mentes.\u00a0Agora, voltamos nossa aten\u00e7\u00e3o para outro elemento crucial em um cone de alto-falante: a aranha de tecido.<\/div>\n<div><\/div>\n<div>Nossa suspens\u00e3o biomim\u00e9tica totalmente nova revoluciona o desempenho do cone de m\u00e9dio porte, reduzindo enormemente\u00a0\u00a0a press\u00e3o do ar indesejada e a colora\u00e7\u00e3o que uma aranha de tecido convencional pode gerar.\u00a0O resultado?\u00a0Transpar\u00eancia de m\u00e9dio porte que voc\u00ea n\u00e3o acreditaria ser poss\u00edvel.<\/div>\n<div><\/div>\n<\/div>\n<div>\n<div><b>Cone cont\u00ednuo<\/b><\/div>\n<div>\n<div>Gra\u00e7as \u00e0 sua constru\u00e7\u00e3o composta, o cone Continuum evita as transi\u00e7\u00f5es abruptas de\u00a0\u00a0comportamento que podem prejudicar o desempenho de\u00a0\u00a0uma unidade de acionamento convencional.\u00a0O resultado \u00e9 uma performance mais aberta e neutra que entrega vozes e instrumentos com precis\u00e3o e transpar\u00eancia.<\/div>\n<div><\/div>\n<div>\n<div>\n<div><b>Cone de baixo Aerofoil \u2122<\/b><\/div>\n<div>Nossa tecnologia de cone de baixo Aerofoil continua sendo uma excelente solu\u00e7\u00e3o para o dilema de combinar baixa massa e alta rigidez em cones de baixo, gra\u00e7as \u00e0 sua pele de fibra de carbono e n\u00facleo de espuma de perfil vari\u00e1vel.\u00a0Agora, adicionamos o plugue anti-resson\u00e2ncia de espuma para menor distor\u00e7\u00e3o e graves ainda mais n\u00edtidos.<\/div>\n<\/div>\n<\/div>\n<div><\/div>\n<div>\n<div><b>Conjunto de m\u00e9dio porte desacoplado<\/b><\/div>\n<div>\n<div>Cada alto-falante Diamond Series 800 (al\u00e9m do standmount 805 D4) tem um cone midrange dedicado usando quatro tecnologias principais da Bowers &amp; Wilkins: o cone Continuum, FST, Suspens\u00e3o Biomim\u00e9tica e desacoplamento de midrange &#8211; o \u00faltimo garantindo interfer\u00eancia m\u00ednima da opera\u00e7\u00e3o do alto-falante drivers de baixo.<\/div>\n<div><\/div>\n<div>\n<div><b>Rodap\u00e9 de alum\u00ednio<\/b><\/div>\n<div>Um grande alto-falante precisa de uma base s\u00f3lida.\u00a0O novo 804 D4 usa um Flowport de disparo para baixo saindo em um pedestal de alum\u00ednio s\u00f3lido completo com uma folha de amortecimento de camada restrita de a\u00e7o, que controla a resson\u00e2ncia indesejada.\u00a0Ele tamb\u00e9m tem picos bastante atualizados para m\u00e1xima estabilidade e durabilidade.<\/div>\n<\/div>\n<div><\/div>\n<\/div>\n<\/div>\n<\/div>\n<\/div>\n<div>\n<div><b>Placa superior de alum\u00ednio<\/b><\/div>\n<div>\n<div>Todos os modelos est\u00e9reo da nova linha Diamond Series 800 t\u00eam um design de gabinete significativamente atualizado com uma se\u00e7\u00e3o superior de alum\u00ednio totalmente nova para maior rigidez.\u00a0O mesmo design tamb\u00e9m oferece\u00a0\u00a0um ponto de montagem perfeito para todos os novos detalhes de gabinetes Leather by Connolly, com couro preto luxuoso para gabinetes escuros e cinza claro para acabamentos mais claros.<\/div>\n<div><\/div>\n<div>\n<div><b>Crossover<\/b><\/div>\n<div><\/div>\n<\/div>\n<div>Todos os modelos est\u00e9reo na nova linha Diamond Series 800 agora usam designs de crossover montados na parte traseira montados em lombadas de alum\u00ednio r\u00edgido.\u00a0Isso isola os capacitores sens\u00edveis dos efeitos indesejados da press\u00e3o do ar dentro do gabinete\u00a0\u00a0e torna-se um dissipador de calor muito eficaz para\u00a0\u00a0garantir um desempenho ideal quando em uso.<\/div>\n<\/div>\n<\/div>\n<p>&nbsp;<\/p>\n<div>\n<div><b>Couro por Connolly<\/b><\/div>\n<div><\/div>\n<\/div>\n<div>A se\u00e7\u00e3o superior de cada modelo est\u00e9reo apresenta uma placa superior de alum\u00ednio, coberta com o novo acabamento Leather by Connolly.\u00a0Usamos couro preto de flor integral para acabamentos Gloss Black e Satin Rosenut, e couro cinza claro para White e Satin Walnut.<\/div>\n<div><\/div>\n<div>\n<div><b>Pegue uma Cabe\u00e7a<\/b><\/div>\n<div>\n<div>\n<div>804 D4 \u00e9 o modelo convencional de piso da linha 800 Series Diamond.\u00a0Amplie para 803 D4 e voc\u00ea encontrar\u00e1 drivers de graves maiores (180 mm, 7 pol.) E, crucialmente, a adi\u00e7\u00e3o de uma caixa de cabe\u00e7ote Turbine \u2122 para o cone m\u00e9dio de 130 mm (5 pol.), Que adiciona ainda mais espa\u00e7o ao som.<\/div>\n<div><\/div>\n<\/div>\n<\/div>\n<\/div>\n<\/div>\n<\/div>\n<\/div>\n<\/div>\n<\/div>\n<\/div>\n<\/div>\n<\/div>\n<\/div>\n<\/div>\n<div>\n<div><\/div>\n<div>\n<div>\n<div><b>Descri\u00e7\u00e3o<\/b><\/div>\n<div>Sistema de caixa ventilada de 3 vias<\/div>\n<div><\/div>\n<\/div>\n<div><b>\u00a0<\/b><\/div>\n<div>\n<div><b>Unidades de acionamento<\/b><\/div>\n<div><\/div>\n<\/div>\n<div>\n<div>1x \u00f825mm (1in) c\u00fapula de diamante de alta frequ\u00eancia<\/div>\n<div>1x \u00f8130mm (5 pol.) Cone cont\u00ednuo FST de m\u00e9dio porte<\/div>\n<div>2 unidades de baixo cone aerof\u00f3lio de \u00f8165 mm (6,5 pol.)<\/div>\n<div><\/div>\n<\/div>\n<div><b>Caracter\u00edsticas t\u00e9cnicas<\/b><\/div>\n<div>\n<div>Tweeter de diamante<\/div>\n<div>Tweeter no topo de corpo s\u00f3lido<\/div>\n<div>Cone cont\u00ednuo FST<\/div>\n<div>Plug anti-resson\u00e2ncia<\/div>\n<div>Suspens\u00e3o Biomim\u00e9tica<\/div>\n<div>Matriz<\/div>\n<div>Unidades de baixo cone aerof\u00f3lio<\/div>\n<div>Flowport<\/div>\n<div><\/div>\n<div>\n<div><b>Alcance de frequ\u00eancia<\/b><\/div>\n<div>20Hz a 35kHz<\/div>\n<div><\/div>\n<\/div>\n<div>\n<div><b>Resposta de frequ\u00eancia\u00a0\u00a0<\/b>(+\/- 3dB do eixo de refer\u00eancia)<\/div>\n<div>24Hz a 28kHz<\/div>\n<div><\/div>\n<\/div>\n<div><\/div>\n<div>\n<div><b>Sensibilidade\u00a0<\/b>\u00a0(no eixo em 2,83 Vrms em 1m)<\/div>\n<div>89dB<\/div>\n<div><\/div>\n<div>\n<div><b>Distor\u00e7\u00e3o harm\u00f4nica<\/b><\/div>\n<div>\n<div>2\u00ba e 3\u00ba harm\u00f4nicos (90dB, 1m no eixo)<\/div>\n<div>&lt;1% 90Hz &#8211; 20kHz<\/div>\n<div>&lt;0,3% 100Hz &#8211; 20kHz<\/div>\n<div><\/div>\n<div>\n<div><b>Imped\u00e2ncia nominal<\/b><\/div>\n<div>8\u03a9 (m\u00ednimo 3,0\u03a9)<\/div>\n<div><\/div>\n<div>\n<div><b>Pot\u00eancia recomendada do amplificador<\/b><\/div>\n<div>50W &#8211; 200W em 8\u03a9 no programa n\u00e3o cortado<\/div>\n<div><\/div>\n<div>\n<div><b>M\u00e1x.\u00a0imped\u00e2ncia de cabo recomendada<\/b><\/div>\n<div>0,1\u03a9<\/div>\n<div><\/div>\n<div>\n<div><b>Dimens\u00f5es<\/b><\/div>\n<div>Altura: 1071 mm<\/div>\n<div>Largura: 306 mm<\/div>\n<div>Profundidade: 391 mm<\/div>\n<div><\/div>\n<div>\n<div><b>Peso l\u00edquido<\/b><\/div>\n<div>36,85kg<\/div>\n<div><\/div>\n<div>\n<div><b>Acabamentos<\/b><\/div>\n<div>Gabinete preto brilhante com grade preta<\/div>\n<div>Satin Rosenut\u00a0\u00a0gabinete\u00a0\u00a0com grelha preta<\/div>\n<div>Gabinete de\u00a0\u00a0nogueira acetinada\u00a0\u00a0com grade cinza<\/div>\n<div><span class=\"goog-text-highlight\">Gabinete\u00a0\u00a0<\/span><span class=\"goog-text-highlight\">branco\u00a0\u00a0<\/span><span class=\"goog-text-highlight\">com grade cinza<\/span><\/div>\n<\/div>\n<\/div>\n<\/div>\n<\/div>\n<\/div>\n<\/div>\n<\/div>\n<\/div>\n<\/div>\n<\/div>\n<\/div>\n<\/div>\n<\/div>\n<\/div>\n<\/div>\n<\/div>\n<\/div>\n","protected":false},"excerpt":{"rendered":"<p>Vis\u00e3o geral Para os ouvintes que desejam o desempenho de um alto-falante Diamond da S\u00e9rie 800, mas preferem uma est\u00e9tica mais convencional, o 804 D4 \u00e9 a escolha perfeita.\u00a0Seu novo gabinete reverso segue os princ\u00edpios de design comprovados estabelecidos por seus irm\u00e3os maiores e seu novo pedestal tamb\u00e9m garante uma resposta de graves s\u00f3lida e [&hellip;]<\/p>\n","protected":false},"featured_media":15215,"template":"","meta":{"_acf_changed":false},"product_brand":[],"product_cat":[19,17,18],"product_tag":[],"class_list":{"0":"post-2326","1":"product","2":"type-product","3":"status-publish","4":"has-post-thumbnail","6":"product_cat-bw","7":"product_cat-caixas","8":"product_cat-torres","10":"first","11":"instock","12":"sold-individually","13":"shipping-taxable","14":"product-type-simple"},"acf":[],"aioseo_notices":[],"_links":{"self":[{"href":"https:\/\/hificlub.com.br\/loja\/wp-json\/wp\/v2\/product\/2326","targetHints":{"allow":["GET"]}}],"collection":[{"href":"https:\/\/hificlub.com.br\/loja\/wp-json\/wp\/v2\/product"}],"about":[{"href":"https:\/\/hificlub.com.br\/loja\/wp-json\/wp\/v2\/types\/product"}],"wp:featuredmedia":[{"embeddable":true,"href":"https:\/\/hificlub.com.br\/loja\/wp-json\/wp\/v2\/media\/15215"}],"wp:attachment":[{"href":"https:\/\/hificlub.com.br\/loja\/wp-json\/wp\/v2\/media?parent=2326"}],"wp:term":[{"taxonomy":"product_brand","embeddable":true,"href":"https:\/\/hificlub.com.br\/loja\/wp-json\/wp\/v2\/product_brand?post=2326"},{"taxonomy":"product_cat","embeddable":true,"href":"https:\/\/hificlub.com.br\/loja\/wp-json\/wp\/v2\/product_cat?post=2326"},{"taxonomy":"product_tag","embeddable":true,"href":"https:\/\/hificlub.com.br\/loja\/wp-json\/wp\/v2\/product_tag?post=2326"}],"curies":[{"name":"wp","href":"https:\/\/api.w.org\/{rel}","templated":true}]}}