{"id":23254,"date":"2025-06-20T12:29:29","date_gmt":"2025-06-20T15:29:29","guid":{"rendered":"https:\/\/hificlub.com.br\/loja\/?post_type=product&#038;p=23254"},"modified":"2026-03-03T22:17:42","modified_gmt":"2026-03-04T01:17:42","slug":"23254","status":"publish","type":"product","link":"https:\/\/hificlub.com.br\/loja\/produto\/23254\/","title":{"rendered":"VELODYNE IMPACT X5 &#8211; Subwoofer 15&#8243;, 550 watts"},"content":{"rendered":"<p><strong>Velodyne Acoustics Impact X<\/strong><\/p>\n<p>Esses potentes subwoofers combinam drivers frontais eficientes com uma porta bass reflex de disparo para baixo ou para tr\u00e1s.<\/p>\n<p>A s\u00e9rie Impact X cria uma impress\u00e3o duradoura com um som de baixa frequ\u00eancia incr\u00edvel. O atraente gabinete de MDF dos subwoofers, com acabamento em preto e branco, tamb\u00e9m combina perfeitamente com interiores modernos. A experi\u00eancia musical e de home theater, especialmente com o menor pacote poss\u00edvel, se beneficia enormemente dos drivers de 10 e 12 polegadas completamente redesenhados, que estabelecem novos padr\u00f5es nessa faixa de pre\u00e7o. Um amplificador Classe D altamente eficiente, juntamente com as principais tecnologias da Velodyne Acoustics, minimiza a distor\u00e7\u00e3o e possibilita um desempenho de graves incr\u00edvel.<\/p>\n<p>Agora, um subwoofer de 15 polegadas tamb\u00e9m expande a linha Impact X. Ele apresenta um design especial de slot traseiro otimizado para fluxo, usado como um reflexo de graves. Com um limite de frequ\u00eancia inferior de 19 Hertz e 9 modos DSP que tamb\u00e9m controlam os modos de ambiente, ele foi especialmente projetado para aplica\u00e7\u00f5es exigentes de home theater e salas de estar amplas.<\/p>\n<p><strong>Caracter\u00edsticas<\/strong><\/p>\n<p>Os drivers ativos de 10, 12 e 15 polegadas dos tr\u00eas modelos oferecem um som potente de baixa frequ\u00eancia com porta bass reflex na parte inferior ou traseira.<\/p>\n<p>Nove predefini\u00e7\u00f5es de DSP ajust\u00e1veis \u200b\u200bvia controle remoto no modelo de 15 polegadas (quatro no Impact X de 10 e 12 polegadas).<\/p>\n<p>Com 600 watts de pot\u00eancia m\u00e1xima (1.000 watts no modelo de 15 polegadas), o cl\u00e1ssico amplificador Classe D fornece pot\u00eancia suficiente para uma grande experi\u00eancia de home theater.<\/p>\n<p>Circuito anti-clipping para limitar a distor\u00e7\u00e3o do amplificador.<\/p>\n<p>&nbsp;<\/p>\n<p>&nbsp;<\/p>\n","protected":false},"excerpt":{"rendered":"<p>Velodyne Acoustics Impact X Esses potentes subwoofers combinam drivers frontais eficientes com uma porta bass reflex de disparo para baixo ou para tr\u00e1s. A s\u00e9rie Impact X cria uma impress\u00e3o duradoura com um som de baixa frequ\u00eancia incr\u00edvel. O atraente gabinete de MDF dos subwoofers, com acabamento em preto e branco, tamb\u00e9m combina perfeitamente com [&hellip;]<\/p>\n","protected":false},"featured_media":23256,"template":"","meta":{"_acf_changed":false},"product_brand":[],"product_cat":[17,36,143],"product_tag":[],"class_list":{"0":"post-23254","1":"product","2":"type-product","3":"status-publish","4":"has-post-thumbnail","6":"product_cat-caixas","7":"product_cat-subwoofer","8":"product_cat-velodyne","10":"first","11":"instock","12":"sold-individually","13":"shipping-taxable","14":"purchasable","15":"product-type-simple"},"acf":[],"aioseo_notices":[],"_links":{"self":[{"href":"https:\/\/hificlub.com.br\/loja\/wp-json\/wp\/v2\/product\/23254","targetHints":{"allow":["GET"]}}],"collection":[{"href":"https:\/\/hificlub.com.br\/loja\/wp-json\/wp\/v2\/product"}],"about":[{"href":"https:\/\/hificlub.com.br\/loja\/wp-json\/wp\/v2\/types\/product"}],"wp:featuredmedia":[{"embeddable":true,"href":"https:\/\/hificlub.com.br\/loja\/wp-json\/wp\/v2\/media\/23256"}],"wp:attachment":[{"href":"https:\/\/hificlub.com.br\/loja\/wp-json\/wp\/v2\/media?parent=23254"}],"wp:term":[{"taxonomy":"product_brand","embeddable":true,"href":"https:\/\/hificlub.com.br\/loja\/wp-json\/wp\/v2\/product_brand?post=23254"},{"taxonomy":"product_cat","embeddable":true,"href":"https:\/\/hificlub.com.br\/loja\/wp-json\/wp\/v2\/product_cat?post=23254"},{"taxonomy":"product_tag","embeddable":true,"href":"https:\/\/hificlub.com.br\/loja\/wp-json\/wp\/v2\/product_tag?post=23254"}],"curies":[{"name":"wp","href":"https:\/\/api.w.org\/{rel}","templated":true}]}}