{"id":23249,"date":"2025-06-20T11:56:06","date_gmt":"2025-06-20T14:56:06","guid":{"rendered":"https:\/\/hificlub.com.br\/loja\/?post_type=product&#038;p=23249"},"modified":"2026-03-03T22:17:42","modified_gmt":"2026-03-04T01:17:42","slug":"velodyne-dd12-subwoofer-12","status":"publish","type":"product","link":"https:\/\/hificlub.com.br\/loja\/produto\/velodyne-dd12-subwoofer-12\/","title":{"rendered":"VELODYNE DD12+ &#8211; Subwoofer 12&#8243;, 1250 watts"},"content":{"rendered":"<p><strong>S\u00e9rie Digital Drive Plus da Velodyne Acoustics: Tecnologia de ponta para verdadeiros gourmets<\/strong><\/p>\n<p>A s\u00e9rie Digital Drive Plus redefine o termo subwoofer. Drivers controlados digitalmente com desempenho impressionante, pot\u00eancia quase infinita e os algoritmos de calibra\u00e7\u00e3o mais recentes com amplas op\u00e7\u00f5es de ajuste fazem desses subwoofers ferramentas de precis\u00e3o de uma classe especial.<\/p>\n<p><strong>Mestres das baixas frequ\u00eancias<\/strong><br \/>\nA Velodyne Acoustics \u00e9 pioneira no desenvolvimento de tecnologias para subwoofers h\u00e1 mais de 40 anos. Nenhum outro fabricante det\u00e9m tantas patentes em engenharia de subwoofers, e cada uma dessas patentes \u00e9 dedicada a alcan\u00e7ar a reprodu\u00e7\u00e3o perfeita de baixas frequ\u00eancias para m\u00fasica, jogos e filmes.<\/p>\n<p>&nbsp;<\/p>\n","protected":false},"excerpt":{"rendered":"<p>S\u00e9rie Digital Drive Plus da Velodyne Acoustics: Tecnologia de ponta para verdadeiros gourmets A s\u00e9rie Digital Drive Plus redefine o termo subwoofer. Drivers controlados digitalmente com desempenho impressionante, pot\u00eancia quase infinita e os algoritmos de calibra\u00e7\u00e3o mais recentes com amplas op\u00e7\u00f5es de ajuste fazem desses subwoofers ferramentas de precis\u00e3o de uma classe especial. Mestres das [&hellip;]<\/p>\n","protected":false},"featured_media":23239,"template":"","meta":{"_acf_changed":false},"product_brand":[],"product_cat":[17,36,143],"product_tag":[],"class_list":{"0":"post-23249","1":"product","2":"type-product","3":"status-publish","4":"has-post-thumbnail","6":"product_cat-caixas","7":"product_cat-subwoofer","8":"product_cat-velodyne","10":"first","11":"instock","12":"sold-individually","13":"shipping-taxable","14":"purchasable","15":"product-type-simple"},"acf":[],"aioseo_notices":[],"_links":{"self":[{"href":"https:\/\/hificlub.com.br\/loja\/wp-json\/wp\/v2\/product\/23249","targetHints":{"allow":["GET"]}}],"collection":[{"href":"https:\/\/hificlub.com.br\/loja\/wp-json\/wp\/v2\/product"}],"about":[{"href":"https:\/\/hificlub.com.br\/loja\/wp-json\/wp\/v2\/types\/product"}],"wp:featuredmedia":[{"embeddable":true,"href":"https:\/\/hificlub.com.br\/loja\/wp-json\/wp\/v2\/media\/23239"}],"wp:attachment":[{"href":"https:\/\/hificlub.com.br\/loja\/wp-json\/wp\/v2\/media?parent=23249"}],"wp:term":[{"taxonomy":"product_brand","embeddable":true,"href":"https:\/\/hificlub.com.br\/loja\/wp-json\/wp\/v2\/product_brand?post=23249"},{"taxonomy":"product_cat","embeddable":true,"href":"https:\/\/hificlub.com.br\/loja\/wp-json\/wp\/v2\/product_cat?post=23249"},{"taxonomy":"product_tag","embeddable":true,"href":"https:\/\/hificlub.com.br\/loja\/wp-json\/wp\/v2\/product_tag?post=23249"}],"curies":[{"name":"wp","href":"https:\/\/api.w.org\/{rel}","templated":true}]}}