{"id":23238,"date":"2025-06-20T11:38:57","date_gmt":"2025-06-20T14:38:57","guid":{"rendered":"https:\/\/hificlub.com.br\/loja\/?post_type=product&#038;p=23238"},"modified":"2025-06-20T11:41:22","modified_gmt":"2025-06-20T14:41:22","slug":"fiera-8-starke-sound","status":"publish","type":"product","link":"https:\/\/hificlub.com.br\/loja\/produto\/fiera-8-starke-sound\/","title":{"rendered":"FIERA 8 STARKE SOUND"},"content":{"rendered":"<p>Nossa busca constante por melhor qualidade de som nos levou ao Fiera8 de 2\u00aa gera\u00e7\u00e3o, Classe D, com m\u00f3dulos de pot\u00eancia e amplificadores exclusivos. Aprimore o som do seu receptor de \u00e1udio e v\u00eddeo, alimentando um sistema completo de 7 canais. Ou use 2 amplificadores Fiera8 para alimentar um sistema 9.x.6 completo. Bem-vindo \u00e0 flexibilidade, pot\u00eancia substancial e \u00f3timo custo-benef\u00edcio: Fiera8.<\/p>\n<p>O Fiera8 \u00e9 a vers\u00e3o expandida do nosso popular Fiera4. Diversas melhorias foram feitas para criar o nosso amplificador de 8 canais com o melhor som e desempenho de todos os tempos!<\/p>\n<p>Essas melhorias incluem:<\/p>\n<ul>\n<li>Uma fonte de alimenta\u00e7\u00e3o chaveada com novo design e alta efici\u00eancia<\/li>\n<li>M\u00f3dulo de amplifica\u00e7\u00e3o NS600 atualizado com um front-end amplamente redesenhado<\/li>\n<li>Chassi aprimorado<\/li>\n<li>Blindagem interna aprimorada<\/li>\n<li>Percursos de fia\u00e7\u00e3o aprimorados<\/li>\n<\/ul>\n","protected":false},"excerpt":{"rendered":"<p>Nossa busca constante por melhor qualidade de som nos levou ao Fiera8 de 2\u00aa gera\u00e7\u00e3o, Classe D, com m\u00f3dulos de pot\u00eancia e amplificadores exclusivos. Aprimore o som do seu receptor de \u00e1udio e v\u00eddeo, alimentando um sistema completo de 7 canais. Ou use 2 amplificadores Fiera8 para alimentar um sistema 9.x.6 completo. Bem-vindo \u00e0 flexibilidade, [&hellip;]<\/p>\n","protected":false},"featured_media":23246,"template":"","meta":{"_acf_changed":false},"product_brand":[],"product_cat":[27],"product_tag":[],"class_list":{"0":"post-23238","1":"product","2":"type-product","3":"status-publish","4":"has-post-thumbnail","6":"product_cat-amplificador","8":"first","9":"instock","10":"sold-individually","11":"shipping-taxable","12":"purchasable","13":"product-type-simple"},"acf":[],"aioseo_notices":[],"_links":{"self":[{"href":"https:\/\/hificlub.com.br\/loja\/wp-json\/wp\/v2\/product\/23238","targetHints":{"allow":["GET"]}}],"collection":[{"href":"https:\/\/hificlub.com.br\/loja\/wp-json\/wp\/v2\/product"}],"about":[{"href":"https:\/\/hificlub.com.br\/loja\/wp-json\/wp\/v2\/types\/product"}],"wp:featuredmedia":[{"embeddable":true,"href":"https:\/\/hificlub.com.br\/loja\/wp-json\/wp\/v2\/media\/23246"}],"wp:attachment":[{"href":"https:\/\/hificlub.com.br\/loja\/wp-json\/wp\/v2\/media?parent=23238"}],"wp:term":[{"taxonomy":"product_brand","embeddable":true,"href":"https:\/\/hificlub.com.br\/loja\/wp-json\/wp\/v2\/product_brand?post=23238"},{"taxonomy":"product_cat","embeddable":true,"href":"https:\/\/hificlub.com.br\/loja\/wp-json\/wp\/v2\/product_cat?post=23238"},{"taxonomy":"product_tag","embeddable":true,"href":"https:\/\/hificlub.com.br\/loja\/wp-json\/wp\/v2\/product_tag?post=23238"}],"curies":[{"name":"wp","href":"https:\/\/api.w.org\/{rel}","templated":true}]}}