{"id":23220,"date":"2025-06-18T18:27:06","date_gmt":"2025-06-18T21:27:06","guid":{"rendered":"https:\/\/hificlub.com.br\/loja\/?post_type=product&#038;p=23220"},"modified":"2025-06-18T18:27:55","modified_gmt":"2025-06-18T21:27:55","slug":"focal-sub-air-flat-bass-reflex-subwoofer","status":"publish","type":"product","link":"https:\/\/hificlub.com.br\/loja\/produto\/focal-sub-air-flat-bass-reflex-subwoofer\/","title":{"rendered":"FOCAL SUB AIR FLAT BASS-REFLEX &#8211; Subwoofer"},"content":{"rendered":"<p><strong>Sub Air &#8211; Subwoofer plano com bass-reflex<\/strong><br \/>\nO som intenso e profundo do Sub Air complementa todos os sistemas 5.1. A tecnologia sem fio facilita a integra\u00e7\u00e3o em ambientes internos, eliminando todas as restri\u00e7\u00f5es causadas pelo comprimento do cabo. O design plano e compacto permite que voc\u00ea o instale em todos os tipos de espa\u00e7os.<\/p>\n<p><strong>Graves Intensos<\/strong><br \/>\nOs alto-falantes de 21 cm do Sub Air e o amplificador BASH\u00ae integrado de 150 watts proporcionam graves profundos e potentes. Some-se a isso os benef\u00edcios do perfil Bass-Reflex, que aumenta a pot\u00eancia do alto-falante e contribui para uma difus\u00e3o ideal e equilibrada dos graves na sala de audi\u00e7\u00e3o.<\/p>\n<p><strong>Inteligente<\/strong><br \/>\nF\u00e1cil de instalar, f\u00e1cil de usar: o Sub Air desperta quando voc\u00ea solicita e desliga automaticamente quando n\u00e3o h\u00e1 som. Gra\u00e7as \u00e0 conex\u00e3o sem fio por meio de uma caixa transmissora discreta conectada \u00e0 parte traseira do amplificador, voc\u00ea n\u00e3o precisa mais se preocupar com cabos.<\/p>\n<p>&nbsp;<\/p>\n","protected":false},"excerpt":{"rendered":"<p>Sub Air &#8211; Subwoofer plano com bass-reflex O som intenso e profundo do Sub Air complementa todos os sistemas 5.1. A tecnologia sem fio facilita a integra\u00e7\u00e3o em ambientes internos, eliminando todas as restri\u00e7\u00f5es causadas pelo comprimento do cabo. O design plano e compacto permite que voc\u00ea o instale em todos os tipos de espa\u00e7os. [&hellip;]<\/p>\n","protected":false},"featured_media":23225,"template":"","meta":{"_acf_changed":false},"product_brand":[],"product_cat":[17,45,36],"product_tag":[],"class_list":{"0":"post-23220","1":"product","2":"type-product","3":"status-publish","4":"has-post-thumbnail","6":"product_cat-caixas","7":"product_cat-focal","8":"product_cat-subwoofer","10":"first","11":"instock","12":"sold-individually","13":"shipping-taxable","14":"purchasable","15":"product-type-simple"},"acf":[],"aioseo_notices":[],"_links":{"self":[{"href":"https:\/\/hificlub.com.br\/loja\/wp-json\/wp\/v2\/product\/23220","targetHints":{"allow":["GET"]}}],"collection":[{"href":"https:\/\/hificlub.com.br\/loja\/wp-json\/wp\/v2\/product"}],"about":[{"href":"https:\/\/hificlub.com.br\/loja\/wp-json\/wp\/v2\/types\/product"}],"wp:featuredmedia":[{"embeddable":true,"href":"https:\/\/hificlub.com.br\/loja\/wp-json\/wp\/v2\/media\/23225"}],"wp:attachment":[{"href":"https:\/\/hificlub.com.br\/loja\/wp-json\/wp\/v2\/media?parent=23220"}],"wp:term":[{"taxonomy":"product_brand","embeddable":true,"href":"https:\/\/hificlub.com.br\/loja\/wp-json\/wp\/v2\/product_brand?post=23220"},{"taxonomy":"product_cat","embeddable":true,"href":"https:\/\/hificlub.com.br\/loja\/wp-json\/wp\/v2\/product_cat?post=23220"},{"taxonomy":"product_tag","embeddable":true,"href":"https:\/\/hificlub.com.br\/loja\/wp-json\/wp\/v2\/product_tag?post=23220"}],"curies":[{"name":"wp","href":"https:\/\/api.w.org\/{rel}","templated":true}]}}