{"id":23217,"date":"2025-06-18T18:07:38","date_gmt":"2025-06-18T21:07:38","guid":{"rendered":"https:\/\/hificlub.com.br\/loja\/?post_type=product&#038;p=23217"},"modified":"2026-03-03T22:17:42","modified_gmt":"2026-03-04T01:17:42","slug":"grado-dj-100i-capsula-para-toca-discos","status":"publish","type":"product","link":"https:\/\/hificlub.com.br\/loja\/produto\/grado-dj-100i-capsula-para-toca-discos\/","title":{"rendered":"GRADO DJ 100i &#8211; C\u00e1psula para Toca-discos"},"content":{"rendered":"<p><strong>Grado DJ 100i <\/strong><\/p>\n<p>Grado DJ100 \u00e9 a escolha definitiva para DJs exigentes que buscam desempenho de \u00e1udio excepcional. Criado com a experi\u00eancia ic\u00f4nica da Grado em design de c\u00e1psula, o DJ100 atinge um equil\u00edbrio perfeito entre robustez e qualidade de som. Tecnologia Grado OTL para uma experi\u00eancia musical incompar\u00e1vel O Grado DJ100 incorpora a tecnologia OTL (Over-the-Lip) da Grado, uma inova\u00e7\u00e3o criada para garantir a transmiss\u00e3o ideal do sinal em todas as fases. O cantilever \u00e9 inteligentemente dividido em tr\u00eas partes, com conex\u00e3o ideal facilitada por um material especialmente projetado para absorver resson\u00e2ncias de superf\u00edcie. Este design exclusivo controla efetivamente o efeito de pele, proporcionando uma reprodu\u00e7\u00e3o de \u00e1udio sem precedentes e sem ru\u00eddo. O modelo Prestige DJ100 usa uma tecnologia cantilever OTL de tr\u00eas pe\u00e7as, fio livre de oxig\u00eanio nas bobinas e um diamante especialmente projetado, altamente polido, montado em uma bucha de lat\u00e3o.<\/p>\n<p>Grado\u00a0foi fundada em 1953, no Brooklyn, Nova York, por Joseph Grado, um vision\u00e1rio apaixonado por m\u00fasica e engenharia de \u00e1udio, a empresa rapidamente se tornou sin\u00f4nimo de qualidade sonora excepcional. A Grado come\u00e7ou sua trajet\u00f3ria fabricando c\u00e1psulas de fon\u00f3grafo e toca-discos de alta qualidade, estabelecendo sua reputa\u00e7\u00e3o como uma marca comprometida com a excel\u00eancia sonora. No entanto, foi na d\u00e9cada de 1990 que a empresa se destacou ainda mais com o lan\u00e7amento de sua linha de fones de ouvido. Os fones de ouvido Grado s\u00e3o conhecidos por sua constru\u00e7\u00e3o artesanal, aten\u00e7\u00e3o aos detalhes e som excepcionalmente natural e equilibrado. Uma das caracter\u00edsticas distintivas das c\u00e1psulas Grado \u00e9 o uso de materiais de alta qualidade e a precis\u00e3o na fabrica\u00e7\u00e3o. As c\u00e1psulas s\u00e3o projetadas para minimizar a distor\u00e7\u00e3o e reproduzir fielmente as nuances musicais presentes nos discos de vinil. Al\u00e9m disso, a Grado utiliza t\u00e9cnicas de bobinagem e montagem meticulosas para garantir a integridade e durabilidade de suas c\u00e1psulas.<\/p>\n","protected":false},"excerpt":{"rendered":"<p>Grado DJ 100i Grado DJ100 \u00e9 a escolha definitiva para DJs exigentes que buscam desempenho de \u00e1udio excepcional. Criado com a experi\u00eancia ic\u00f4nica da Grado em design de c\u00e1psula, o DJ100 atinge um equil\u00edbrio perfeito entre robustez e qualidade de som. Tecnologia Grado OTL para uma experi\u00eancia musical incompar\u00e1vel O Grado DJ100 incorpora a tecnologia [&hellip;]<\/p>\n","protected":false},"featured_media":23218,"template":"","meta":{"_acf_changed":false},"product_brand":[],"product_cat":[78,99,268],"product_tag":[],"class_list":{"0":"post-23217","1":"product","2":"type-product","3":"status-publish","4":"has-post-thumbnail","6":"product_cat-analogico-audio","7":"product_cat-capsulas","8":"product_cat-grado","10":"first","11":"instock","12":"sold-individually","13":"shipping-taxable","14":"purchasable","15":"product-type-simple"},"acf":[],"aioseo_notices":[],"_links":{"self":[{"href":"https:\/\/hificlub.com.br\/loja\/wp-json\/wp\/v2\/product\/23217","targetHints":{"allow":["GET"]}}],"collection":[{"href":"https:\/\/hificlub.com.br\/loja\/wp-json\/wp\/v2\/product"}],"about":[{"href":"https:\/\/hificlub.com.br\/loja\/wp-json\/wp\/v2\/types\/product"}],"wp:featuredmedia":[{"embeddable":true,"href":"https:\/\/hificlub.com.br\/loja\/wp-json\/wp\/v2\/media\/23218"}],"wp:attachment":[{"href":"https:\/\/hificlub.com.br\/loja\/wp-json\/wp\/v2\/media?parent=23217"}],"wp:term":[{"taxonomy":"product_brand","embeddable":true,"href":"https:\/\/hificlub.com.br\/loja\/wp-json\/wp\/v2\/product_brand?post=23217"},{"taxonomy":"product_cat","embeddable":true,"href":"https:\/\/hificlub.com.br\/loja\/wp-json\/wp\/v2\/product_cat?post=23217"},{"taxonomy":"product_tag","embeddable":true,"href":"https:\/\/hificlub.com.br\/loja\/wp-json\/wp\/v2\/product_tag?post=23217"}],"curies":[{"name":"wp","href":"https:\/\/api.w.org\/{rel}","templated":true}]}}