{"id":23203,"date":"2025-06-18T17:42:17","date_gmt":"2025-06-18T20:42:17","guid":{"rendered":"https:\/\/hificlub.com.br\/loja\/?post_type=product&#038;p=23203"},"modified":"2026-03-03T22:17:43","modified_gmt":"2026-03-04T01:17:43","slug":"pro-ject-the-dark-side-of-the-moon-toca-discos","status":"publish","type":"product","link":"https:\/\/hificlub.com.br\/loja\/produto\/pro-ject-the-dark-side-of-the-moon-toca-discos\/","title":{"rendered":"PRO-JECT THE DARK SIDE OF THE MOON &#8211; Toca-discos"},"content":{"rendered":"<p>N\u00e3o s\u00f3 a m\u00fasica do \u00e1lbum &#8220;The Dark Side Of The Moon&#8221; \u00e9 verdadeiramente ic\u00f4nica, como tamb\u00e9m a pr\u00f3pria arte. Ela mostra um prisma enigm\u00e1tico que reflete raios de luz no espa\u00e7o. Um tema m\u00e1gico e m\u00edstico que ilustra o complexo universo sonoro da banda.<\/p>\n<p class=\"uppercase font-bold mb-4 text-xl\"><strong><span class=\"\">N\u00e3o est\u00e1 tudo escuro<\/span><\/strong><\/p>\n<div class=\"font-medium\">\n<p>Para n\u00f3s, ficou muito claro: precis\u00e1vamos criar uma plataforma girat\u00f3ria a partir dessa arte, que reproduzisse a din\u00e2mica e as cores do \u00e1lbum original.<\/p>\n<p>O resultado \u00e9 um toca-discos extraordin\u00e1rio, nunca visto antes. Conseguimos manter os aspectos essenciais do design art\u00edstico e combin\u00e1-los com materiais de alta qualidade. O pedestal \u00e9 feito de MDF, proporcionando a base perfeita. O eixo de a\u00e7o inoxid\u00e1vel do prato de alum\u00ednio refor\u00e7ado assenta em uma bucha de bronze. A correia plana de silicone faz a conex\u00e3o com o motor CA, garantindo velocidades est\u00e1veis.<\/p>\n<\/div>\n<p class=\"text-xl lg:text-4xl\"><strong>Acenda-o\u00a0 Luzes de fundo LED<\/strong><\/p>\n<p class=\"font-medium lg:leading-tight\">O arco-\u00edris do lado direito \u00e9 equipado com retroilumina\u00e7\u00e3o LED regul\u00e1vel. Perfeito para sess\u00f5es de audi\u00e7\u00e3o no escuro.<\/p>\n<p class=\"text-xl lg:text-4xl\"><strong><span class=\"\">Design especial &#8211; <\/span>Bra\u00e7o de acr\u00edlico exclusivo<\/strong><\/p>\n<p class=\"font-medium lg:leading-tight\">O toca-discos Dark Side Of The Moon possui um bra\u00e7o de acr\u00edlico de 8,6 polegadas com mola antiderrapante.<\/p>\n<p class=\"text-xl lg:text-4xl\"><strong><span class=\"\">Unidade s\u00f3lida &#8211; <\/span>Peso pesado<\/strong><\/p>\n<p class=\"font-medium lg:leading-tight\">Prato de vidro resistente de 10 mm combinado com um prato de alum\u00ednio s\u00f3lido. O eixo de a\u00e7o inoxid\u00e1vel do prato de alum\u00ednio resistente assenta numa bucha de lat\u00e3o.<\/p>\n<p class=\"text-xl lg:text-4xl\"><strong>Special Pick it Rich and powerful<\/strong><\/p>\n<p class=\"font-medium lg:leading-tight\">Pre-adjusted Pick it PRO in a special \u201eThe Dark Side Of The Moon\u201c Edition. It is tuned to fit the whole concept and delivers the rich sound you would expect for this turntable.<\/p>\n<p>&nbsp;<\/p>\n<p><a href=\"https:\/\/recordbuilds.com\/dark-side-of-the-moon-turntable\/\" target=\"_blank\" rel=\"noopener\"><img loading=\"lazy\" decoding=\"async\" class=\"alignnone wp-image-23204 \" src=\"https:\/\/hificlub.com.br\/loja\/wp-content\/uploads\/2025\/06\/Recordbuilds-award-300x300.png\" alt=\"\" width=\"224\" height=\"224\" srcset=\"https:\/\/hificlub.com.br\/loja\/wp-content\/uploads\/2025\/06\/Recordbuilds-award-300x300.png 300w, https:\/\/hificlub.com.br\/loja\/wp-content\/uploads\/2025\/06\/Recordbuilds-award-150x150.png 150w, https:\/\/hificlub.com.br\/loja\/wp-content\/uploads\/2025\/06\/Recordbuilds-award-225x225.png 225w, https:\/\/hificlub.com.br\/loja\/wp-content\/uploads\/2025\/06\/Recordbuilds-award-100x100.png 100w, https:\/\/hificlub.com.br\/loja\/wp-content\/uploads\/2025\/06\/Recordbuilds-award.png 384w\" sizes=\"auto, (max-width: 224px) 100vw, 224px\" \/>\u00a0\u00a0\u00a0\u00a0 <\/a><a href=\"https:\/\/recordbuilds.com\/dark-side-of-the-moon-turntable\/\"><img loading=\"lazy\" decoding=\"async\" class=\"alignnone wp-image-21273\" src=\"https:\/\/hificlub.com.br\/loja\/wp-content\/uploads\/2025\/05\/what-hifi-awards.png\" alt=\"\" width=\"375\" height=\"190\" srcset=\"https:\/\/hificlub.com.br\/loja\/wp-content\/uploads\/2025\/05\/what-hifi-awards.png 316w, https:\/\/hificlub.com.br\/loja\/wp-content\/uploads\/2025\/05\/what-hifi-awards-300x152.png 300w\" sizes=\"auto, (max-width: 375px) 100vw, 375px\" \/><\/a><\/p>\n","protected":false},"excerpt":{"rendered":"<p>N\u00e3o s\u00f3 a m\u00fasica do \u00e1lbum &#8220;The Dark Side Of The Moon&#8221; \u00e9 verdadeiramente ic\u00f4nica, como tamb\u00e9m a pr\u00f3pria arte. Ela mostra um prisma enigm\u00e1tico que reflete raios de luz no espa\u00e7o. Um tema m\u00e1gico e m\u00edstico que ilustra o complexo universo sonoro da banda. N\u00e3o est\u00e1 tudo escuro Para n\u00f3s, ficou muito claro: precis\u00e1vamos [&hellip;]<\/p>\n","protected":false},"featured_media":23215,"template":"","meta":{"_acf_changed":false},"product_brand":[],"product_cat":[78,241,98],"product_tag":[],"class_list":{"0":"post-23203","1":"product","2":"type-product","3":"status-publish","4":"has-post-thumbnail","6":"product_cat-analogico-audio","7":"product_cat-project","8":"product_cat-toca-discos","10":"first","11":"instock","12":"sold-individually","13":"shipping-taxable","14":"purchasable","15":"product-type-simple"},"acf":[],"aioseo_notices":[],"_links":{"self":[{"href":"https:\/\/hificlub.com.br\/loja\/wp-json\/wp\/v2\/product\/23203","targetHints":{"allow":["GET"]}}],"collection":[{"href":"https:\/\/hificlub.com.br\/loja\/wp-json\/wp\/v2\/product"}],"about":[{"href":"https:\/\/hificlub.com.br\/loja\/wp-json\/wp\/v2\/types\/product"}],"wp:featuredmedia":[{"embeddable":true,"href":"https:\/\/hificlub.com.br\/loja\/wp-json\/wp\/v2\/media\/23215"}],"wp:attachment":[{"href":"https:\/\/hificlub.com.br\/loja\/wp-json\/wp\/v2\/media?parent=23203"}],"wp:term":[{"taxonomy":"product_brand","embeddable":true,"href":"https:\/\/hificlub.com.br\/loja\/wp-json\/wp\/v2\/product_brand?post=23203"},{"taxonomy":"product_cat","embeddable":true,"href":"https:\/\/hificlub.com.br\/loja\/wp-json\/wp\/v2\/product_cat?post=23203"},{"taxonomy":"product_tag","embeddable":true,"href":"https:\/\/hificlub.com.br\/loja\/wp-json\/wp\/v2\/product_tag?post=23203"}],"curies":[{"name":"wp","href":"https:\/\/api.w.org\/{rel}","templated":true}]}}