{"id":232,"date":"2023-10-17T19:50:43","date_gmt":"2023-10-17T22:50:43","guid":{"rendered":"https:\/\/hificlub.com.br\/loja2\/produto\/cambridge-axr100-am-fm-phono-dac-bluetooth-100-watts\/"},"modified":"2026-05-14T10:56:17","modified_gmt":"2026-05-14T13:56:17","slug":"cambridge-axr100-am-fm-phono-dac-bluetooth-100-watts","status":"publish","type":"product","link":"https:\/\/hificlub.com.br\/loja\/produto\/cambridge-axr100-am-fm-phono-dac-bluetooth-100-watts\/","title":{"rendered":"CAMBRIDGE AXR100 &#8211; AM\/FM Phono DAC Bluetooth  100 watts"},"content":{"rendered":"<p>O amplificador mais potente da linha AX oferece enormes 100 watts por canal, uma sa\u00edda de alto-falante subwoofer dedicada para melhorar os graves e dois conjuntos de sa\u00eddas de alto-falante.\u00a0Ele tamb\u00e9m possui entradas anal\u00f3gicas, digitais, est\u00e1gio phono, um receptor FM \/ AM com RDS e uma entrada de 3,5 mm.\u00a0Al\u00e9m disso, o receptor bluetooth embutido permite transmitir suas m\u00fasicas favoritas do seu smartphone, tablet ou PC.<\/p>\n<p>&nbsp;<\/p>\n","protected":false},"excerpt":{"rendered":"<p>O amplificador mais potente da linha AX oferece enormes 100 watts por canal, uma sa\u00edda de alto-falante subwoofer dedicada para melhorar os graves e dois conjuntos de sa\u00eddas de alto-falante.\u00a0Ele tamb\u00e9m possui entradas anal\u00f3gicas, digitais, est\u00e1gio phono, um receptor FM \/ AM com RDS e uma entrada de 3,5 mm.\u00a0Al\u00e9m disso, o receptor bluetooth embutido [&hellip;]<\/p>\n","protected":false},"featured_media":229,"template":"","meta":{"_acf_changed":false},"product_brand":[],"product_cat":[27,52,51],"product_tag":[],"class_list":{"0":"post-232","1":"product","2":"type-product","3":"status-publish","4":"has-post-thumbnail","6":"product_cat-amplificador","7":"product_cat-cambridge","8":"product_cat-integrado","10":"first","11":"instock","12":"sold-individually","13":"shipping-taxable","14":"purchasable","15":"product-type-simple"},"acf":[],"aioseo_notices":[],"_links":{"self":[{"href":"https:\/\/hificlub.com.br\/loja\/wp-json\/wp\/v2\/product\/232","targetHints":{"allow":["GET"]}}],"collection":[{"href":"https:\/\/hificlub.com.br\/loja\/wp-json\/wp\/v2\/product"}],"about":[{"href":"https:\/\/hificlub.com.br\/loja\/wp-json\/wp\/v2\/types\/product"}],"wp:featuredmedia":[{"embeddable":true,"href":"https:\/\/hificlub.com.br\/loja\/wp-json\/wp\/v2\/media\/229"}],"wp:attachment":[{"href":"https:\/\/hificlub.com.br\/loja\/wp-json\/wp\/v2\/media?parent=232"}],"wp:term":[{"taxonomy":"product_brand","embeddable":true,"href":"https:\/\/hificlub.com.br\/loja\/wp-json\/wp\/v2\/product_brand?post=232"},{"taxonomy":"product_cat","embeddable":true,"href":"https:\/\/hificlub.com.br\/loja\/wp-json\/wp\/v2\/product_cat?post=232"},{"taxonomy":"product_tag","embeddable":true,"href":"https:\/\/hificlub.com.br\/loja\/wp-json\/wp\/v2\/product_tag?post=232"}],"curies":[{"name":"wp","href":"https:\/\/api.w.org\/{rel}","templated":true}]}}