{"id":23183,"date":"2025-06-17T17:58:01","date_gmt":"2025-06-17T20:58:01","guid":{"rendered":"https:\/\/hificlub.com.br\/loja\/?post_type=product&#038;p=23183"},"modified":"2026-03-03T22:17:43","modified_gmt":"2026-03-04T01:17:43","slug":"optoma-uhz66-projetor-laser-4k-uhd-4000-lumens","status":"publish","type":"product","link":"https:\/\/hificlub.com.br\/loja\/produto\/optoma-uhz66-projetor-laser-4k-uhd-4000-lumens\/","title":{"rendered":"OPTOMA UHZ66 &#8211; Projetor Laser 4K UHD &#8211; 4000 Lumens"},"content":{"rendered":"<p><strong>Projetor laser 4K UHD compacto e ecol\u00f3gico de alto brilho<\/strong><\/p>\n<div>\n<p>O UHZ66 \u00e9 um dos projetores laser 4K UHD DuraCore mais compactos e descomplicados da Optoma at\u00e9 hoje. Projetado para opera\u00e7\u00e3o cont\u00ednua sem manuten\u00e7\u00e3o, este projetor de 4.000 l\u00famens oferece desempenho de imagem poderoso com recursos de instala\u00e7\u00e3o flex\u00edveis e amplas op\u00e7\u00f5es de conectividade em um formato elegante e compacto, at\u00e9 34% menor que os modelos Optoma anteriores.\u00b9<\/p>\n<p>Para apoiar o compromisso da Optoma com a sustentabilidade, o UHZ66 reduz o consumo de energia em at\u00e9 45% em compara\u00e7\u00e3o com os projetores baseados em l\u00e2mpadas da Optoma.\u00b2 A tecnologia laser DuraCore que economiza energia garante uma longa vida \u00fatil do produto de at\u00e9 30.000 horas sem a necessidade de l\u00e2mpadas adicionais, requer manuten\u00e7\u00e3o m\u00ednima e n\u00e3o cont\u00e9m merc\u00fario, reduzindo ainda mais sua pegada de carbono.<\/p>\n<p>Um benef\u00edcio adicional, o UHZ66 possui uma fonte de alimenta\u00e7\u00e3o externa que oferece mais confiabilidade, portabilidade e efici\u00eancia energ\u00e9tica.<\/p>\n<p>Projetado pensando no meio ambiente, o design ecol\u00f3gico do chassi \u00e9 feito com at\u00e9 50% de pl\u00e1stico PCR (reciclado p\u00f3s-consumo) e a embalagem cont\u00e9m at\u00e9 97% de materiais recicl\u00e1veis.\u00b3 Al\u00e9m disso, o produto compacto e o tamanho da embalagem do o projetor Optoma UHZ66 permite 2x mais produtos transportados por cont\u00eainer, resultando em uma log\u00edstica mais eficiente para ajudar a reduzir ainda mais as emiss\u00f5es de carbono.\u00b9<\/p>\n<p>O UHZ66 oferece contraste superior, reprodu\u00e7\u00e3o precisa de cores realistas para os amantes do cinema e oferece 4.000 l\u00famens brilhantes para que os f\u00e3s de esportes possam desfrutar da a\u00e7\u00e3o ao vivo com as luzes acesas. Tamb\u00e9m reduz o atraso de entrada para apenas 4,4 ms (1080p 240 Hz) \u2013 perfeito para uma vantagem competitiva nos jogos.<\/p>\n<p><strong>Incr\u00edvel resolu\u00e7\u00e3o True 4K UHD e tecnologia laser<\/strong><\/p>\n<p>Compat\u00edvel com HDR e HLG<\/p>\n<p><strong>Luzes de visualiza\u00e7\u00e3o &#8211; brilhantes 4000 l\u00famens<\/strong><\/p>\n<p>Perfeito para entretenimento dom\u00e9stico em tela grande e jogos envolventes<\/p>\n<p><strong>Formato pequeno para f\u00e1cil instala\u00e7\u00e3o<\/strong><\/p>\n<p>Zoom de 1,6x, proje\u00e7\u00e3o de 360 \u200b\u200bgraus e retrato<\/p>\n<p><strong>Jogos ultrarr\u00e1pidos<\/strong><\/p>\n<p>Suporta 1080p 240 Hz a 4,4 ms e 4K 60 Hz a 17 ms<\/p>\n<\/div>\n","protected":false},"excerpt":{"rendered":"<p>Projetor laser 4K UHD compacto e ecol\u00f3gico de alto brilho O UHZ66 \u00e9 um dos projetores laser 4K UHD DuraCore mais compactos e descomplicados da Optoma at\u00e9 hoje. Projetado para opera\u00e7\u00e3o cont\u00ednua sem manuten\u00e7\u00e3o, este projetor de 4.000 l\u00famens oferece desempenho de imagem poderoso com recursos de instala\u00e7\u00e3o flex\u00edveis e amplas op\u00e7\u00f5es de conectividade em [&hellip;]<\/p>\n","protected":false},"featured_media":23184,"template":"","meta":{"_acf_changed":false},"product_brand":[],"product_cat":[300,259],"product_tag":[],"class_list":{"0":"post-23183","1":"product","2":"type-product","3":"status-publish","4":"has-post-thumbnail","6":"product_cat-optoma","7":"product_cat-projetor-2","9":"first","10":"instock","11":"sold-individually","12":"shipping-taxable","13":"purchasable","14":"product-type-simple"},"acf":[],"aioseo_notices":[],"_links":{"self":[{"href":"https:\/\/hificlub.com.br\/loja\/wp-json\/wp\/v2\/product\/23183","targetHints":{"allow":["GET"]}}],"collection":[{"href":"https:\/\/hificlub.com.br\/loja\/wp-json\/wp\/v2\/product"}],"about":[{"href":"https:\/\/hificlub.com.br\/loja\/wp-json\/wp\/v2\/types\/product"}],"wp:featuredmedia":[{"embeddable":true,"href":"https:\/\/hificlub.com.br\/loja\/wp-json\/wp\/v2\/media\/23184"}],"wp:attachment":[{"href":"https:\/\/hificlub.com.br\/loja\/wp-json\/wp\/v2\/media?parent=23183"}],"wp:term":[{"taxonomy":"product_brand","embeddable":true,"href":"https:\/\/hificlub.com.br\/loja\/wp-json\/wp\/v2\/product_brand?post=23183"},{"taxonomy":"product_cat","embeddable":true,"href":"https:\/\/hificlub.com.br\/loja\/wp-json\/wp\/v2\/product_cat?post=23183"},{"taxonomy":"product_tag","embeddable":true,"href":"https:\/\/hificlub.com.br\/loja\/wp-json\/wp\/v2\/product_tag?post=23183"}],"curies":[{"name":"wp","href":"https:\/\/api.w.org\/{rel}","templated":true}]}}