{"id":2318,"date":"2023-10-17T20:00:15","date_gmt":"2023-10-17T23:00:15","guid":{"rendered":"https:\/\/hificlub.com.br\/loja2\/produto\/nordost-krell-interconect-cast-2-metros\/"},"modified":"2025-10-20T21:40:58","modified_gmt":"2025-10-21T00:40:58","slug":"nordost-krell-interconect-cast-2-metros","status":"publish","type":"product","link":"https:\/\/hificlub.com.br\/loja\/produto\/nordost-krell-interconect-cast-2-metros\/","title":{"rendered":"KRELL CAST  Interconnect  &#8211; 2 metros"},"content":{"rendered":"<p>ESTADO 9\/10<\/p>\n<p>CAST (Current Audio Signal Transmission) \u00e9 uma tecnologia propriet\u00e1ria da Krell Industries, LLC que combina efetivamente os est\u00e1gios de ganho de sinal dos componentes conectados no CAST em um bloco de ganho.\u00a0A tecnologia CAST elimina virtualmente o ru\u00eddo e as distor\u00e7\u00f5es criadas pelo uso de v\u00e1rios est\u00e1gios de ganho de tens\u00e3o.\u00a0Um sistema Krell conectado em CAST transfere o sinal no dom\u00ednio da corrente, por todo o caminho do sinal at\u00e9 o est\u00e1gio de sa\u00edda do amplificador, onde ocorre apenas uma convers\u00e3o de corrente para tens\u00e3o (I-to-V).\u00a0Os produtos habilitados para CAST incluem um circuito transmissor e receptor que transfere corrente de uma imped\u00e2ncia de sa\u00edda extremamente alta (fonte) para uma entrada de baixa imped\u00e2ncia (carga), minimizando o efeito do cabo na transmiss\u00e3o do sinal.<\/p>\n<p>A tecnologia CAST expande a largura de banda utiliz\u00e1vel do sinal de \u00e1udio bem acima de 2 MHz;\u00a0garantindo que as reflex\u00f5es harm\u00f4nicas sejam virtualmente imensur\u00e1veis \u200b\u200bna faixa de frequ\u00eancia aud\u00edvel.\u00a0O CAST permite a transmiss\u00e3o de sinal em comprimentos estendidos de cabo de interconex\u00e3o, permitindo a coloca\u00e7\u00e3o flex\u00edvel de seus componentes, sem degrada\u00e7\u00e3o do sinal.<\/p>\n<p>A transmiss\u00e3o do sinal de tens\u00e3o e o sistema de \u00e1udio<br \/>\ntradicional Tradicionalmente, o sinal \u00e9 transmitido no dom\u00ednio da tens\u00e3o entre dois componentes.\u00a0Em um sistema de \u00e1udio, cada componente \u00e9 uma entidade discreta com caracter\u00edsticas \u00fanicas que atuam sobre o sinal musical de forma independente.\u00a0Cada componente n\u00e3o tem conhecimento dos outros componentes do sistema.\u00a0Os cabos que conectam os componentes tamb\u00e9m possuem caracter\u00edsticas el\u00e9tricas pr\u00f3prias, que afetam a apresenta\u00e7\u00e3o sonora de todo o sistema.\u00a0A transmiss\u00e3o CAST unifica componentes individuais e interconecta em um todo conectado eletricamente.\u00a0O sinal original permanece inalterado da fonte para o alto-falante.<\/p>\n<p>Fundamentos<br \/>\ndo CAST Veja como funciona um sistema de \u00e1udio CAST.\u00a0Internamente, cada fonte CAST transfere ou amplifica a corrente usando o circuito Krell Current Mode.\u00a0Este sinal de corrente \u00e9 ent\u00e3o emitido usando circuitos CAST.\u00a0Quando o sinal \u00e9 recebido por uma entrada CAST, o circuito Krell Current Mode assume novamente at\u00e9 que o sinal alcance o alto-falante.\u00a0Ao manter o sinal musical no dom\u00ednio atual do in\u00edcio ao fim, todo um sistema CAST se comporta como se fosse um componente.\u00a0Com o CAST, as propriedades da placa de circuito e as aberra\u00e7\u00f5es de transmiss\u00e3o de sinal entre os componentes s\u00e3o eliminadas.\u00a0As imped\u00e2ncias do cabo e seus efeitos no sinal transmitido s\u00e3o inexistentes.<\/p>\n<p>Como o modo atual CAST e Krell interagem<br \/>\nEnquanto CAST \u00e9 um novo m\u00e9todo de transfer\u00eancia de sinal musical entre componentes, sua origem vem do Krell Current Mode, a tecnologia desenvolvida para transferir o sinal musical dentro de um componente.\u00a0O CAST combinado com o Modo de Corrente Krell leva a transmiss\u00e3o de sinal de circuito para o pr\u00f3ximo n\u00edvel evolutivo.\u00a0Em ess\u00eancia, o Modo Atual Krell mant\u00e9m a integridade do sinal dentro do componente e o CAST preserva o sinal transmitido entre os componentes.\u00a0Juntas, as tecnologias CAST e Krell Current Mode unificam componentes Krell separados em um \u00fanico circuito global.\u00a0A tecnologia Krell Current Mode desfruta de aumentos de largura de banda at\u00e9 uma ordem de magnitude maior do que suas contrapartes baseadas em tens\u00e3o.\u00a0Este aumento dram\u00e1tico na largura de banda do circuito oferece quase perfei\u00e7\u00e3o na banda aud\u00edvel que normalmente sofre de distor\u00e7\u00f5es de fase em circuitos de tens\u00e3o.<\/p>\n<p>Evolution CAST<br \/>\nAo empregar um circuito radical de espelho de corrente, os componentes Evolution elevam a tecnologia CAST a outro n\u00edvel.\u00a0Esse uso avan\u00e7ado da tecnologia aumenta a linearidade, a velocidade transit\u00f3ria e a largura de banda dos componentes Evolution enquanto reduz a distor\u00e7\u00e3o em uma ordem de magnitude.<\/p>\n<p>A Melhor Performance Musical<br \/>\nAo operar um sistema CAST, voc\u00ea ouvir\u00e1 melhorias significativas em todas as \u00e1reas de performance: velocidade, precis\u00e3o, faixa din\u00e2mica, profundidade e largura do palco sonoro, impacto transiente, equil\u00edbrio tonal, distor\u00e7\u00e3o harm\u00f4nica e muito mais.\u00a0O objetivo do CAST \u00e9 o mesmo objetivo da empresa usado para todos os produtos Krell.\u00a0A Krell se esfor\u00e7a para entregar a melhor performance de um evento musical para voc\u00ea, utilizando toda a express\u00e3o da tecnologia at\u00e9 hoje.<\/p>\n<p>Cabo de interconex\u00e3o CAST\u00ae MMF<br \/>\nO cabo Krell CAST MMF desenvolvido em conjunto pela Krell Industries, LLC e Nordost levou este conceito um passo adiante usando a Tecnologia Micro Mono-Filament propriet\u00e1ria da Nordost.\u00a0Esta tecnologia usa espa\u00e7amento espiral e FEP extrudado em uma constru\u00e7\u00e3o \u00fanica que cria um diel\u00e9trico de ar virtual.\u00a0O cabo usa quatro condutores OFC 99,99999% folheados a prata em uma constru\u00e7\u00e3o de Micro Mono-Filament FEP (Etileno Propileno Fourinado) com uma blindagem dupla.\u00a0O design revolucion\u00e1rio do cabo Krell CAST MMF combina facilidade de uso com largura de banda muito ampla e transmiss\u00e3o de sinal muito eficiente em altas velocidades, reduzindo o contato de isolamento com os condutores em mais de 80%.\u00a0As melhorias sonoras com o cabo Krell CAST MMF s\u00e3o imediatas \u2013 as performances emergem da escurid\u00e3o absoluta, com a velocidade,<\/p>\n<p>&nbsp;<\/p>\n","protected":false},"excerpt":{"rendered":"<p>ESTADO 9\/10 CAST (Current Audio Signal Transmission) \u00e9 uma tecnologia propriet\u00e1ria da Krell Industries, LLC que combina efetivamente os est\u00e1gios de ganho de sinal dos componentes conectados no CAST em um bloco de ganho.\u00a0A tecnologia CAST elimina virtualmente o ru\u00eddo e as distor\u00e7\u00f5es criadas pelo uso de v\u00e1rios est\u00e1gios de ganho de tens\u00e3o.\u00a0Um sistema Krell [&hellip;]<\/p>\n","protected":false},"featured_media":2316,"template":"","meta":{"_acf_changed":false},"product_brand":[],"product_cat":[61,73,34],"product_tag":[],"class_list":{"0":"post-2318","1":"product","2":"type-product","3":"status-publish","4":"has-post-thumbnail","6":"product_cat-cabos","7":"product_cat-interconnect-xlr","8":"product_cat-krell","10":"first","11":"instock","12":"sold-individually","13":"shipping-taxable","14":"purchasable","15":"product-type-simple"},"acf":[],"aioseo_notices":[],"_links":{"self":[{"href":"https:\/\/hificlub.com.br\/loja\/wp-json\/wp\/v2\/product\/2318","targetHints":{"allow":["GET"]}}],"collection":[{"href":"https:\/\/hificlub.com.br\/loja\/wp-json\/wp\/v2\/product"}],"about":[{"href":"https:\/\/hificlub.com.br\/loja\/wp-json\/wp\/v2\/types\/product"}],"wp:featuredmedia":[{"embeddable":true,"href":"https:\/\/hificlub.com.br\/loja\/wp-json\/wp\/v2\/media\/2316"}],"wp:attachment":[{"href":"https:\/\/hificlub.com.br\/loja\/wp-json\/wp\/v2\/media?parent=2318"}],"wp:term":[{"taxonomy":"product_brand","embeddable":true,"href":"https:\/\/hificlub.com.br\/loja\/wp-json\/wp\/v2\/product_brand?post=2318"},{"taxonomy":"product_cat","embeddable":true,"href":"https:\/\/hificlub.com.br\/loja\/wp-json\/wp\/v2\/product_cat?post=2318"},{"taxonomy":"product_tag","embeddable":true,"href":"https:\/\/hificlub.com.br\/loja\/wp-json\/wp\/v2\/product_tag?post=2318"}],"curies":[{"name":"wp","href":"https:\/\/api.w.org\/{rel}","templated":true}]}}