{"id":23170,"date":"2025-06-17T17:31:36","date_gmt":"2025-06-17T20:31:36","guid":{"rendered":"https:\/\/hificlub.com.br\/loja\/?post_type=product&#038;p=23170"},"modified":"2026-03-03T22:17:43","modified_gmt":"2026-03-04T01:17:43","slug":"optoma-uhd38x-dlp-true-4k-uhd","status":"publish","type":"product","link":"https:\/\/hificlub.com.br\/loja\/produto\/optoma-uhd38x-dlp-true-4k-uhd\/","title":{"rendered":"OPTOMA UHD38X &#8211; DLP True 4K UHD"},"content":{"rendered":"<div class=\"description\">\n<p><strong>Brilhante, True 4K UHD para jogos e projetor de entretenimento dom\u00e9stico<\/strong><\/p>\n<div>\n<p>Mergulhe em um mundo de jogos Ultra HD, esportes ao vivo e programas de TV. O UHD38x oferece imagens impressionantes e brilhantes com qualidade True 4K UHD, atraso de entrada ultrarr\u00e1pido de 4,2 ms e alta taxa de atualiza\u00e7\u00e3o de 240 Hz &#8211; perfeito para uma vantagem competitiva em jogos.<\/p>\n<p>Equipado com a mais recente tecnologia e recursos, este projetor elegante possui compatibilidade High Dynamic Range (HDR) e HLG, Full 3D e duas portas HDMI 2.0. Perfeito para desfrutar de entretenimento em tela grande realista em qualquer espa\u00e7o.<\/p>\n<div class=\"key-feature\">\n<div>\n<p><strong>Verdadeira resolu\u00e7\u00e3o 4K UHD<\/strong><\/p>\n<p>Compat\u00edvel com HDR e HLG<\/p>\n<\/div>\n<\/div>\n<div class=\"key-feature\">\n<div>\n<p><strong>Luzes na visualiza\u00e7\u00e3o<\/strong><\/p>\n<p>4000 lumens para uso a qualquer hora do dia<\/p>\n<\/div>\n<\/div>\n<div class=\"key-feature\">\n<div>\n<p><strong>Projetor de jogos r\u00e1pido como um rel\u00e2mpago<\/strong><\/p>\n<p>Oferece 1080p 240Hz com um atraso de entrada ultrabaixo de 4,2 ms<\/p>\n<\/div>\n<\/div>\n<div class=\"key-feature\">\n<div>\n<p><strong>Totalmente compat\u00edvel com 3D<\/strong><\/p>\n<p>Experimente entretenimento de tela grande realista<\/p>\n<\/div>\n<\/div>\n<\/div>\n<\/div>\n","protected":false},"excerpt":{"rendered":"<p>Brilhante, True 4K UHD para jogos e projetor de entretenimento dom\u00e9stico Mergulhe em um mundo de jogos Ultra HD, esportes ao vivo e programas de TV. O UHD38x oferece imagens impressionantes e brilhantes com qualidade True 4K UHD, atraso de entrada ultrarr\u00e1pido de 4,2 ms e alta taxa de atualiza\u00e7\u00e3o de 240 Hz &#8211; perfeito [&hellip;]<\/p>\n","protected":false},"featured_media":23171,"template":"","meta":{"_acf_changed":false},"product_brand":[],"product_cat":[100,259],"product_tag":[],"class_list":{"0":"post-23170","1":"product","2":"type-product","3":"status-publish","4":"has-post-thumbnail","6":"product_cat-ortofon","7":"product_cat-projetor-2","9":"first","10":"instock","11":"sold-individually","12":"shipping-taxable","13":"purchasable","14":"product-type-simple"},"acf":[],"aioseo_notices":[],"_links":{"self":[{"href":"https:\/\/hificlub.com.br\/loja\/wp-json\/wp\/v2\/product\/23170","targetHints":{"allow":["GET"]}}],"collection":[{"href":"https:\/\/hificlub.com.br\/loja\/wp-json\/wp\/v2\/product"}],"about":[{"href":"https:\/\/hificlub.com.br\/loja\/wp-json\/wp\/v2\/types\/product"}],"wp:featuredmedia":[{"embeddable":true,"href":"https:\/\/hificlub.com.br\/loja\/wp-json\/wp\/v2\/media\/23171"}],"wp:attachment":[{"href":"https:\/\/hificlub.com.br\/loja\/wp-json\/wp\/v2\/media?parent=23170"}],"wp:term":[{"taxonomy":"product_brand","embeddable":true,"href":"https:\/\/hificlub.com.br\/loja\/wp-json\/wp\/v2\/product_brand?post=23170"},{"taxonomy":"product_cat","embeddable":true,"href":"https:\/\/hificlub.com.br\/loja\/wp-json\/wp\/v2\/product_cat?post=23170"},{"taxonomy":"product_tag","embeddable":true,"href":"https:\/\/hificlub.com.br\/loja\/wp-json\/wp\/v2\/product_tag?post=23170"}],"curies":[{"name":"wp","href":"https:\/\/api.w.org\/{rel}","templated":true}]}}