{"id":23165,"date":"2025-06-17T17:22:45","date_gmt":"2025-06-17T20:22:45","guid":{"rendered":"https:\/\/hificlub.com.br\/loja\/?post_type=product&#038;p=23165"},"modified":"2026-03-03T22:17:43","modified_gmt":"2026-03-04T01:17:43","slug":"optoma-hz40hdr-projetor-laser-full-hd-4000-lumens","status":"publish","type":"product","link":"https:\/\/hificlub.com.br\/loja\/produto\/optoma-hz40hdr-projetor-laser-full-hd-4000-lumens\/","title":{"rendered":"OPTOMA HZ40HDR Projetor Laser Full HD &#8211; 4000 lumens"},"content":{"rendered":"<div id=\"brxe-aptanx\" class=\"brxe-block\">\n<div id=\"brxe-rpenff\" class=\"brxe-product-short-description\">\n<div class=\"woocommerce-product-details__short-description\">\n<p><strong><label class=\"screen-reader-text\" for=\"quantity_68377e0c527fb\">Projetor Optoma HZ40HDR Laser FullHD &#8211; 4000 lumens quantidade<\/label><\/strong><\/p>\n<p>Com um tamanho ultracompacto, o Projetor de Home Theater e Gaming Optoma HZ40HDR 4000-Lumen Full HD Laser DLP n\u00e3o requer muito espa\u00e7o para equipar sua casa com uma experi\u00eancia de cinema. A resolu\u00e7\u00e3o nativa de 1080p e 4000 l\u00famens permitem que voc\u00ea projete seus programas de TV e filmes favoritos em salas totalmente iluminadas com grande detalhe. Os jogadores da fam\u00edlia podem desfrutar de seus t\u00edtulos favoritos com uma atualiza\u00e7\u00e3o suave de 120 Hz e lat\u00eancia responsiva de 8,6 ms. Adicionar um reprodutor de Blu-ray, set-top box ou console de jogos \u00e9 f\u00e1cil, gra\u00e7as \u00e0s entradas HDMI 2.0 duplas. Com uma porta USB-A para alimenta\u00e7\u00e3o, o HZ40HDR tamb\u00e9m pode suportar um dongle de smart TV opcional.<\/p>\n<p><strong>Sistema DLP<\/strong><br \/>\nDLP (Digital Light Processing) \u00e9 uma tecnologia da Texas Instruments projetada para manter o projetor mais compacto enquanto fornece pretos profundos e pixeliza\u00e7\u00e3o reduzida para uma experi\u00eancia mais cinematogr\u00e1fica.<\/p>\n<p><strong>Corre\u00e7\u00e3o de imagem<\/strong><br \/>\nCom suporte para corre\u00e7\u00e3o de distor\u00e7\u00e3o trapezoidal horizontal e vertical de +\/- 30\u00b0, o HZ40HDR pode obter mais facilmente uma imagem quadrada adequada.<\/p>\n<p><strong>Ecol\u00f3gico<\/strong><br \/>\nO HZ40HDR \u00e9 uma op\u00e7\u00e3o ecol\u00f3gica para assistir TV e filmes ou jogar. Oferece baixo consumo de energia e longa vida \u00fatil, com uma fonte de luz laser classificada para durar aproximadamente 30.000 horas.<\/p>\n<p><strong>Caracter\u00edsticas adicionais<\/strong><br \/>\nFonte de alimenta\u00e7\u00e3o externa para maior portabilidade<br \/>\nTamanho da tela de 20 a 300\u2033<br \/>\nSuporta 4K HDR e conte\u00fado 3D completo<br \/>\n360\u00b0, opera\u00e7\u00e3o 24\/7<br \/>\nalto-falante embutido de 15W<\/p>\n<\/div>\n<\/div>\n<\/div>\n<div id=\"brxe-hcbajr\" class=\"brxe-block\">\n<div id=\"brxe-nohxtw\" class=\"brxe-product-add-to-cart\">\n<div class=\"quantity\"><\/div>\n<\/div>\n<\/div>\n","protected":false},"excerpt":{"rendered":"<p>Projetor Optoma HZ40HDR Laser FullHD &#8211; 4000 lumens quantidade Com um tamanho ultracompacto, o Projetor de Home Theater e Gaming Optoma HZ40HDR 4000-Lumen Full HD Laser DLP n\u00e3o requer muito espa\u00e7o para equipar sua casa com uma experi\u00eancia de cinema. A resolu\u00e7\u00e3o nativa de 1080p e 4000 l\u00famens permitem que voc\u00ea projete seus programas de [&hellip;]<\/p>\n","protected":false},"featured_media":23166,"template":"","meta":{"_acf_changed":false},"product_brand":[],"product_cat":[300,259],"product_tag":[],"class_list":{"0":"post-23165","1":"product","2":"type-product","3":"status-publish","4":"has-post-thumbnail","6":"product_cat-optoma","7":"product_cat-projetor-2","9":"first","10":"instock","11":"sold-individually","12":"shipping-taxable","13":"purchasable","14":"product-type-simple"},"acf":[],"aioseo_notices":[],"_links":{"self":[{"href":"https:\/\/hificlub.com.br\/loja\/wp-json\/wp\/v2\/product\/23165","targetHints":{"allow":["GET"]}}],"collection":[{"href":"https:\/\/hificlub.com.br\/loja\/wp-json\/wp\/v2\/product"}],"about":[{"href":"https:\/\/hificlub.com.br\/loja\/wp-json\/wp\/v2\/types\/product"}],"wp:featuredmedia":[{"embeddable":true,"href":"https:\/\/hificlub.com.br\/loja\/wp-json\/wp\/v2\/media\/23166"}],"wp:attachment":[{"href":"https:\/\/hificlub.com.br\/loja\/wp-json\/wp\/v2\/media?parent=23165"}],"wp:term":[{"taxonomy":"product_brand","embeddable":true,"href":"https:\/\/hificlub.com.br\/loja\/wp-json\/wp\/v2\/product_brand?post=23165"},{"taxonomy":"product_cat","embeddable":true,"href":"https:\/\/hificlub.com.br\/loja\/wp-json\/wp\/v2\/product_cat?post=23165"},{"taxonomy":"product_tag","embeddable":true,"href":"https:\/\/hificlub.com.br\/loja\/wp-json\/wp\/v2\/product_tag?post=23165"}],"curies":[{"name":"wp","href":"https:\/\/api.w.org\/{rel}","templated":true}]}}