{"id":23150,"date":"2025-06-17T12:08:10","date_gmt":"2025-06-17T15:08:10","guid":{"rendered":"https:\/\/hificlub.com.br\/loja\/?post_type=product&#038;p=23150"},"modified":"2026-03-03T22:17:44","modified_gmt":"2026-03-04T01:17:44","slug":"optoma-hd161x-full-hd1080p-3d-dlp","status":"publish","type":"product","link":"https:\/\/hificlub.com.br\/loja\/produto\/optoma-hd161x-full-hd1080p-3d-dlp\/","title":{"rendered":"OPTOMA HD161X &#8211; Full HD 1080p &#8211; 3D DLP"},"content":{"rendered":"<p>Os f\u00e3s de cinema agora podem desfrutar de uma imagem superdimensionada e de alta qualidade em casa com o novo projetor Optoma HD161X.<\/p>\n<p>O Diretor de Marketing de Produto da Optoma, Justin Halls, afirmou: \u201cOs cin\u00e9filos sabem que quanto maior a imagem, maior a imers\u00e3o. E para obter os melhores resultados, voc\u00ea preenche seu campo de vis\u00e3o sem precisar ficar muito perto da tela.\u201d<\/p>\n<p>Este projetor Full 3D 1080p est\u00e1 repleto de recursos \u2013 perfeito para assistir a filmes, programas de TV e eventos esportivos com clareza v\u00edvida, cores puras e profundas e alto contraste, gra\u00e7as aos pretos mais profundos e aos brancos n\u00edtidos.<\/p>\n<p><strong>Conectividade f\u00e1cil<\/strong><\/p>\n<p>Duas entradas HDMI s\u00e3o um grande benef\u00edcio do HD161X. Leitores de Blu-ray ou decodificadores de TV digital podem ser conectados simultaneamente via HDMI, tornando a troca entre as fontes literalmente com o toque de um bot\u00e3o.<\/p>\n<p><strong>Instala\u00e7\u00e3o simples<\/strong><\/p>\n<p>O elegante acabamento branco complementa qualquer ambiente e o zoom de 1,5x, juntamente com o deslocamento vertical da lente, garante uma ampla gama de possibilidades de posicionamento. Isso facilita o posicionamento do projetor e permite uma maior variedade de tamanhos de tela, tornando o HD161X a op\u00e7\u00e3o perfeita para qualquer casa.<\/p>\n<p><strong>PureMotion<\/strong><\/p>\n<p>O HD161X utiliza uma sofisticada tecnologia de interpola\u00e7\u00e3o de quadros. Este processamento avan\u00e7ado de controle de movimento elimina o desfoque por movimento ou a trepida\u00e7\u00e3o da imagem, mesmo em filmes de a\u00e7\u00e3o em alta velocidade ou esportes de ritmo acelerado.<\/p>\n<p><strong>Sistema de Gerenciamento de Cores (CMS)<\/strong><\/p>\n<p>O inovador sistema de gerenciamento de cores permite que o HD161X exiba cores precisas e realistas para melhor se adequar a qualquer ambiente de visualiza\u00e7\u00e3o. Este recurso exclusivo oferece a flexibilidade necess\u00e1ria para ajustar as configura\u00e7\u00f5es de cor ao padr\u00e3o Rec. 709 para precis\u00e3o ideal.<\/p>\n<p><strong>UltraDetail<\/strong><\/p>\n<p>Esta tecnologia garante que todas as informa\u00e7\u00f5es contidas em uma imagem sejam reproduzidas fielmente na tela, proporcionando uma imagem incrivelmente n\u00edtida e cristalina.<\/p>\n<p><strong>Tecnologia Dynamic Black<\/strong><\/p>\n<p>Este recurso confere mais profundidade \u00e0 imagem, ajustando suavemente a sa\u00edda da l\u00e2mpada com base nas informa\u00e7\u00f5es de brilho de cada quadro, criando uma impressionante alta taxa de contraste. Cenas brilhantes parecem n\u00edtidas e claras, enquanto cenas escuras permanecem detalhadas com pretos profundos e detalhes excepcionais de luz e sombra.<\/p>\n<p><strong>24 fps<\/strong><\/p>\n<p>A maioria dos filmes \u00e9 gravada a 24 quadros por segundo (fps). Para preservar a pureza da imagem original, o HD161X aceita fontes de alta defini\u00e7\u00e3o a 24 fps para exibir os filmes exatamente como o diretor pretendia.<\/p>\n<p><strong>3D Completo<\/strong><\/p>\n<p>O HD161X pode exibir conte\u00fado 3D real de praticamente qualquer fonte 3D, incluindo reprodutores de Blu-ray 3D, transmiss\u00f5es em 3D e consoles de jogos de \u00faltima gera\u00e7\u00e3o. O suporte para taxa de atualiza\u00e7\u00e3o r\u00e1pida de 144 Hz proporciona imagens ultra suaves e sem cintila\u00e7\u00e3o. A porta de sincroniza\u00e7\u00e3o 3D permite a conex\u00e3o a um Sistema Optoma ZF2100 \u2013 necess\u00e1rio para visualiza\u00e7\u00e3o 3D (vendido separadamente).<\/p>\n<p>Os \u00f3culos 3D sem fio ZF2100 totalmente recarreg\u00e1veis \u200b\u200bforam projetados para fornecer imagens brilhantes e de alto contraste, eliminando quaisquer problemas de posicionamento do emissor, alcance limitado e potencial interfer\u00eancia comumente encontrados ao usar infravermelho.<\/p>\n<p><strong>Principais recursos do HD161X<\/strong><br \/>\n\u00b7 Qualidade de imagem Full HD 1080p &#8211; perfeita para assistir a filmes em Blu-ray sem redu\u00e7\u00e3o de escala ou compress\u00e3o<\/p>\n<p>\u00b7 Cores puras e vivas &#8211; brilho de 2.000 ANSI L\u00famens<\/p>\n<p>\u00b7 F\u00e1cil conectividade &#8211; 2x HDMI<\/p>\n<p>\u00b7 Tecnologia de preto din\u00e2mico para criar uma impressionante taxa de contraste de 40.000:1<\/p>\n<p>\u00b7 Tecnologia PureMotion &#8211; para eliminar desfoque por movimento ou trepida\u00e7\u00e3o da imagem<\/p>\n<p>\u00b7 UltraDetail &#8211; para uma imagem cristalina e n\u00edtida<\/p>\n<p>\u00b7 Sistema de Gerenciamento de Cores &#8211; para cores precisas e realistas<\/p>\n<p>\u00b7 Zoom de 1,5 e deslocamento vertical da lente<\/p>\n<p>\u00b7 Conversor 2D para 3D integrado<\/p>\n<p>\u00b7 Suporte completo para 3D<\/p>\n","protected":false},"excerpt":{"rendered":"<p>Os f\u00e3s de cinema agora podem desfrutar de uma imagem superdimensionada e de alta qualidade em casa com o novo projetor Optoma HD161X. O Diretor de Marketing de Produto da Optoma, Justin Halls, afirmou: \u201cOs cin\u00e9filos sabem que quanto maior a imagem, maior a imers\u00e3o. E para obter os melhores resultados, voc\u00ea preenche seu campo [&hellip;]<\/p>\n","protected":false},"featured_media":23156,"template":"","meta":{"_acf_changed":false},"product_brand":[],"product_cat":[300,259],"product_tag":[],"class_list":{"0":"post-23150","1":"product","2":"type-product","3":"status-publish","4":"has-post-thumbnail","6":"product_cat-optoma","7":"product_cat-projetor-2","9":"first","10":"instock","11":"sold-individually","12":"shipping-taxable","13":"purchasable","14":"product-type-simple"},"acf":[],"aioseo_notices":[],"_links":{"self":[{"href":"https:\/\/hificlub.com.br\/loja\/wp-json\/wp\/v2\/product\/23150","targetHints":{"allow":["GET"]}}],"collection":[{"href":"https:\/\/hificlub.com.br\/loja\/wp-json\/wp\/v2\/product"}],"about":[{"href":"https:\/\/hificlub.com.br\/loja\/wp-json\/wp\/v2\/types\/product"}],"wp:featuredmedia":[{"embeddable":true,"href":"https:\/\/hificlub.com.br\/loja\/wp-json\/wp\/v2\/media\/23156"}],"wp:attachment":[{"href":"https:\/\/hificlub.com.br\/loja\/wp-json\/wp\/v2\/media?parent=23150"}],"wp:term":[{"taxonomy":"product_brand","embeddable":true,"href":"https:\/\/hificlub.com.br\/loja\/wp-json\/wp\/v2\/product_brand?post=23150"},{"taxonomy":"product_cat","embeddable":true,"href":"https:\/\/hificlub.com.br\/loja\/wp-json\/wp\/v2\/product_cat?post=23150"},{"taxonomy":"product_tag","embeddable":true,"href":"https:\/\/hificlub.com.br\/loja\/wp-json\/wp\/v2\/product_tag?post=23150"}],"curies":[{"name":"wp","href":"https:\/\/api.w.org\/{rel}","templated":true}]}}