{"id":2315,"date":"2023-10-17T20:00:15","date_gmt":"2023-10-17T23:00:15","guid":{"rendered":"https:\/\/hificlub.com.br\/loja2\/produto\/rega-planar-10\/"},"modified":"2025-06-25T10:06:12","modified_gmt":"2025-06-25T13:06:12","slug":"rega-planar-10","status":"publish","type":"product","link":"https:\/\/hificlub.com.br\/loja\/produto\/rega-planar-10\/","title":{"rendered":"REGA PLANAR 10 Motor Externo PL10-PSU com Bra\u00e7o RB3000  Prato de Cer\u00e2mica  Sem C\u00e1psula  Black Piano"},"content":{"rendered":"<p>Rega foi fundada em 1973 por Roy Gandy, insatisfeito com os toca-discos dispon\u00edveis no mercado na \u00e9poca, ele decidiu criar seu pr\u00f3prio toca-discos de alta qualidade. Assim nasceu o lend\u00e1rio toca-discos Rega Planar 1, lan\u00e7ado em 1976. O Rega Planar 1 chamou a aten\u00e7\u00e3o da comunidade audi\u00f3fila devido ao seu design simples, mas eficaz, e ao seu desempenho sonoro excepcional para o pre\u00e7o. A Rega continuou a inovar e aperfei\u00e7oar seus produtos ao longo dos anos, lan\u00e7ando uma s\u00e9rie de toca-discos aclamados, como o Planar 2, Planar 3 e muitos outros modelos. Al\u00e9m dos toca-discos, a Rega expandiu sua linha de produtos para incluir c\u00e1psulas de phono, pr\u00e9-amplificadores, amplificadores integrados e alto-falantes, todos projetados com a mesma aten\u00e7\u00e3o aos detalhes e paix\u00e3o pelo som de alta qualidade. Uma das caracter\u00edsticas distintivas da Rega \u00e9 sua abordagem de design minimalista e foco na qualidade do som. Eles acreditam em eliminar componentes desnecess\u00e1rios e investir em tecnologia e materiais de alta qualidade para oferecer um desempenho sonoro excepcional.<\/p>\n<p>Rega Planar 10<br \/>\nO Planar 10 foi inspirado no melhor toca-discos Rega, o Naiad. Constru\u00eddo em torno do nosso pedestal esquel\u00e9tico ultraleve, constru\u00eddo a partir do n\u00facleo Tancast 8 e coberto por uma pele laminada de alta press\u00e3o (HPL). O Planar 10 \u00e9 o primeiro toca-discos de produ\u00e7\u00e3o a usar \u00f3rtese de cer\u00e2mica que fornece a superf\u00edcie r\u00edgida definitiva para montar o bra\u00e7o de refer\u00eancia RB3000 de precis\u00e3o e o conjunto de rolamento central personalizado. O Planar 10 tamb\u00e9m \u00e9 equipado com um prato de \u00f3xido de cer\u00e2mica sob medida que \u00e9 cortado com diamante durante a fabrica\u00e7\u00e3o para m\u00e1xima precis\u00e3o e estabilidade de velocidade. O motor s\u00edncrono Rega 24 V \u00e9 controlado por nossa fonte de alimenta\u00e7\u00e3o externa mais avan\u00e7ada, a P10-PSU. Este suprimento oferece o m\u00e1ximo em redu\u00e7\u00e3o de vibra\u00e7\u00e3o do motor, ajuste eletr\u00f4nico de velocidade fino e a conveni\u00eancia da mudan\u00e7a eletr\u00f4nica de velocidade. O Planar 10 foi projetado para oferecer o m\u00e1ximo em desempenho Rega, extraindo mais informa\u00e7\u00f5es do sulco do vinil do que nunca.<\/p>\n<p>O Planar 10 apresenta o novo bra\u00e7o RB3000 equipado com uma caixa de polariza\u00e7\u00e3o de precis\u00e3o, de baixa massa e aprimorada. A Rega foi pioneira em um conjunto de rolamento de cubo central de baixa massa completamente novo com integridade mec\u00e2nica aprimorada. Pela primeira vez em um toca-discos de produ\u00e7\u00e3o da Rega, um suporte superior de cer\u00e2mica oferece rigidez e precis\u00e3o m\u00e1ximas, ao mesmo tempo em que cria a plataforma perfeita entre o bra\u00e7o e o rolamento central. Finalmente, este tocador totalmente novo \u00e9 controlado pela fonte de alimenta\u00e7\u00e3o eletr\u00f4nica mais avan\u00e7ada da Rega, alojada em uma caixa personalizada totalmente em metal, totalmente nova, projetada para combinar com a mais recente linha de eletr\u00f4nicos da Rega.<\/p>\n<p>O Apheta 3 como uma op\u00e7\u00e3o instalada de f\u00e1brica \u00e9 a configura\u00e7\u00e3o recomendada para este toca-discos. Este novo cartucho foi desenvolvido junto com o Planar 10 e usando o perfil de diamante &#8220;Fine Line&#8221; mais avan\u00e7ado da Rega.<\/p>\n<p>CARACTER\u00cdSTICAS PRINCIPAIS:<br \/>\nbra\u00e7o RB3000<br \/>\nApheta 3 ou Aphelion 2 instalado de f\u00e1brica (opcional)<br \/>\nPrato de corte de diamante de \u00f3xido de cer\u00e2mica<br \/>\nTecnologia DB com bra\u00e7adeira superior de cer\u00e2mica<br \/>\nTancast 8 base de espuma<br \/>\nFonte de alimenta\u00e7\u00e3o personalizada P10<br \/>\nCorreia de transmiss\u00e3o EBLT de refer\u00eancia instalada como padr\u00e3o<\/p>\n<p>Especifica\u00e7\u00f5es:<br \/>\nDimens\u00f5es<br \/>\nPlataforma girat\u00f3ria (com tampa protetora contra poeira instalada) (WDH): 16,5&#8243; x 12,4&#8243; x 4,9&#8243;<br \/>\nPeso: 10,36 lb<br \/>\nPSU P10 (WDH): 8,6&#8243; x 12,6&#8243; x 3,1&#8243;<br \/>\nPeso: 6,6 lb<\/p>\n","protected":false},"excerpt":{"rendered":"<p>Rega foi fundada em 1973 por Roy Gandy, insatisfeito com os toca-discos dispon\u00edveis no mercado na \u00e9poca, ele decidiu criar seu pr\u00f3prio toca-discos de alta qualidade. Assim nasceu o lend\u00e1rio toca-discos Rega Planar 1, lan\u00e7ado em 1976. O Rega Planar 1 chamou a aten\u00e7\u00e3o da comunidade audi\u00f3fila devido ao seu design simples, mas eficaz, e [&hellip;]<\/p>\n","protected":false},"featured_media":2309,"template":"","meta":{"_acf_changed":false},"product_brand":[],"product_cat":[78,55,98],"product_tag":[],"class_list":{"0":"post-2315","1":"product","2":"type-product","3":"status-publish","4":"has-post-thumbnail","6":"product_cat-analogico-audio","7":"product_cat-rega","8":"product_cat-toca-discos","10":"first","11":"instock","12":"sold-individually","13":"shipping-taxable","14":"purchasable","15":"product-type-simple"},"acf":[],"aioseo_notices":[],"_links":{"self":[{"href":"https:\/\/hificlub.com.br\/loja\/wp-json\/wp\/v2\/product\/2315","targetHints":{"allow":["GET"]}}],"collection":[{"href":"https:\/\/hificlub.com.br\/loja\/wp-json\/wp\/v2\/product"}],"about":[{"href":"https:\/\/hificlub.com.br\/loja\/wp-json\/wp\/v2\/types\/product"}],"wp:featuredmedia":[{"embeddable":true,"href":"https:\/\/hificlub.com.br\/loja\/wp-json\/wp\/v2\/media\/2309"}],"wp:attachment":[{"href":"https:\/\/hificlub.com.br\/loja\/wp-json\/wp\/v2\/media?parent=2315"}],"wp:term":[{"taxonomy":"product_brand","embeddable":true,"href":"https:\/\/hificlub.com.br\/loja\/wp-json\/wp\/v2\/product_brand?post=2315"},{"taxonomy":"product_cat","embeddable":true,"href":"https:\/\/hificlub.com.br\/loja\/wp-json\/wp\/v2\/product_cat?post=2315"},{"taxonomy":"product_tag","embeddable":true,"href":"https:\/\/hificlub.com.br\/loja\/wp-json\/wp\/v2\/product_tag?post=2315"}],"curies":[{"name":"wp","href":"https:\/\/api.w.org\/{rel}","templated":true}]}}