{"id":23144,"date":"2025-06-17T11:50:17","date_gmt":"2025-06-17T14:50:17","guid":{"rendered":"https:\/\/hificlub.com.br\/loja\/?post_type=product&#038;p=23144"},"modified":"2026-03-03T22:17:44","modified_gmt":"2026-03-04T01:17:44","slug":"optoma-hd146x-3600-full-hd-3600-lumens","status":"publish","type":"product","link":"https:\/\/hificlub.com.br\/loja\/produto\/optoma-hd146x-3600-full-hd-3600-lumens\/","title":{"rendered":"OPTOMA HD146X 3600 &#8211; Full HD 3600 lumens"},"content":{"rendered":"<div id=\"brxe-ypgflh\" class=\"brxe-block\">\n<div id=\"brxe-tgiuie\" class=\"brxe-block\">\n<p id=\"brxe-dawwim\" class=\"brxe-product-title\"><strong>Projetor Optoma HD146X \u2013 FULL HD HD 3600 lumens<\/strong><\/p>\n<p class=\"brxe-product-title\"><span style=\"font-size: 16px\">Desfrute de filmes e videogames em resolu\u00e7\u00e3o Full HD com o projetor de home theater Optoma HD146X Full HD DLP . Ele possui uma resolu\u00e7\u00e3o nativa de 1920 x 1080 para exibir imagens e v\u00eddeo de alta resolu\u00e7\u00e3o e uma rela\u00e7\u00e3o de contraste din\u00e2mico de 25.000: 1 para aprimorar a clareza das \u00e1reas escuras das imagens. Os 3600 lumens de brilho superam a luz ambiente em muitos ambientes dom\u00e9sticos, e recursos como Modo de exibi\u00e7\u00e3o de jogo e Modo de jogo aprimorado ajudam a aprimorar sua experi\u00eancia durante o jogo. Quando emparelhado com \u00f3culos 3D compat\u00edveis, este projetor tamb\u00e9m suporta v\u00e1rios formatos 3D.<\/span><\/p>\n<p>O HD146X possui uma entrada HDMI para conectar seu receptor de cabo \/ sat\u00e9lite, Blu-ray player ou sistema de jogos. Um alto-falante de 3 watts \u00e9 integrado para reprodu\u00e7\u00e3o de \u00e1udio, assim como uma sa\u00edda de \u00e1udio de 3,5 mm para conectar ao seu sistema de alto-falante externo. O projetor inclui um controle remoto IR para maior comodidade.<\/p>\n<p><strong>Projetado para produzir imagens com qualidade de cinema<\/strong><br \/>\nO HD146X foi projetado para fornecer imagens n\u00edtidas de alta defini\u00e7\u00e3o com um DLP DMD 1080p nativo e uma roda de cores RYGCWB. Com uma sa\u00edda de brilho de at\u00e9 3600 l\u00famens, o projetor pode superar a luz ambiente em muitas instala\u00e7\u00f5es dom\u00e9sticas.<\/p>\n<p><strong>Projetado para jogos<\/strong><br \/>\nO Modo de exibi\u00e7\u00e3o de jogo aumenta as sombras e cenas escuras para ajudar a melhorar a visibilidade de obst\u00e1culos iminentes. O modo de jogo aprimorado oferece um tempo de resposta de entrada r\u00e1pido de 16 ms para jogos de console e desktop competitivos em ritmo acelerado.<\/p>\n<p><strong>Design silencioso<\/strong><br \/>\nO baixo n\u00edvel de ru\u00eddo de 26 dB no Modo Eco ajuda a garantir que filmes e jogos sejam ouvidos acima do som do ventilador.<\/p>\n<p><strong>Tecnologia de processamento digital de luz (DLP)<\/strong><br \/>\nA tecnologia DLP \u00e9 projetada para fornecer alto contraste, tempo de resposta r\u00e1pido, boa estrutura de pixels e virtualmente nenhuma degrada\u00e7\u00e3o de cor.<\/p>\n<p><strong>Cor Aprimorada<\/strong><br \/>\nO HD146X pode reproduzir a gama de cores Rec.709 para ajudar a garantir a reprodu\u00e7\u00e3o precisa das cores cinematogr\u00e1ficas como o diretor pretendia.<\/p>\n<p><strong>Link HDMI<\/strong><br \/>\nEssa tecnologia permite ligar e desligar dois ou mais dispositivos compat\u00edveis com HDMI-CEC usando um \u00fanico controle remoto.<\/p>\n<p><strong>Signal Power On<\/strong><br \/>\nO projetor pode ligar quando receber um sinal atrav\u00e9s da entrada HDMI, garantindo que ele ligue ao mesmo tempo que o dispositivo de origem.<\/p>\n<p><strong>Compatibilidade 3D<\/strong><br \/>\nExiba conte\u00fado 3D de quase qualquer fonte compat\u00edvel, incluindo reprodutores Blu-ray 3D, transmiss\u00f5es e consoles de jogos. A taxa de atualiza\u00e7\u00e3o r\u00e1pida de 144 Hz \u00e9 compat\u00edvel para imagens suaves e sem cintila\u00e7\u00e3o. \u00d3culos 3D compat\u00edveis s\u00e3o necess\u00e1rios e vendidos separadamente.<\/p>\n<p><strong>Resolu\u00e7\u00e3o Full HD<\/strong><br \/>\nA resolu\u00e7\u00e3o de 1080p fornece imagens n\u00edtidas e detalhadas de conte\u00fado HD sem redu\u00e7\u00e3o de escala ou compress\u00e3o, tornando o HD146X adequado para filmes, programas de TV e jogos.<\/p>\n<p><strong>Tecnologia Dynamic Black<\/strong><br \/>\nEste recurso foi projetado para fornecer mais profundidade \u00e0 sua imagem, ajustando suavemente a sa\u00edda da l\u00e2mpada para aumentar a taxa de contraste. Isso ajuda as cenas brilhantes a parecerem n\u00edtidas e claras, mantendo as cenas escuras detalhadas com pretos profundos e detalhes de luz e sombra.<\/p>\n<p><strong>Modos ISF<\/strong><br \/>\nOs modos ISF permitem que voc\u00ea salve suas configura\u00e7\u00f5es de modo diurno e noturno calibradas para sua experi\u00eancia de visualiza\u00e7\u00e3o preferida.<\/p>\n<\/div>\n<\/div>\n","protected":false},"excerpt":{"rendered":"<p>Projetor Optoma HD146X \u2013 FULL HD HD 3600 lumens Desfrute de filmes e videogames em resolu\u00e7\u00e3o Full HD com o projetor de home theater Optoma HD146X Full HD DLP . Ele possui uma resolu\u00e7\u00e3o nativa de 1920 x 1080 para exibir imagens e v\u00eddeo de alta resolu\u00e7\u00e3o e uma rela\u00e7\u00e3o de contraste din\u00e2mico de 25.000: [&hellip;]<\/p>\n","protected":false},"featured_media":23145,"template":"","meta":{"_acf_changed":false},"product_brand":[],"product_cat":[300,259],"product_tag":[],"class_list":{"0":"post-23144","1":"product","2":"type-product","3":"status-publish","4":"has-post-thumbnail","6":"product_cat-optoma","7":"product_cat-projetor-2","9":"first","10":"instock","11":"sold-individually","12":"shipping-taxable","13":"purchasable","14":"product-type-simple"},"acf":[],"aioseo_notices":[],"_links":{"self":[{"href":"https:\/\/hificlub.com.br\/loja\/wp-json\/wp\/v2\/product\/23144","targetHints":{"allow":["GET"]}}],"collection":[{"href":"https:\/\/hificlub.com.br\/loja\/wp-json\/wp\/v2\/product"}],"about":[{"href":"https:\/\/hificlub.com.br\/loja\/wp-json\/wp\/v2\/types\/product"}],"wp:featuredmedia":[{"embeddable":true,"href":"https:\/\/hificlub.com.br\/loja\/wp-json\/wp\/v2\/media\/23145"}],"wp:attachment":[{"href":"https:\/\/hificlub.com.br\/loja\/wp-json\/wp\/v2\/media?parent=23144"}],"wp:term":[{"taxonomy":"product_brand","embeddable":true,"href":"https:\/\/hificlub.com.br\/loja\/wp-json\/wp\/v2\/product_brand?post=23144"},{"taxonomy":"product_cat","embeddable":true,"href":"https:\/\/hificlub.com.br\/loja\/wp-json\/wp\/v2\/product_cat?post=23144"},{"taxonomy":"product_tag","embeddable":true,"href":"https:\/\/hificlub.com.br\/loja\/wp-json\/wp\/v2\/product_tag?post=23144"}],"curies":[{"name":"wp","href":"https:\/\/api.w.org\/{rel}","templated":true}]}}