{"id":23130,"date":"2025-06-17T10:50:41","date_gmt":"2025-06-17T13:50:41","guid":{"rendered":"https:\/\/hificlub.com.br\/loja\/?post_type=product&#038;p=23130"},"modified":"2026-03-03T22:17:44","modified_gmt":"2026-03-04T01:17:44","slug":"optoma-gt2000hdr-3500l-projetor-laser-full-hd","status":"publish","type":"product","link":"https:\/\/hificlub.com.br\/loja\/produto\/optoma-gt2000hdr-3500l-projetor-laser-full-hd\/","title":{"rendered":"OPTOMA GT2000HDR 3500L &#8211; Projetor Laser Full HD"},"content":{"rendered":"<p><strong>Projetor dom\u00e9stico compacto a laser Full HD de curto alcance<\/strong><\/p>\n<p>Projetado com a sustentabilidade em mente, o projetor a laser GT2000HDR com economia de energia oferece uma configura\u00e7\u00e3o f\u00e1cil em qualquer espa\u00e7o da casa, com uma lente de alcance curto e amplas op\u00e7\u00f5es de conectividade em um formato elegante e compacto, at\u00e9 34% menor que os modelos Optoma anteriores .\u00b9<\/p>\n<p>Este modelo energeticamente eficiente reduz o consumo de energia em at\u00e9 45% em compara\u00e7\u00e3o com os projetores baseados em l\u00e2mpadas da Optoma.\u00b2 A avan\u00e7ada tecnologia laser DuraCore de economia de energia garante uma longa vida \u00fatil do produto de at\u00e9 30.000 horas sem a necessidade de l\u00e2mpadas adicionais, requer manuten\u00e7\u00e3o m\u00ednima e \u00e9 livre de merc\u00fario, reduzindo ainda mais sua pegada de carbono.<\/p>\n<p>Um benef\u00edcio adicional, o GT2000HDR possui uma fonte de alimenta\u00e7\u00e3o externa que oferece mais confiabilidade, portabilidade e efici\u00eancia energ\u00e9tica. A embalagem ecol\u00f3gica cont\u00e9m at\u00e9 97% de materiais recicl\u00e1veis.\u00b3 O tamanho compacto do projetor GT2000HDR reduz a embalagem, resultando em uma log\u00edstica mais eficiente para ajudar a reduzir as emiss\u00f5es de carbono.\u00b9 Conveniente e f\u00e1cil de configurar com uma lente de curta dist\u00e2ncia, este projetor pode ser colocado a menos de meio metro de qualquer parede.<\/p>\n<p>O GT2000HDR oferece alto contraste, reprodu\u00e7\u00e3o precisa de cores realistas para os amantes do cinema e oferece 3500 l\u00famens brilhantes para que os f\u00e3s de esportes possam desfrutar da a\u00e7\u00e3o ao vivo com as luzes acesas. Ele tamb\u00e9m possui modo de jogo para baixa lat\u00eancia de entrada \u2013 perfeito para jogos que dependem de rea\u00e7\u00f5es r\u00e1pidas.<\/p>\n<p><strong>Brilhante 3500 l\u00famens para luzes durante a visualiza\u00e7\u00e3o<\/strong><\/p>\n<p>Projetor laser Full HD 1080p, entrada 4K UHD e HDR<\/p>\n<p><strong>Projeto ecol\u00f3gico<\/strong><\/p>\n<p>Baixo consumo de energia, economia de energia e longa vida \u00fatil do produto<\/p>\n<p><strong>Lente de curta dist\u00e2ncia para jogos<\/strong><\/p>\n<p>Imagem de 100&#8243; a pouco mais de um metro de dist\u00e2ncia<\/p>\n<p><strong>Criado para uma vantagem competitiva em jogos<\/strong><\/p>\n<p>Suporta 1080p 120 Hz a 8,6 ms e entrada 4K a 1080p 60 Hz 17 ms<\/p>\n<p>&nbsp;<\/p>\n","protected":false},"excerpt":{"rendered":"<p>Projetor dom\u00e9stico compacto a laser Full HD de curto alcance Projetado com a sustentabilidade em mente, o projetor a laser GT2000HDR com economia de energia oferece uma configura\u00e7\u00e3o f\u00e1cil em qualquer espa\u00e7o da casa, com uma lente de alcance curto e amplas op\u00e7\u00f5es de conectividade em um formato elegante e compacto, at\u00e9 34% menor que [&hellip;]<\/p>\n","protected":false},"featured_media":23132,"template":"","meta":{"_acf_changed":false},"product_brand":[],"product_cat":[300,259],"product_tag":[],"class_list":{"0":"post-23130","1":"product","2":"type-product","3":"status-publish","4":"has-post-thumbnail","6":"product_cat-optoma","7":"product_cat-projetor-2","9":"first","10":"instock","11":"sold-individually","12":"shipping-taxable","13":"purchasable","14":"product-type-simple"},"acf":[],"aioseo_notices":[],"_links":{"self":[{"href":"https:\/\/hificlub.com.br\/loja\/wp-json\/wp\/v2\/product\/23130","targetHints":{"allow":["GET"]}}],"collection":[{"href":"https:\/\/hificlub.com.br\/loja\/wp-json\/wp\/v2\/product"}],"about":[{"href":"https:\/\/hificlub.com.br\/loja\/wp-json\/wp\/v2\/types\/product"}],"wp:featuredmedia":[{"embeddable":true,"href":"https:\/\/hificlub.com.br\/loja\/wp-json\/wp\/v2\/media\/23132"}],"wp:attachment":[{"href":"https:\/\/hificlub.com.br\/loja\/wp-json\/wp\/v2\/media?parent=23130"}],"wp:term":[{"taxonomy":"product_brand","embeddable":true,"href":"https:\/\/hificlub.com.br\/loja\/wp-json\/wp\/v2\/product_brand?post=23130"},{"taxonomy":"product_cat","embeddable":true,"href":"https:\/\/hificlub.com.br\/loja\/wp-json\/wp\/v2\/product_cat?post=23130"},{"taxonomy":"product_tag","embeddable":true,"href":"https:\/\/hificlub.com.br\/loja\/wp-json\/wp\/v2\/product_tag?post=23130"}],"curies":[{"name":"wp","href":"https:\/\/api.w.org\/{rel}","templated":true}]}}