{"id":23125,"date":"2025-06-17T10:34:47","date_gmt":"2025-06-17T13:34:47","guid":{"rendered":"https:\/\/hificlub.com.br\/loja\/?post_type=product&#038;p=23125"},"modified":"2026-03-03T22:17:44","modified_gmt":"2026-03-04T01:17:44","slug":"optoma-acs-ir-bc100b-emitter-p-zf2100-oculos","status":"publish","type":"product","link":"https:\/\/hificlub.com.br\/loja\/produto\/optoma-acs-ir-bc100b-emitter-p-zf2100-oculos\/","title":{"rendered":"OPTOMA ACS IR BC100B EMITTER Para ZF2100 &#8211; \u00d3culos"},"content":{"rendered":"<p class=\"entry-title\"><strong>Optoma ZF2100 3D RF\u00a0Glasses<\/strong><\/p>\n<ul>\n<li>Design elegante, leve e dobr\u00e1vel<\/li>\n<li>Totalmente recarreg\u00e1vel<\/li>\n<li>Otimizado para maior contraste e imagens mais brilhantes<\/li>\n<li>Sincroniza\u00e7\u00e3o de sa\u00edda RF 3D VESA<\/li>\n<li>Pol\u00edtica de garantia de troca 1-1<\/li>\n<li>V\u00eddeos\/imagens 3D mais n\u00edtidos e brilhantes com maior contraste e n\u00edvel de preto aprimorados.<\/li>\n<li>F\u00e1cil de configurar e usar<\/li>\n<li>Sempre sincronizado, sem a necessidade de linha de vis\u00e3o como o DLP.<\/li>\n<li>Design leve e elegante com ponte nasal intercambi\u00e1vel para conforto personalizado<\/li>\n<li>Bateria de pol\u00edmero de l\u00edtio totalmente recarreg\u00e1vel e de longa dura\u00e7\u00e3o<\/li>\n<li>Acompanha pano de limpeza e bolsa macia para manter seus \u00f3culos sempre com apar\u00eancia de novos.<\/li>\n<li>Projetado para uso com projetores Optoma com sistema de sincroniza\u00e7\u00e3o de sa\u00edda 3D VESA.<\/li>\n<li>Funciona tamb\u00e9m com determinados modelos de projetores de outras marcas, como Mitsubishi.<\/li>\n<li>Design elegante, leve e dobr\u00e1vel \u2013 apenas 39 g<\/li>\n<li>Tamanho \u00fanico \u2013 serve sobre \u00f3culos de grau<\/li>\n<li>Resolu\u00e7\u00e3o HD para ambos os olhos usando tecnologia 3D ativa<\/li>\n<li>Desenvolvido em paralelo com nossos projetores &#8220;Full 3D&#8221;, o sistema ZF2100 foi otimizado para oferecer maior contraste e imagens mais brilhantes do que nunca, eliminando problemas complexos com posicionamento do emissor, alcance limitado e poss\u00edveis interfer\u00eancias comumente encontradas ao usar infravermelho.<\/li>\n<\/ul>\n","protected":false},"excerpt":{"rendered":"<p>Optoma ZF2100 3D RF\u00a0Glasses Design elegante, leve e dobr\u00e1vel Totalmente recarreg\u00e1vel Otimizado para maior contraste e imagens mais brilhantes Sincroniza\u00e7\u00e3o de sa\u00edda RF 3D VESA Pol\u00edtica de garantia de troca 1-1 V\u00eddeos\/imagens 3D mais n\u00edtidos e brilhantes com maior contraste e n\u00edvel de preto aprimorados. F\u00e1cil de configurar e usar Sempre sincronizado, sem a necessidade [&hellip;]<\/p>\n","protected":false},"featured_media":23126,"template":"","meta":{"_acf_changed":false},"product_brand":[],"product_cat":[89,300,130],"product_tag":[],"class_list":{"0":"post-23125","1":"product","2":"type-product","3":"status-publish","4":"has-post-thumbnail","6":"product_cat-acessorios","7":"product_cat-optoma","8":"product_cat-outros-acessorios","10":"first","11":"instock","12":"sold-individually","13":"shipping-taxable","14":"purchasable","15":"product-type-simple"},"acf":[],"aioseo_notices":[],"_links":{"self":[{"href":"https:\/\/hificlub.com.br\/loja\/wp-json\/wp\/v2\/product\/23125","targetHints":{"allow":["GET"]}}],"collection":[{"href":"https:\/\/hificlub.com.br\/loja\/wp-json\/wp\/v2\/product"}],"about":[{"href":"https:\/\/hificlub.com.br\/loja\/wp-json\/wp\/v2\/types\/product"}],"wp:featuredmedia":[{"embeddable":true,"href":"https:\/\/hificlub.com.br\/loja\/wp-json\/wp\/v2\/media\/23126"}],"wp:attachment":[{"href":"https:\/\/hificlub.com.br\/loja\/wp-json\/wp\/v2\/media?parent=23125"}],"wp:term":[{"taxonomy":"product_brand","embeddable":true,"href":"https:\/\/hificlub.com.br\/loja\/wp-json\/wp\/v2\/product_brand?post=23125"},{"taxonomy":"product_cat","embeddable":true,"href":"https:\/\/hificlub.com.br\/loja\/wp-json\/wp\/v2\/product_cat?post=23125"},{"taxonomy":"product_tag","embeddable":true,"href":"https:\/\/hificlub.com.br\/loja\/wp-json\/wp\/v2\/product_tag?post=23125"}],"curies":[{"name":"wp","href":"https:\/\/api.w.org\/{rel}","templated":true}]}}