{"id":23096,"date":"2025-06-16T11:10:44","date_gmt":"2025-06-16T14:10:44","guid":{"rendered":"https:\/\/hificlub.com.br\/loja\/?post_type=product&#038;p=23096"},"modified":"2026-03-03T22:17:45","modified_gmt":"2026-03-04T01:17:45","slug":"kef-q11-meta-caixa-torre","status":"publish","type":"product","link":"https:\/\/hificlub.com.br\/loja\/produto\/kef-q11-meta-caixa-torre\/","title":{"rendered":"KEF Q11 META &#8211; Caixa Torre, 225 Watts, (par)"},"content":{"rendered":"<p>Sucessoras da nossa renomada e premiada linha de alto-falantes HiFi, a S\u00e9rie Q evoluiu mais uma vez em sua 9\u00aa itera\u00e7\u00e3o desde 1991. Agora incorporando a revolucion\u00e1ria Tecnologia de Absor\u00e7\u00e3o de Metamateriais (MAT\u2122) e um conjunto de tecnologias ac\u00fasticas inovadoras derivadas de nossos alto-falantes HiFi emblem\u00e1ticos, o som de alta fidelidade est\u00e1 mais acess\u00edvel do que nunca. Aproveitando o mais recente conjunto de drivers Uni-Q de 12\u00aa gera\u00e7\u00e3o e t\u00e9cnicas de an\u00e1lise de ponta, a S\u00e9rie Q foi cuidadosamente ajustada. Isso inclui um novo design de crossover que refina a resposta do caminho do sinal para um som mais natural e detalhado. O resultado \u00e9 uma linha abrangente de oito alto-falantes que podem<br \/>\nser facilmente adaptados ao seu espa\u00e7o e \u00e0 configura\u00e7\u00e3o desejada. Seja para m\u00fasica est\u00e9reo ou home theater multicanal, A S\u00e9rie Q oferece uma solu\u00e7\u00e3o para todos.<\/p>\n<p><strong>Caixa de som de ch\u00e3o de 3 vias, modelo topo de linha<\/strong><br \/>\nApresentamos a caixa de som Q11 Meta HiFi, o maior e mais potente modelo da cole\u00e7\u00e3o S\u00e9rie Q. Nossa caixa de som de ch\u00e3o de 3 vias, modelo topo de linha, foi projetada para um desempenho imersivo em salas maiores e home theaters. Equipada com um conjunto de drivers Uni-Q\u00ae de 12\u00aa gera\u00e7\u00e3o com tecnologia MAT\u2122, juntamente com tr\u00eas drivers de graves h\u00edbridos de alum\u00ednio de 6,5&#8243;, ela oferece m\u00fasica e filmes com detalhes refinados, graves potentes e profundidade incompar\u00e1vel.<\/p>\n<p><strong>Absor\u00e7\u00e3o sonora revolucion\u00e1ria com MAT\u2122<\/strong><br \/>\nO novo avan\u00e7o crucial na S\u00e9rie Q \u00e9 a integra\u00e7\u00e3o da Tecnologia de Absor\u00e7\u00e3o de Metamateriais (MAT)1, uma inova\u00e7\u00e3o revolucion\u00e1ria que eleva o desempenho do mais recente conjunto de drivers Uni-Q de 12\u00aa gera\u00e7\u00e3o a outro n\u00edvel em termos de precis\u00e3o e clareza. O MAT \u00e9 uma estrutura labir\u00edntica altamente complexa, na qual cada um dos canais intrincados<br \/>\nabsorve com efici\u00eancia uma frequ\u00eancia espec\u00edfica. Quando combinados, os canais atuam como um buraco negro ac\u00fastico, absorvendo 99% do som indesejado que vem da parte traseira do tweeter. Isso elimina a distor\u00e7\u00e3o resultante, proporcionando um desempenho ac\u00fastico mais puro e natural.<\/p>\n<p><strong>Um meio-termo extra<\/strong><br \/>\nA S\u00e9rie Q evolu\u00edda foi atualizada de um design de alto-falante de 2,5 vias para um de 3 vias4. Esta configura\u00e7\u00e3o atualizada separa as faixas de frequ\u00eancia, com o driver Uni-Q lidando com as frequ\u00eancias altas e m\u00e9dias, e um driver de graves rec\u00e9m-projetado dedicado ao gerenciamento de baixas frequ\u00eancias. A otimiza\u00e7\u00e3o dos drivers para suas respectivas frequ\u00eancias bandas permite que o 12\u00ba driver Uni-Q tenha um desempenho ainda melhor. Ao minimizar o movimento do cone de frequ\u00eancia m\u00e9dia, o tweeter pode transmitir o som de alta frequ\u00eancia sobre uma superf\u00edcie mais suave e est\u00e1vel. Essa redu\u00e7\u00e3o no movimento leva a uma distor\u00e7\u00e3o reduzida nas frequ\u00eancias m\u00e9dias mais baixas, resultando em uma melhoria significativa nos detalhes e na clareza.<\/p>\n<p><strong>Graves profundos e limpos<\/strong><br \/>\nA S\u00e9rie Q apresenta um novo design de driver de graves4 \u2013 uma estrutura h\u00edbrida com uma camada de alum\u00ednio rasa e c\u00f4ncava sobre um cone de papel \u2013 que proporciona rigidez para alcan\u00e7ar um movimento semelhante a um pist\u00e3o, proporcionando melhor impacto e velocidade nos graves. Combinado com uma geometria surround otimizada por FEA 3D, isso melhora significativamente a linearidade em excurs\u00f5es mais altas. Isso resulta em um gerenciamento de graves preciso e \u00e1gil, mesmo em alta sa\u00edda. Al\u00e9m disso, a porta alargada, modelada com din\u00e2mica de fluidos computacional, minimiza a turbul\u00eancia e reduz o ru\u00eddo de chiado. Isso permite que os alto-falantes com porta produzam graves mais limpos e Mais controlado.<\/p>\n<p><strong>Crossover refinado a partir de 1000 medi\u00e7\u00f5es<\/strong><br \/>\nUm componente cr\u00edtico da S\u00e9rie Q \u00e9 o crossover refinado, que garante a integra\u00e7\u00e3o perfeita de todos os componentes do alto-falante. Para isso, nossos engenheiros realizam mais de 1.000 medi\u00e7\u00f5es espec\u00edficas para cada modelo de alto-falante, usando um conjunto de microfones de refer\u00eancia personalizado em nossa c\u00e2mara anecoica em Maidstone, Reino Unido. Essas extensas medi\u00e7\u00f5es dentro e fora do eixo permitem que nossa equipe entenda completamente as intera\u00e7\u00f5es ac\u00fasticas de cada modelo, possibilitando um design de crossover preciso por meio de simula\u00e7\u00e3o e prototipagem avan\u00e7adas. Esse processo meticuloso se baseia no desenvolvimento do LS50 Meta e foi aprimorado ainda mais com a cria\u00e7\u00e3o das mais recentes Blade, The Reference e S\u00e9rie R, permitindo que cada modelo de alto-falante tenha uma otimiza\u00e7\u00e3o precisa do caminho do sinal e o melhor desempenho poss\u00edvel.<\/p>\n<p>&nbsp;<\/p>\n<p><a href=\"https:\/\/www.hifinews.com\/content\/kef-q11-meta-floorstanding-loudspeaker\" target=\"_blank\" rel=\"noopener\"><img loading=\"lazy\" decoding=\"async\" class=\"alignnone wp-image-7519\" src=\"https:\/\/hificlub.com.br\/loja\/wp-content\/uploads\/2024\/01\/hifinews-outstanding-product-award-2015_1.jpg\" alt=\"\" width=\"200\" height=\"200\" srcset=\"https:\/\/hificlub.com.br\/loja\/wp-content\/uploads\/2024\/01\/hifinews-outstanding-product-award-2015_1.jpg 110w, https:\/\/hificlub.com.br\/loja\/wp-content\/uploads\/2024\/01\/hifinews-outstanding-product-award-2015_1-100x100.jpg 100w\" sizes=\"auto, (max-width: 200px) 100vw, 200px\" \/>\u00a0\u00a0\u00a0\u00a0 <\/a><a href=\"https:\/\/pmamagazine.org\/kef-introduces-the-new-successor-to-the-award-winning-q-series-the-q-series-with-mat\/\" target=\"_blank\" rel=\"noopener\"><img loading=\"lazy\" decoding=\"async\" class=\"alignnone wp-image-23097\" src=\"https:\/\/hificlub.com.br\/loja\/wp-content\/uploads\/2025\/06\/PMA-magazine-award.jpg\" alt=\"\" width=\"281\" height=\"171\" \/>\u00a0\u00a0\u00a0\u00a0 <\/a><a href=\"https:\/\/7review.com\/kef-q11-meta-review\/\" target=\"_blank\" rel=\"noopener\"><img loading=\"lazy\" decoding=\"async\" class=\"alignnone wp-image-23104\" src=\"https:\/\/hificlub.com.br\/loja\/wp-content\/uploads\/2025\/06\/7-review-award.jpg\" alt=\"\" width=\"300\" height=\"96\" \/><\/a><\/p>\n","protected":false},"excerpt":{"rendered":"<p>Sucessoras da nossa renomada e premiada linha de alto-falantes HiFi, a S\u00e9rie Q evoluiu mais uma vez em sua 9\u00aa itera\u00e7\u00e3o desde 1991. Agora incorporando a revolucion\u00e1ria Tecnologia de Absor\u00e7\u00e3o de Metamateriais (MAT\u2122) e um conjunto de tecnologias ac\u00fasticas inovadoras derivadas de nossos alto-falantes HiFi emblem\u00e1ticos, o som de alta fidelidade est\u00e1 mais acess\u00edvel do [&hellip;]<\/p>\n","protected":false},"featured_media":23099,"template":"","meta":{"_acf_changed":false},"product_brand":[],"product_cat":[17,56,18],"product_tag":[],"class_list":{"0":"post-23096","1":"product","2":"type-product","3":"status-publish","4":"has-post-thumbnail","6":"product_cat-caixas","7":"product_cat-kef","8":"product_cat-torres","10":"first","11":"instock","12":"sold-individually","13":"shipping-taxable","14":"purchasable","15":"product-type-simple"},"acf":[],"aioseo_notices":[],"_links":{"self":[{"href":"https:\/\/hificlub.com.br\/loja\/wp-json\/wp\/v2\/product\/23096","targetHints":{"allow":["GET"]}}],"collection":[{"href":"https:\/\/hificlub.com.br\/loja\/wp-json\/wp\/v2\/product"}],"about":[{"href":"https:\/\/hificlub.com.br\/loja\/wp-json\/wp\/v2\/types\/product"}],"wp:featuredmedia":[{"embeddable":true,"href":"https:\/\/hificlub.com.br\/loja\/wp-json\/wp\/v2\/media\/23099"}],"wp:attachment":[{"href":"https:\/\/hificlub.com.br\/loja\/wp-json\/wp\/v2\/media?parent=23096"}],"wp:term":[{"taxonomy":"product_brand","embeddable":true,"href":"https:\/\/hificlub.com.br\/loja\/wp-json\/wp\/v2\/product_brand?post=23096"},{"taxonomy":"product_cat","embeddable":true,"href":"https:\/\/hificlub.com.br\/loja\/wp-json\/wp\/v2\/product_cat?post=23096"},{"taxonomy":"product_tag","embeddable":true,"href":"https:\/\/hificlub.com.br\/loja\/wp-json\/wp\/v2\/product_tag?post=23096"}],"curies":[{"name":"wp","href":"https:\/\/api.w.org\/{rel}","templated":true}]}}