{"id":23072,"date":"2025-06-16T10:23:29","date_gmt":"2025-06-16T13:23:29","guid":{"rendered":"https:\/\/hificlub.com.br\/loja\/?post_type=product&#038;p=23072"},"modified":"2026-03-03T22:17:45","modified_gmt":"2026-03-04T01:17:45","slug":"kef-q-concerto-meta-caixa-bookshelf","status":"publish","type":"product","link":"https:\/\/hificlub.com.br\/loja\/produto\/kef-q-concerto-meta-caixa-bookshelf\/","title":{"rendered":"KEF Q CONCERTO META &#8211; Caixa Bookshelf"},"content":{"rendered":"<p><strong>A resposta est\u00e1 sempre na Q &#8211; A nova S\u00e9rie Q com MAT\u2122 sempre tem a solu\u00e7\u00e3o sonora certa para voc\u00ea<\/strong><br \/>\nEquipada com a tecnologia inovadora de nossas linhas premium, a S\u00e9rie Q agora conta com a Tecnologia de Absor\u00e7\u00e3o de Metamateriais (MAT\u2122) e o conjunto de drivers Uni-Q de 12\u00aa gera\u00e7\u00e3o. Isso garante uma qualidade de som excepcional, tornando-a a escolha ideal para sistemas est\u00e9reo e de home theater.<br \/>\nA linha completa atende a qualquer tamanho de ambiente, or\u00e7amento ou aplica\u00e7\u00e3o, com modelos que incluem caixas de som de ch\u00e3o, de estante, de canal central e de parede HiFi. Com a versatilidade de mixar e combinar perfeitamente, a S\u00e9rie Q se adapta \u00e0s necessidades de \u00e1udio em constante evolu\u00e7\u00e3o. Grades com cores correspondentes est\u00e3o inclu\u00eddas nas caixas de som.<\/p>\n<p><strong>Tecnologia de Absor\u00e7\u00e3o de Metamateriais (MAT\u2122)<\/strong><br \/>\nO avan\u00e7o crucial na S\u00e9rie Q \u00e9 a integra\u00e7\u00e3o da Tecnologia de Absor\u00e7\u00e3o de Metamateriais (MAT\u2122). MAT \u00e9 uma estrutura labir\u00edntica altamente complexa que absorve 99% do ru\u00eddo indesejado da parte traseira do driver, eliminando a distor\u00e7\u00e3o resultante e proporcionando um som mais puro e natural.<\/p>\n<p><strong>Caixa de som de estante de 3 vias<\/strong><br \/>\nA caixa de som Q Concerto Meta HiFi \u00e9 a maior da nossa cole\u00e7\u00e3o de caixas de som de estante da S\u00e9rie Q. Homenageando a Concerto original de 1969, nossa primeira caixa de som de 3 vias para montagem em pedestal, esta vers\u00e3o modernizada oferece qualidade de \u00e1udio profissional de ponta. Gra\u00e7as ao seu design de 3 vias e \u00e0 Tecnologia de Absor\u00e7\u00e3o de Metamateriais (MAT\u2122), esta caixa de som com fio certamente proporcionar\u00e1 um desempenho de alta fidelidade.<\/p>\n<p><strong>Veja como fica na sua casa<\/strong><br \/>\nN\u00e3o sabe qual caixa de som escolher? Experimente nossa fun\u00e7\u00e3o de Realidade Aumentada para conferir como a S\u00e9rie Q fica na sua casa.<\/p>\n<p><a href=\"https:\/\/www.whathifi.com\/reviews\/kef-q-concerto-meta\" target=\"_blank\" rel=\"noopener\"><img loading=\"lazy\" decoding=\"async\" class=\"alignnone wp-image-22882 size-full\" src=\"https:\/\/hificlub.com.br\/loja\/wp-content\/uploads\/2025\/06\/what-hifi-awards.png\" alt=\"\" width=\"316\" height=\"160\" srcset=\"https:\/\/hificlub.com.br\/loja\/wp-content\/uploads\/2025\/06\/what-hifi-awards.png 316w, https:\/\/hificlub.com.br\/loja\/wp-content\/uploads\/2025\/06\/what-hifi-awards-300x152.png 300w\" sizes=\"auto, (max-width: 316px) 100vw, 316px\" \/><\/a><\/p>\n","protected":false},"excerpt":{"rendered":"<p>A resposta est\u00e1 sempre na Q &#8211; A nova S\u00e9rie Q com MAT\u2122 sempre tem a solu\u00e7\u00e3o sonora certa para voc\u00ea Equipada com a tecnologia inovadora de nossas linhas premium, a S\u00e9rie Q agora conta com a Tecnologia de Absor\u00e7\u00e3o de Metamateriais (MAT\u2122) e o conjunto de drivers Uni-Q de 12\u00aa gera\u00e7\u00e3o. Isso garante uma [&hellip;]<\/p>\n","protected":false},"featured_media":23073,"template":"","meta":{"_acf_changed":false},"product_brand":[],"product_cat":[25,17,56],"product_tag":[],"class_list":{"0":"post-23072","1":"product","2":"type-product","3":"status-publish","4":"has-post-thumbnail","6":"product_cat-bookshelf","7":"product_cat-caixas","8":"product_cat-kef","10":"first","11":"instock","12":"sold-individually","13":"shipping-taxable","14":"purchasable","15":"product-type-simple"},"acf":[],"aioseo_notices":[],"_links":{"self":[{"href":"https:\/\/hificlub.com.br\/loja\/wp-json\/wp\/v2\/product\/23072","targetHints":{"allow":["GET"]}}],"collection":[{"href":"https:\/\/hificlub.com.br\/loja\/wp-json\/wp\/v2\/product"}],"about":[{"href":"https:\/\/hificlub.com.br\/loja\/wp-json\/wp\/v2\/types\/product"}],"wp:featuredmedia":[{"embeddable":true,"href":"https:\/\/hificlub.com.br\/loja\/wp-json\/wp\/v2\/media\/23073"}],"wp:attachment":[{"href":"https:\/\/hificlub.com.br\/loja\/wp-json\/wp\/v2\/media?parent=23072"}],"wp:term":[{"taxonomy":"product_brand","embeddable":true,"href":"https:\/\/hificlub.com.br\/loja\/wp-json\/wp\/v2\/product_brand?post=23072"},{"taxonomy":"product_cat","embeddable":true,"href":"https:\/\/hificlub.com.br\/loja\/wp-json\/wp\/v2\/product_cat?post=23072"},{"taxonomy":"product_tag","embeddable":true,"href":"https:\/\/hificlub.com.br\/loja\/wp-json\/wp\/v2\/product_tag?post=23072"}],"curies":[{"name":"wp","href":"https:\/\/api.w.org\/{rel}","templated":true}]}}