{"id":23058,"date":"2025-06-15T12:53:24","date_gmt":"2025-06-15T15:53:24","guid":{"rendered":"https:\/\/hificlub.com.br\/loja\/?post_type=product&#038;p=23058"},"modified":"2026-03-03T22:17:45","modified_gmt":"2026-03-04T01:17:45","slug":"tangent-cd-ii-hi-fi-cd-player","status":"publish","type":"product","link":"https:\/\/hificlub.com.br\/loja\/produto\/tangent-cd-ii-hi-fi-cd-player\/","title":{"rendered":"TANGENT CD II &#8211; Hi-Fi CD Player"},"content":{"rendered":"<p>Leitor de CD compacto da popular s\u00e9rie de eletr\u00f4nicos. Compartilha o controle remoto com o Tangent Ampster BT II e o Tuner II.<\/p>\n<p><strong>\u00c9 hora de curtir sua cole\u00e7\u00e3o de CDs novamente<\/strong><br \/>\nComo parte do novo mini-system da Tangent, o CD II desempenha um papel fundamental quando conectado aos novos Ampster II e Tuner II. Gra\u00e7as ao seu tamanho compacto e compacto, agora voc\u00ea poder\u00e1 reproduzir sua cole\u00e7\u00e3o de CDs em um player que economiza espa\u00e7o e oferece tecnologia de ponta. O CD II \u00e9 um player de discos digitais multiformato compat\u00edvel com todos os formatos de CD atuais (incluindo arquivos MP3 caseiros)&#8230; e com sa\u00eddas \u00f3pticas digitais e de linha regular, o CD II foi projetado para proporcionar conectividade sem perdas com qualquer sistema HI-FI independente.<\/p>\n<p><strong>Som de CD de alta qualidade em um mini player<\/strong><br \/>\nO novo CD II se encaixa perfeitamente no novo mini system da Tangent. Combinando o Tangent Ampster BT II e o Tuner II, voc\u00ea pode desfrutar de um sistema HI-FI completo e compacto com qualidade de \u00e1udio e desempenho premium. Cada CD II, Ampster BT II e Tuner II tem menos que a largura de uma folha A4 e apenas 7 cm de altura, o que faz com que o sistema tenha apenas 21 cm de altura quando empilhado! Assim, o tamanho compacto de cada componente ocupa menos espa\u00e7o na sala de estar, na cozinha ou em qualquer lugar onde voc\u00ea curta sua m\u00fasica.<\/p>\n<p><strong>Um controle remoto para todos<\/strong><br \/>\nO controle remoto do CD II tamb\u00e9m opera o Ampster BT II e o Tuner II, portanto, quando os tr\u00eas componentes s\u00e3o empilhados ou colocados separadamente, cada controle remoto pode ser usado para operar todos os componentes. Ou voc\u00ea pode optar por usar apenas um controle remoto e guardar os outros dois!<\/p>\n<p><strong>Caracter\u00edsticas<\/strong><br \/>\nSa\u00edda digital \u00f3ptica<\/p>\n<p>Sa\u00edda RCA anal\u00f3gica<\/p>\n<p>Design compacto<\/p>\n<p>Fonte de alimenta\u00e7\u00e3o integrada<\/p>\n<p>&nbsp;<\/p>\n<p><a href=\"https:\/\/www.avoketrade.co.uk\/our-brands\/tangent-audio\/\" target=\"_blank\" rel=\"noopener\"><img loading=\"lazy\" decoding=\"async\" class=\"alignnone wp-image-23066 size-full\" src=\"https:\/\/hificlub.com.br\/loja\/wp-content\/uploads\/2025\/06\/Avoke-award.jpg\" alt=\"\" width=\"217\" height=\"70\" \/><\/a><\/p>\n","protected":false},"excerpt":{"rendered":"<p>Leitor de CD compacto da popular s\u00e9rie de eletr\u00f4nicos. Compartilha o controle remoto com o Tangent Ampster BT II e o Tuner II. \u00c9 hora de curtir sua cole\u00e7\u00e3o de CDs novamente Como parte do novo mini-system da Tangent, o CD II desempenha um papel fundamental quando conectado aos novos Ampster II e Tuner II. [&hellip;]<\/p>\n","protected":false},"featured_media":23059,"template":"","meta":{"_acf_changed":false},"product_brand":[],"product_cat":[42,41,299],"product_tag":[],"class_list":{"0":"post-23058","1":"product","2":"type-product","3":"status-publish","4":"has-post-thumbnail","6":"product_cat-cd-players","7":"product_cat-digital","8":"product_cat-tangent","10":"first","11":"instock","12":"sold-individually","13":"shipping-taxable","14":"purchasable","15":"product-type-simple"},"acf":[],"aioseo_notices":[],"_links":{"self":[{"href":"https:\/\/hificlub.com.br\/loja\/wp-json\/wp\/v2\/product\/23058","targetHints":{"allow":["GET"]}}],"collection":[{"href":"https:\/\/hificlub.com.br\/loja\/wp-json\/wp\/v2\/product"}],"about":[{"href":"https:\/\/hificlub.com.br\/loja\/wp-json\/wp\/v2\/types\/product"}],"wp:featuredmedia":[{"embeddable":true,"href":"https:\/\/hificlub.com.br\/loja\/wp-json\/wp\/v2\/media\/23059"}],"wp:attachment":[{"href":"https:\/\/hificlub.com.br\/loja\/wp-json\/wp\/v2\/media?parent=23058"}],"wp:term":[{"taxonomy":"product_brand","embeddable":true,"href":"https:\/\/hificlub.com.br\/loja\/wp-json\/wp\/v2\/product_brand?post=23058"},{"taxonomy":"product_cat","embeddable":true,"href":"https:\/\/hificlub.com.br\/loja\/wp-json\/wp\/v2\/product_cat?post=23058"},{"taxonomy":"product_tag","embeddable":true,"href":"https:\/\/hificlub.com.br\/loja\/wp-json\/wp\/v2\/product_tag?post=23058"}],"curies":[{"name":"wp","href":"https:\/\/api.w.org\/{rel}","templated":true}]}}