{"id":23048,"date":"2025-06-15T12:34:37","date_gmt":"2025-06-15T15:34:37","guid":{"rendered":"https:\/\/hificlub.com.br\/loja\/?post_type=product&#038;p=23048"},"modified":"2026-03-03T22:17:46","modified_gmt":"2026-03-04T01:17:46","slug":"tangent-ampster-bt-ii-amplificador-hi-fi-com-bluetooth","status":"publish","type":"product","link":"https:\/\/hificlub.com.br\/loja\/produto\/tangent-ampster-bt-ii-amplificador-hi-fi-com-bluetooth\/","title":{"rendered":"TANGENT AMPSTER BT II &#8211; Amplificador Integrado com Bluetooth 50 watts"},"content":{"rendered":"<p><strong>Um \u00f3timo som precisa de um \u00f3timo amplificador<\/strong><br \/>\nA segunda gera\u00e7\u00e3o do premiado amplificador Ampster BT II da Tangent \u00e9 um amplificador pequeno e pr\u00e1tico, com uma riqueza de recursos para diversas aplica\u00e7\u00f5es residenciais e comerciais. Ao combinar seu amplificador Tangent Ampster BT II com alto-falantes de alta qualidade, como o Tangent Spectrum X4 ou X5s, o resultado \u00e9 uma reprodu\u00e7\u00e3o de \u00e1udio impressionante e ideal para o tamanho e o pre\u00e7o do sistema.<\/p>\n<p><strong>Conecte com ou sem fio<\/strong><br \/>\nVoc\u00ea pode transmitir suas m\u00fasicas do seu smartphone, tablet ou computador diretamente para o amplificador Ampster BT II sem fio via Bluetooth ou conectando seu dispositivo com um cabo AUX. Entradas de linha digitais e anal\u00f3gicas, uma subsa\u00edda e uma porta de carregamento USB tamb\u00e9m est\u00e3o dispon\u00edveis.<\/p>\n<p><strong>Acorde com Bluetooth e compat\u00edvel com v\u00e1rios ambientes<\/strong><br \/>\nCom a segunda gera\u00e7\u00e3o do BT II, \u200b\u200bvoc\u00ea n\u00e3o precisa mais se preocupar em desligar o amplificador. Ele entra em modo de espera quando a m\u00fasica para durante a reprodu\u00e7\u00e3o via Bluetooth e desperta automaticamente quando voc\u00ea retoma a reprodu\u00e7\u00e3o. Al\u00e9m disso, o Ampster BT II pode ser ativado a partir do modo de espera a partir da entrada minijack AUX, o que permite conectar a maioria dos sistemas multiroom ou de rede. Por exemplo, adicione um Chromecast Audio, AirPort Express ou outros dispositivos Wi-Fi \u00e0 entrada AUX e o Tangent Ampster BT II ligar\u00e1 assim que voc\u00ea come\u00e7ar a reproduzir pela rede. Observe que o Ampster precisa entrar em modo de espera automaticamente enquanto estiver configurado na fonte escolhida para usar a fun\u00e7\u00e3o de ativa\u00e7\u00e3o. Se desligado manualmente, o Bluetooth ou o AUX n\u00e3o estar\u00e3o ativos.<\/p>\n<p><strong>Um mini amplificador com um som potente<\/strong><br \/>\nO novo Tangent Ampster BT II se encaixa perfeitamente no novo mini system da Tangent. Combinando o Tangent Tuner II e o CD II, voc\u00ea pode desfrutar de um sistema HI-FI completo e compacto com qualidade de \u00e1udio e desempenho premium. Cada Ampster BT II, \u200b\u200bTuner II e CD II tem menos que a largura de uma folha A4 e apenas 7 cm de altura, o que faz com que o sistema tenha apenas 21 cm de altura quando empilhado! Assim, o tamanho compacto de cada componente ocupa menos espa\u00e7o na sala de estar, na cozinha ou em qualquer lugar onde voc\u00ea curta sua m\u00fasica.<\/p>\n<p><strong>Um controle remoto para todos<\/strong><br \/>\nO controle remoto do Tangent Ampster BT II tamb\u00e9m opera o Tuner II e o CD II, portanto, quando os tr\u00eas componentes s\u00e3o empilhados ou colocados separadamente, cada controle remoto pode ser usado para operar todos os componentes. Ou voc\u00ea pode optar por usar apenas um controle remoto e guardar os outros dois! Outro recurso \u00fatil desta segunda gera\u00e7\u00e3o do Ampster BT \u00e9 uma entrada infravermelha. Isso permite que voc\u00ea coloque o Tangent Ampster BT II onde n\u00e3o seja poss\u00edvel operar com seu controle remoto. Basta posicionar o olho infravermelho fornecido em algum lugar ao alcance do controle remoto e conectar o cabo \u00e0 entrada infravermelha externa no painel traseiro.<\/p>\n<p>&nbsp;<\/p>\n<p><a href=\"https:\/\/www.hifichoice.com\/content\/tangent-ampster-bt-ii\" target=\"_blank\" rel=\"noopener\"><img loading=\"lazy\" decoding=\"async\" class=\"alignnone wp-image-23068 size-full\" src=\"https:\/\/hificlub.com.br\/loja\/wp-content\/uploads\/2025\/06\/Hifi-Choice-award.jpg\" alt=\"\" width=\"353\" height=\"75\" srcset=\"https:\/\/hificlub.com.br\/loja\/wp-content\/uploads\/2025\/06\/Hifi-Choice-award.jpg 353w, https:\/\/hificlub.com.br\/loja\/wp-content\/uploads\/2025\/06\/Hifi-Choice-award-300x64.jpg 300w\" sizes=\"auto, (max-width: 353px) 100vw, 353px\" \/><\/a><\/p>\n","protected":false},"excerpt":{"rendered":"<p>Um \u00f3timo som precisa de um \u00f3timo amplificador A segunda gera\u00e7\u00e3o do premiado amplificador Ampster BT II da Tangent \u00e9 um amplificador pequeno e pr\u00e1tico, com uma riqueza de recursos para diversas aplica\u00e7\u00f5es residenciais e comerciais. Ao combinar seu amplificador Tangent Ampster BT II com alto-falantes de alta qualidade, como o Tangent Spectrum X4 ou [&hellip;]<\/p>\n","protected":false},"featured_media":23051,"template":"","meta":{"_acf_changed":false},"product_brand":[],"product_cat":[27,51,299],"product_tag":[],"class_list":{"0":"post-23048","1":"product","2":"type-product","3":"status-publish","4":"has-post-thumbnail","6":"product_cat-amplificador","7":"product_cat-integrado","8":"product_cat-tangent","10":"first","11":"instock","12":"sold-individually","13":"shipping-taxable","14":"purchasable","15":"product-type-simple"},"acf":[],"aioseo_notices":[],"_links":{"self":[{"href":"https:\/\/hificlub.com.br\/loja\/wp-json\/wp\/v2\/product\/23048","targetHints":{"allow":["GET"]}}],"collection":[{"href":"https:\/\/hificlub.com.br\/loja\/wp-json\/wp\/v2\/product"}],"about":[{"href":"https:\/\/hificlub.com.br\/loja\/wp-json\/wp\/v2\/types\/product"}],"wp:featuredmedia":[{"embeddable":true,"href":"https:\/\/hificlub.com.br\/loja\/wp-json\/wp\/v2\/media\/23051"}],"wp:attachment":[{"href":"https:\/\/hificlub.com.br\/loja\/wp-json\/wp\/v2\/media?parent=23048"}],"wp:term":[{"taxonomy":"product_brand","embeddable":true,"href":"https:\/\/hificlub.com.br\/loja\/wp-json\/wp\/v2\/product_brand?post=23048"},{"taxonomy":"product_cat","embeddable":true,"href":"https:\/\/hificlub.com.br\/loja\/wp-json\/wp\/v2\/product_cat?post=23048"},{"taxonomy":"product_tag","embeddable":true,"href":"https:\/\/hificlub.com.br\/loja\/wp-json\/wp\/v2\/product_tag?post=23048"}],"curies":[{"name":"wp","href":"https:\/\/api.w.org\/{rel}","templated":true}]}}