{"id":23000,"date":"2025-06-13T11:19:50","date_gmt":"2025-06-13T14:19:50","guid":{"rendered":"https:\/\/hificlub.com.br\/loja\/?post_type=product&#038;p=23000"},"modified":"2026-03-03T22:17:46","modified_gmt":"2026-03-04T01:17:46","slug":"kef-ls60-wireless-caixa-torre","status":"publish","type":"product","link":"https:\/\/hificlub.com.br\/loja\/produto\/kef-ls60-wireless-caixa-torre\/","title":{"rendered":"KEF LS60 Wireless Caixa Torre"},"content":{"rendered":"<p>Tudo o que voc\u00ea precisa, em um s\u00f3 lugar: o LS60 Wireless agora est\u00e1 oficialmente pronto para o room.<\/p>\n<p><strong>Apresentando a experi\u00eancia de alta fidelidade mais vibrante at\u00e9 agora<\/strong><br \/>\nVoc\u00ea se sentir\u00e1 dentro do jogo, do filme, da m\u00fasica. Refinando o que a experi\u00eancia imersiva realmente significa, o LS60 Wireless oferece som de alta fidelidade verdadeiramente realista para entretenimento dom\u00e9stico. Seu design fino e plug-and-play, equipado com a tecnologia-chave da KEF, oferece o pacote completo: al\u00e9m de ter uma apar\u00eancia t\u00e3o boa quanto seu desempenho, ele tamb\u00e9m oferece amplas op\u00e7\u00f5es de conectividade. Uma experi\u00eancia transportadora, impulsionada por uma engenharia inigual\u00e1vel.<\/p>\n<p><strong>Conectividade<\/strong><br \/>\nReproduza qualquer coisa. Ou\u00e7a tudo.<br \/>\nO LS60 Wireless oferece streaming robusto e de alta qualidade em qualquer formato que voc\u00ea possa imaginar, gra\u00e7as \u00e0 mesma plataforma sem fio W2 l\u00edder da categoria que a KEF introduziu no premiado LS50 Wireless II. N\u00e3o importa qual servi\u00e7o de m\u00fasica, podcast, r\u00e1dio online ou fonte com fio, o LS60 Wireless oferece um desempenho incompar\u00e1vel.<\/p>\n<p><strong>Usabilidade<\/strong><br \/>\nControle sem esfor\u00e7o<br \/>\nO LS60 Wireless \u00e9 equipado com a plataforma sem fio W2, com recursos centrados no usu\u00e1rio, prontos desde o in\u00edcio, desde a integra\u00e7\u00e3o intuitiva at\u00e9 a personaliza\u00e7\u00e3o da sua experi\u00eancia auditiva por meio do aplicativo KEF Connect.<\/p>\n<p><strong>Com ou sem fio<\/strong><br \/>\nO LS60 Wireless oferece a op\u00e7\u00e3o de conectividade sem fio entre alto-falantes ou com fio para maximizar o desempenho. Voc\u00ea pode usar a conex\u00e3o sem fio inteligente de baixa lat\u00eancia entre alto-falantes para uma audi\u00e7\u00e3o excepcionalmente confi\u00e1vel sem fio de at\u00e9 24 bits\/96 kHz ou a conex\u00e3o com fio com resolu\u00e7\u00e3o de at\u00e9 24 bits\/192 kHz.<\/p>\n<p><strong>Desempenho<\/strong><br \/>\n60 anos de inova\u00e7\u00e3o ac\u00fastica. Obcecada por qualidade sonora e comprometida em proporcionar uma experi\u00eancia auditiva superior, a KEF \u00e9 pioneira em engenharia ac\u00fastica inovadora desde 1961. Combinando todas as principais tecnologias da KEF, o LS60 Wireless oferece desempenho ac\u00fastico superlativo.<\/p>\n<p>&nbsp;<\/p>\n<p><a href=\"https:\/\/www-whathifi-com.translate.goog\/reviews\/kef-ls60-wireless?_x_tr_sl=en&amp;_x_tr_tl=pt&amp;_x_tr_hl=pt&amp;_x_tr_pto=tc\" target=\"_blank\" rel=\"noopener\">\u00a0<\/a><a href=\"https:\/\/www-whathifi-com.translate.goog\/reviews\/kef-ls60-wireless?_x_tr_sl=en&amp;_x_tr_tl=pt&amp;_x_tr_hl=pt&amp;_x_tr_pto=tc\" target=\"_blank\" rel=\"noopener\"><img loading=\"lazy\" decoding=\"async\" class=\"alignnone wp-image-22882\" src=\"https:\/\/hificlub.com.br\/loja\/wp-content\/uploads\/2025\/06\/what-hifi-awards-300x152.png\" alt=\"\" width=\"251\" height=\"127\" srcset=\"https:\/\/hificlub.com.br\/loja\/wp-content\/uploads\/2025\/06\/what-hifi-awards-300x152.png 300w, https:\/\/hificlub.com.br\/loja\/wp-content\/uploads\/2025\/06\/what-hifi-awards.png 316w\" sizes=\"auto, (max-width: 251px) 100vw, 251px\" \/><\/a> <a href=\"https:\/\/www.stereophile.com\/content\/kef-ls60-wireless-loudspeaker-specifications\" target=\"_blank\" rel=\"noopener\"> \u00a0 \u00a0 <\/a><a href=\"https:\/\/www.stereophile.com\/content\/kef-ls60-wireless-loudspeaker-specifications\" target=\"_blank\" rel=\"noopener\"><img loading=\"lazy\" decoding=\"async\" class=\"alignnone wp-image-22926 size-medium\" src=\"https:\/\/hificlub.com.br\/loja\/wp-content\/uploads\/2025\/06\/Stereophile-award-300x51.jpg\" alt=\"\" width=\"300\" height=\"51\" \/><\/a><a href=\"https:\/\/audionostalgia-co-uk.translate.goog\/kef-ls60-wireless-review\/?_x_tr_sl=en&amp;_x_tr_tl=pt&amp;_x_tr_hl=pt&amp;_x_tr_pto=tc\" target=\"_blank\" rel=\"noopener\">\u00a0\u00a0\u00a0\u00a0 <\/a><a href=\"https:\/\/audionostalgia-co-uk.translate.goog\/kef-ls60-wireless-review\/?_x_tr_sl=en&amp;_x_tr_tl=pt&amp;_x_tr_hl=pt&amp;_x_tr_pto=tc\" target=\"_blank\" rel=\"noopener\"><img loading=\"lazy\" decoding=\"async\" class=\"alignnone wp-image-23001\" src=\"https:\/\/hificlub.com.br\/loja\/wp-content\/uploads\/2025\/06\/Audio-nostalgia-award.jpg\" alt=\"\" width=\"200\" height=\"97\" \/> \u00a0 \u00a0 <\/a><a href=\"https:\/\/www-soundstagesimplifi-com.translate.goog\/index.php\/equipment-reviews\/209-kef-ls60-wireless-active-speaker-system?_x_tr_sl=en&amp;_x_tr_tl=pt&amp;_x_tr_hl=pt&amp;_x_tr_pto=tc\" target=\"_blank\" rel=\"noopener\"><img loading=\"lazy\" decoding=\"async\" class=\"alignnone wp-image-23002 size-medium\" src=\"https:\/\/hificlub.com.br\/loja\/wp-content\/uploads\/2025\/06\/Simplifi-sound-stage-award-300x102.jpg\" alt=\"\" width=\"300\" height=\"102\" srcset=\"https:\/\/hificlub.com.br\/loja\/wp-content\/uploads\/2025\/06\/Simplifi-sound-stage-award-300x102.jpg 300w, https:\/\/hificlub.com.br\/loja\/wp-content\/uploads\/2025\/06\/Simplifi-sound-stage-award.jpg 331w\" sizes=\"auto, (max-width: 300px) 100vw, 300px\" \/><\/a><\/p>\n","protected":false},"excerpt":{"rendered":"<p>Tudo o que voc\u00ea precisa, em um s\u00f3 lugar: o LS60 Wireless agora est\u00e1 oficialmente pronto para o room. Apresentando a experi\u00eancia de alta fidelidade mais vibrante at\u00e9 agora Voc\u00ea se sentir\u00e1 dentro do jogo, do filme, da m\u00fasica. Refinando o que a experi\u00eancia imersiva realmente significa, o LS60 Wireless oferece som de alta fidelidade [&hellip;]<\/p>\n","protected":false},"featured_media":23010,"template":"","meta":{"_acf_changed":false},"product_brand":[],"product_cat":[17,56,18],"product_tag":[],"class_list":{"0":"post-23000","1":"product","2":"type-product","3":"status-publish","4":"has-post-thumbnail","6":"product_cat-caixas","7":"product_cat-kef","8":"product_cat-torres","10":"first","11":"instock","12":"sold-individually","13":"shipping-taxable","14":"purchasable","15":"product-type-simple"},"acf":[],"aioseo_notices":[],"_links":{"self":[{"href":"https:\/\/hificlub.com.br\/loja\/wp-json\/wp\/v2\/product\/23000","targetHints":{"allow":["GET"]}}],"collection":[{"href":"https:\/\/hificlub.com.br\/loja\/wp-json\/wp\/v2\/product"}],"about":[{"href":"https:\/\/hificlub.com.br\/loja\/wp-json\/wp\/v2\/types\/product"}],"wp:featuredmedia":[{"embeddable":true,"href":"https:\/\/hificlub.com.br\/loja\/wp-json\/wp\/v2\/media\/23010"}],"wp:attachment":[{"href":"https:\/\/hificlub.com.br\/loja\/wp-json\/wp\/v2\/media?parent=23000"}],"wp:term":[{"taxonomy":"product_brand","embeddable":true,"href":"https:\/\/hificlub.com.br\/loja\/wp-json\/wp\/v2\/product_brand?post=23000"},{"taxonomy":"product_cat","embeddable":true,"href":"https:\/\/hificlub.com.br\/loja\/wp-json\/wp\/v2\/product_cat?post=23000"},{"taxonomy":"product_tag","embeddable":true,"href":"https:\/\/hificlub.com.br\/loja\/wp-json\/wp\/v2\/product_tag?post=23000"}],"curies":[{"name":"wp","href":"https:\/\/api.w.org\/{rel}","templated":true}]}}